{"id":5934,"date":"2023-06-24T12:30:09","date_gmt":"2023-06-24T10:30:09","guid":{"rendered":"https:\/\/antcube.shop\/product\/antcube-terra-nidum-20x20-l-beige\/"},"modified":"2026-04-09T19:27:18","modified_gmt":"2026-04-09T17:27:18","slug":"antcube-terra-nidum-20x20-l-beige","status":"publish","type":"product","link":"https:\/\/antcube.shop\/da\/vare\/antcube-terra-nidum-20x20-l-beige\/","title":{"rendered":"ANTCUBE - Digfix Terra nidum 20\u00d720 - L - beige"},"content":{"rendered":"<p><strong>Dimensioner:<\/strong> 183x160x20 mm<\/p>\n<p><strong>Materiale:<\/strong> graveligt materiale p\u00e5 harpiksbasis.<\/p>\n<p><strong>Beskrivelse:<\/strong> Terra nidum-pladen (lat. earth nest) er lavet af gravevenligt materiale og passer perfekt til vores ANTCUBE-myretuer. Den kan bruges b\u00e5de t\u00f8rt og v\u00e5dt. Den er ogs\u00e5 velegnet til mange myrearter, is\u00e6r dem, der bygger rede i sand og i (d\u00f8dt) tr\u00e6. Den kan bruges i stedet for sand-lam-blandinger eller redeindsatser af kork. Fordelen ved denne rede er, at befugtningen af pladen er lettere at kontrollere p\u00e5 grund af en godt synlig misfarvning, og farven p\u00e5 pladen giver en super kontrast til de normalt m\u00f8rkere myrearter. Desuden kan de indre ruder i myreboet ikke tilsmudses med substrat, som det for eksempel er tilf\u00e6ldet med sand-ler-blandinger, hvilket giver et perfekt udsyn ind i boet. Vores redemateriale har ogs\u00e5 en meget fastere struktur, s\u00e5 gange og kamre, der er gravet af myrer, ikke kollapser.<\/p>\n<p><strong>Bem\u00e6rk:<\/strong> Den naturlige farvenuance kan variere mellem beige\/sand og lysebrun. Farvenuancen p\u00e5virker ikke kvaliteten.<br \/>\nP\u00e5 grund af fremstillingen kan m\u00e5lene variere med +\/- 1 mm.<\/p>","protected":false},"excerpt":{"rendered":"<p>Gr\u00f6\u00dfe: <strong>L<\/strong><\/p>","protected":false},"featured_media":5928,"comment_status":"open","ping_status":"closed","template":"","meta":{"_acf_changed":false,"content-type":"","_monsterinsights_skip_tracking":false,"_monsterinsights_sitenote_active":false,"_monsterinsights_sitenote_note":"","_monsterinsights_sitenote_category":0},"product_brand":[],"product_cat":[257,87,88],"product_tag":[],"class_list":{"0":"post-5934","1":"product","2":"type-product","3":"status-publish","4":"has-post-thumbnail","6":"product_cat-new-innovatve-products","7":"product_cat-nest-insets","8":"product_cat-digfix","10":"first","11":"instock","12":"taxable","13":"shipping-taxable","14":"purchasable","15":"product-type-simple"},"acf":[],"aioseo_notices":[],"jetpack_sharing_enabled":true,"_links":{"self":[{"href":"https:\/\/antcube.shop\/da\/wp-json\/wp\/v2\/product\/5934","targetHints":{"allow":["GET"]}}],"collection":[{"href":"https:\/\/antcube.shop\/da\/wp-json\/wp\/v2\/product"}],"about":[{"href":"https:\/\/antcube.shop\/da\/wp-json\/wp\/v2\/types\/product"}],"replies":[{"embeddable":true,"href":"https:\/\/antcube.shop\/da\/wp-json\/wp\/v2\/comments?post=5934"}],"wp:featuredmedia":[{"embeddable":true,"href":"https:\/\/antcube.shop\/da\/wp-json\/wp\/v2\/media\/5928"}],"wp:attachment":[{"href":"https:\/\/antcube.shop\/da\/wp-json\/wp\/v2\/media?parent=5934"}],"wp:term":[{"taxonomy":"product_brand","embeddable":true,"href":"https:\/\/antcube.shop\/da\/wp-json\/wp\/v2\/product_brand?post=5934"},{"taxonomy":"product_cat","embeddable":true,"href":"https:\/\/antcube.shop\/da\/wp-json\/wp\/v2\/product_cat?post=5934"},{"taxonomy":"product_tag","embeddable":true,"href":"https:\/\/antcube.shop\/da\/wp-json\/wp\/v2\/product_tag?post=5934"}],"curies":[{"name":"wp","href":"https:\/\/api.w.org\/{rel}","templated":true}]}}