{"id":5475,"date":"2023-02-10T13:18:16","date_gmt":"2023-02-10T12:18:16","guid":{"rendered":"https:\/\/antcube.shop\/produkt\/popcorn-nest-20x20-l\/"},"modified":"2026-03-09T17:50:04","modified_gmt":"2026-03-09T16:50:04","slug":"popcorn-nest-20x20-l","status":"publish","type":"product","link":"https:\/\/antcube.shop\/da\/vare\/popcorn-nest-20x20-l\/","title":{"rendered":"Popcornnest 20\u00d720 - L"},"content":{"rendered":"<p><strong>Dimensioner:<\/strong> 184 x 160 x 18 mm<\/p>\n<p><strong>Materiale:<\/strong> popcorn presset med saccharose og protein<\/p>\n<p><strong>Passer kun til<\/strong> i vores myrefarme st\u00f8rrelse <strong>L<\/strong><\/p>\n<p><strong>Beskrivelse:<\/strong> Denne popcornrede med pr\u00e6fabrikerede gange og kamre er perfekt som kornkammer for f.eks. Messor-myrer, men ogs\u00e5 for andre kornsamlende myrearter. Den har et hul som adgang til reden. Popcornreden absorberer fugt og kan derfor udvide sig, s\u00e5<strong> det skal helt sikkert holdes t\u00f8rt<\/strong>. Messor barbarus accepterer vores ANTCUBE Popcorn Nest meget godt som kornkammer. Med tiden vil myrerne begynde at udvide popcornreden og \u00e6de sig igennem rede-materialet.<\/p>\n<p>Popcornnesten b\u00f8r kun bruges til myrearter, der kr\u00e6ver meget lidt eller ingen fugt i redeomr\u00e5det.<\/p>","protected":false},"excerpt":{"rendered":"<p>Dimensioner: M\u00e5l: 184 x 160 x 18 mm Materiale: popcorn presset med saccharose og protein Passer kun i vores myretuer st\u00f8rrelse L Beskrivelse: Popcorn er en af de bedste til at blive brugt i vores myretuer: Denne popcornrede med pr\u00e6fabrikerede passager og kamre er perfekt som kornkammer for f.eks. Messor-myrer, men ogs\u00e5 andre kornsamlende myrearter. Den har et hul som rede","protected":false},"featured_media":5459,"comment_status":"open","ping_status":"closed","template":"","meta":{"_acf_changed":false,"content-type":"","_monsterinsights_skip_tracking":false,"_monsterinsights_sitenote_active":false,"_monsterinsights_sitenote_note":"","_monsterinsights_sitenote_category":0},"product_brand":[],"product_cat":[257,344,87],"product_tag":[],"class_list":{"0":"post-5475","1":"product","2":"type-product","3":"status-publish","4":"has-post-thumbnail","6":"product_cat-new-innovatve-products","7":"product_cat-popcorn","8":"product_cat-nest-insets","10":"first","11":"instock","12":"taxable","13":"shipping-taxable","14":"purchasable","15":"product-type-simple"},"acf":[],"aioseo_notices":[],"jetpack_sharing_enabled":true,"_links":{"self":[{"href":"https:\/\/antcube.shop\/da\/wp-json\/wp\/v2\/product\/5475","targetHints":{"allow":["GET"]}}],"collection":[{"href":"https:\/\/antcube.shop\/da\/wp-json\/wp\/v2\/product"}],"about":[{"href":"https:\/\/antcube.shop\/da\/wp-json\/wp\/v2\/types\/product"}],"replies":[{"embeddable":true,"href":"https:\/\/antcube.shop\/da\/wp-json\/wp\/v2\/comments?post=5475"}],"wp:featuredmedia":[{"embeddable":true,"href":"https:\/\/antcube.shop\/da\/wp-json\/wp\/v2\/media\/5459"}],"wp:attachment":[{"href":"https:\/\/antcube.shop\/da\/wp-json\/wp\/v2\/media?parent=5475"}],"wp:term":[{"taxonomy":"product_brand","embeddable":true,"href":"https:\/\/antcube.shop\/da\/wp-json\/wp\/v2\/product_brand?post=5475"},{"taxonomy":"product_cat","embeddable":true,"href":"https:\/\/antcube.shop\/da\/wp-json\/wp\/v2\/product_cat?post=5475"},{"taxonomy":"product_tag","embeddable":true,"href":"https:\/\/antcube.shop\/da\/wp-json\/wp\/v2\/product_tag?post=5475"}],"curies":[{"name":"wp","href":"https:\/\/api.w.org\/{rel}","templated":true}]}}