{"id":5380,"date":"2023-02-01T17:57:19","date_gmt":"2023-02-01T16:57:19","guid":{"rendered":"https:\/\/antcube.shop\/produkt\/bundle-offer-lasius-niger\/"},"modified":"2026-04-09T17:23:08","modified_gmt":"2026-04-09T15:23:08","slug":"bundle-offer-lasius-niger","status":"publish","type":"product","link":"https:\/\/antcube.shop\/da\/vare\/bundle-offer-lasius-niger\/","title":{"rendered":"Bundletilbud - Lasius niger"},"content":{"rendered":"<p><span data-text-color=\"secondary\"><strong>Pakketilbud med en Lasius niger myrekoloni (dronning + 26-50 arbejdere + yngel), et starts\u00e6t Combi M med flugtbeskyttelsesramme, gitterindsats 50 mm, formicariumbund - 20x20 cm, klart drikketrug 20 ml - svamp, en krukke med vores s\u00e6rlige hele blancherede f\u00e5rekyllinger 10 g (fugtigt protein) og en refillpakke med honningdugblanding 10 ml.<\/strong><\/span><\/p>\n<p><span data-text-color=\"alert\"><strong>Kun s\u00e5 l\u00e6nge lager haves.<\/strong><\/span><\/p>\n<p><strong>Alt hvad du beh\u00f8ver til en Lasius niger-myrekoloni<\/strong><br \/>\nDenne pakke indeholder alt, hvad du beh\u00f8ver for at f\u00e5 en Lasius niger-koloni gennem de f\u00f8rste par m\u00e5neder. Det kan udvides fleksibelt og er s\u00e6rdeles velegnet til begyndere i myrehold.<\/p>\n<p>Myrearten Lasius niger Lasius niger, ogs\u00e5 kendt som \"den sorte sporemyre\", er en af de mest popul\u00e6re arter for begyndere i myrehold. Det er en af de sm\u00e5 til mellemstore myrer, og den er meget n\u00f8jsom. Den er udbredt i hele Europa, men kan ogs\u00e5 findes i Asien, Afrika og Nordamerika.<\/p>\n<p><strong>F\u00f8de til Lasius niger<\/strong><br \/>\nI naturen holder Lasius niger ofte bladlus for at samle deres honningdug, der produceres af plantesaft. Derved beskytter de dem og transporterer dem endda til unge skud.<br \/>\nI formicariet kan du blot placere et par angrebne kviste (f.eks. roser, hyldeb\u00e6r, ribs) i en vase og se dyrene malke dem. I formicariumet er det bedst at give honningopl\u00f8sning og proteinfoder (enten levende sm\u00e5 insekter eller t\u00f8rret proteinfoder).<\/p>\n<p><strong>Dvaletilstand hos Lasius niger<\/strong><br \/>\nLasius niger g\u00e5r i dvale fra omkring slutningen af oktober til slutningen af marts ved 5-8 grader. I formicariet kan man blot placere hele formicariet i et k\u00f8ligt rum eller (hvis formicariet har en udtagelig redeindsats) placere redeindsatsen i f.eks. k\u00f8leskabet. Man skal dog s\u00f8rge for, at myrerne ikke uds\u00e6ttes for temperaturer under 0 grader, da de aldrig er s\u00e5 godt beskyttet mod kulde i formicariet, som de er i naturen. Der er ogs\u00e5 rapporter fra opdr\u00e6ttere, som holder Lasius niger uden dvaletilstand. Det kan dog f\u00f8re til en forkortet levetid for kolonien eller forsinke udviklingen af ynglen. Under dvalen beh\u00f8ver dyrene ikke at blive fodret eller kun fodret meget lidt, hvis det er n\u00f8dvendigt. Du b\u00f8r dog tjekke luftfugtigheden regelm\u00e6ssigt og holde \u00f8je med skimmelsvamp!<\/p>\n<p><strong>Indhold:<\/strong><\/p>\n<p>1x Lasius niger (dronning + 26-50 arbejdere + yngel)<br \/>\n1x syrenmarmelade 25g<br \/>\n1x Honeydew honey 10ml refill pack<\/p>\n<p>1x ANTCUBE - Arena 20x20x20x20 - Combi M<br \/>\n1x D\u00e6ksel til myretue 20\u00d720<br \/>\n4x Fastg\u00f8relsespunkt til arenad\u00e6ksel<br \/>\n1x ramme til myretr\u00e6er 20\u00d720<br \/>\n1x pad for formicariums &#8211; 20x20cm<\/p>\n<p>2x grid insert &#8211; 50mm<br \/>\n2x grid insert &#8211; 27mm<br \/>\n1x ANTCUBE - Digfix-plade 20\u00d720 - M<br \/>\n1x soil &#8211; Sand-loam red &#8211; 200g<\/p>\n<p>1x Foil thermometer display<br \/>\n1x drinking clear 5ml &#8211; sponge<br \/>\n1x drikketrug 2ml - 360 grader<br \/>\n1x Feeding dish white rectangle &#8211; 3 compartments<br \/>\n1x H\u00e5ndlup - 2x - 30mm<br \/>\n1x Transparent plastic tweezers<br \/>\n1x pincet fjederst\u00e5l - bred - bl\u00f8d<br \/>\n1x Plastpipette 3ml<br \/>\n1x myreflugt beskyttelsesolie 10ml<br \/>\n1x Foam wiper 150x18x2.5mm<\/p>\n<p><strong>Beskrivelse:<\/strong><br \/>\nDette starts\u00e6t - Combi er velegnet til de fleste myrearter, der bygger bo i jorden.<br \/>\nS\u00e6ttet er meget kompakt, og det medf\u00f8lgende tilbeh\u00f8r er reduceret til det mest n\u00f8dvendige.<br \/>\nDet er derfor et billigt s\u00e6t lavet af materialer af h\u00f8j kvalitet, som er ideelt til at komme i gang med myrehold.<br \/>\nDet medf\u00f8lgende substrat sand - lerbeige accepteres godt af de fleste myrearter, der graver i jordboet.<\/p>\n<p>Der kan dog ogs\u00e5 placeres andre jordsubstrater eller redeindsatser i arenaens redeomr\u00e5de.<br \/>\nYderligere nyttigt tilbeh\u00f8r kan findes under forslagene (se nedenfor).<\/p>\n<p><strong>Anbefaling:<\/strong> Vi anbefaler et substratlag med en h\u00f8jde p\u00e5 2 mm, s\u00e5 dyrene ikke kan grave sig ned i arenaen og i stedet bruger den dertil indrettede g\u00e5rd. Vi anbefaler ogs\u00e5, at redematerialet i farmen (sand\/ler, Digfix osv.) er let prikket et sted for at g\u00f8re det lettere for dyrene at grave.<\/p>\n<p><strong>Vigtigt:<\/strong> Fugt substratet f\u00f8r brug, s\u00e5 blandingen kan binde sig og f\u00e5 et fast greb i myretuen. Desuden kan et t\u00f8rt og st\u00f8vet substrat medf\u00f8re, at myrernes luftveje blokeres og i v\u00e6rste fald f\u00e5 dyrene til at kv\u00e6les.<\/p>\n<p><strong>Bem\u00e6rk:<\/strong><br \/>\nN\u00e5r du bruger vores redeindsatser, skal du v\u00e6re opm\u00e6rksom p\u00e5, at disse er 8 mm smallere, da de oprindeligt blev designet til at passe til vores smallere myrefarme og arenaindsatser! I dette tilf\u00e6lde skal mellemrummet fyldes ud med fyldmateriale som gips eller ler.<\/p>\n<p><strong>Bem\u00e6rkninger om produktionen<\/strong><br \/>\nGlas sk\u00e6res i henhold til DIN 1249 med en tolerance p\u00e5 +\/- 1 mm. For ekstremt sm\u00e5 myrearter er det n\u00f8dvendigt med yderligere flugtsikring.<\/p>\n<p><strong>Instruktioner: <\/strong>(Version 2023, den opdaterede version til 2024 vil v\u00e6re tilg\u00e6ngelig senest 04\/2024)<strong><br \/>\n<\/strong><\/p>\n<p>- DE<a href=\"https:\/\/www.antstore.net\/shop\/images\/info\/de\/Gebrauchsanweisung%20Starter%20Set%20Combi.pdf\"> Gebrauchsanweisung Starter Set Combi<\/a> (PDF 7,98 MB)<\/p>\n<p>- DA<a href=\"https:\/\/www.antstore.net\/shop\/images\/info\/en\/Instructions%20for%20use%20-%20Starter%20Set%20Combi.pdf\"> Brugsanvisning - Starter Set Combi<\/a> (PDF 7,94 MB)<\/p>\n<p>- ES<a href=\"https:\/\/www.antstore.net\/shop\/images\/info\/es\/Manual%20de%20instrucciones%20-%20Set%20de%20inicio%20Combi.pdf\"> Manual de instrucciones - Set de inicio Combi<\/a> (PDF 7,94 MB)<\/p>\n<p>- FR<a href=\"https:\/\/www.antstore.net\/shop\/images\/info\/fr\/Manuel%20d'instruction%20-%20Kit%20de%20d%C3%A9marrage%20Combi.pdf\"> Manuel d'instruction - Kit de d\u00e9marrage Combi<\/a> (PDF 7,95 MB)<\/p>\n<p><strong>Noter om Cricket Jam:<\/strong><br \/>\nVores blancherede f\u00e5rekyllinger er en nem m\u00e5de at give dine myrer frisk konserveret proteinfoder p\u00e5 uden at skulle fodre med levende insekter. F\u00e5rekyllingerne (Acheta domesticus) er blevet blancheret forsigtigt for at sikre, at n\u00e6ringsv\u00e6rdier, smag og aroma bevares. Desuden bl\u00f8dg\u00f8res insekternes kitinholdige skal p\u00e5 denne m\u00e5de, s\u00e5 den lettere kan ford\u00f8jes. Bindingerne i kollagenproteinerne nedbrydes, s\u00e5 myrerne bedre kan udnytte dem. Acheta domesticus p\u00e5 d\u00e5se har samme n\u00e6ringsv\u00e6rdi som levende f\u00e5rekyllinger, men er lettere at ford\u00f8je.<\/p>\n<p>Cricket Jam er ikke egnet til at jage myrearter, der kr\u00e6ver levende f\u00f8de (f.eks. poneriner (store myrer) som Harpegnathos eller Odontomachus).<\/p>\n<p><strong>Yderligere fordele:<\/strong><br \/>\nGaranteret fri for mider<br \/>\nKan portioneres og fortyndes med vand<br \/>\nSteriliseret og vakuumpakket<br \/>\nUden tils\u00e6tningsstoffer<br \/>\nF\u00e5rekyllinger fra b\u00e6redygtigt, rent \u00f8kologisk opdr\u00e6t, fodret med organisk affald<\/p>\n<p><strong>Bem\u00e6rk:<\/strong><br \/>\nKan opbevares i k\u00f8leskabet i ca. fire dage efter \u00e5bning. L\u00e6ngere holdbarhed, hvis den fryses.<br \/>\nV\u00e6r opm\u00e6rksom: F\u00f8rst portion, derefter frysning.<\/p>\n<p><strong>Note om honningdug:<\/strong><br \/>\nIndhold: 10 ml<br \/>\nDet er et naturprodukt, som vi har forfinet efter omfattende tests i vores laboratorium og udviklet til et foder, som myrerne tager rigtig godt imod. \u00c5rsagen til dette er, at uforarbejdet honningdughonning i sin koncentrerede oprindelige form ikke accepteres godt af myrer og deres stofskifte.<br \/>\nVores honningdug er indsamlet i de uforurenede, vilde bjergskove i Bulgarien. Honningdug produceres kun i en meget begr\u00e6nset periode, omkring to m\u00e5neder om sommeren. Den er derfor meget sj\u00e6lden. P\u00e5 grund af skovenes s\u00e6rlige jordbundsforhold og klimaet oplagres vigtige n\u00e6ringsstoffer i tr\u00e6ernes blade, som absorberes af bladlusene. Det er det, der g\u00f8r denne honningdugblanding s\u00e5 eftertragtet for myrer.<\/p>\n<p><strong>Anvendelse:<\/strong><br \/>\nM\u00e6ngden af mad skal indtages inden for ca. 3 dage.<\/p>\n<p><strong>Beskrivelse:<\/strong><br \/>\nI mods\u00e6tning til blomsterhonning udvindes honningdug af sekreter fra insekter, der suger p\u00e5 planter, f.eks. bladlus. Honningdug er en popul\u00e6r f\u00f8dekilde for mange insekter som myrer, bier og humlebier. Bier og humlebier slikker det af blade eller n\u00e5le fra forskellige tr\u00e6er. Myrer som Lasius niger holder bogstaveligt talt bladlusene. De forsvarer dem endda mod rovdyr og b\u00e6rer dem hen til friske skud.<\/p>\n<p>Honningdug er s\u00e6rlig popul\u00e6r blandt myrer p\u00e5 grund af dens noget anderledes bestanddele. De vigtigste sukkerarter i honningdug er saccharose og fructose, men der findes ogs\u00e5 mindre m\u00e6ngder af maltose, trehalose, melezitose, raffinose og andre oligosaccharider. Ud over sukker og vand indeholder honningdug ogs\u00e5 essentielle aminosyrer, mineraler, sporstoffer, adenosiner, fosfater og andre ingredienser s\u00e5som vitaminer.<\/p>\n<p><strong>Anvendelse:<\/strong><br \/>\nFor honningspisende myrearter (Meliphagidae)<br \/>\nDette er et tilskudsfoder<br \/>\nDet kan tilbydes dyrene, som det leveres. Da sukkerkoncentrationen reduceres af fugtigheden, og en g\u00e6ringsproces begynder, b\u00f8r foderet udskiftes hver 3. dag. Reng\u00f8r fodersk\u00e5len\/r\u00f8ret grundigt f\u00f8r genbrug.<br \/>\nN\u00e5r pakken er \u00e5bnet, skal den holdes t\u00e6t lukket indtil udl\u00f8bsdatoen.<\/p>\n<p><strong>N\u00e6ringsoplysninger pr. 100 g:<\/strong><br \/>\nca. 2,7 % fedtstoffer<br \/>\nhvoraf m\u00e6ttet ca. 0,45 %<br \/>\nca. 95 % kulhydrater<br \/>\nheraf sukker ca. 71<br \/>\nca. 2.85% protein<br \/>\nMineraler (kalium, calcium, kobber, jern, natrium, magnesium, fosfor, zink og andre sporstoffer) Aminosyrer (prolin, leucin, phenylalanin, alanin, histidin, isoleucin, glutaminsyre, arginin, asparaginsyre osv.) Organiske syrer Enzymer (fermenter) Smagsstoffer Inhibiner (antibakterielle stoffer) Blomster Pollen<\/p>\n<p><strong>Opbevaring:<\/strong><br \/>\nFor at sikre foderets kvalitet skal det opbevares m\u00f8rkt og t\u00f8rt.<\/p>\n<p><strong>Bem\u00e6rk:<\/strong><br \/>\nTilskudsfoder til honning\u00e6dende myrer.<br \/>\nSe venligst indl\u00e6gssedlen for sammens\u00e6tning, analytiske ingredienser, bedst f\u00f8r-dato og batchnummer.<\/p>\n<p>Informationshotline +49 30 439703870<\/p>\n<p>Ansvarlig veterin\u00e6r- og f\u00f8devareinspektorat:<br \/>\nSteglitz Veterin\u00e6rkontor<br \/>\nK\u00f6nigin-Luise-Str. 92<br \/>\n14195 Berlin<\/p>","protected":false},"excerpt":{"rendered":"<p>St\u00f8rrelse: M<\/p>","protected":false},"featured_media":7115,"comment_status":"open","ping_status":"closed","template":"","meta":{"_acf_changed":false,"content-type":"","_monsterinsights_skip_tracking":false,"_monsterinsights_sitenote_active":false,"_monsterinsights_sitenote_note":"","_monsterinsights_sitenote_category":0},"product_brand":[],"product_cat":[355,73,78],"product_tag":[],"class_list":{"0":"post-5380","1":"product","2":"type-product","3":"status-publish","4":"has-post-thumbnail","6":"product_cat-bundle-offers","7":"product_cat-starter-sets","8":"product_cat-starter-sets-combi","10":"first","11":"instock","12":"taxable","13":"shipping-taxable","14":"purchasable","15":"product-type-simple"},"acf":[],"aioseo_notices":[],"jetpack_sharing_enabled":true,"_links":{"self":[{"href":"https:\/\/antcube.shop\/da\/wp-json\/wp\/v2\/product\/5380","targetHints":{"allow":["GET"]}}],"collection":[{"href":"https:\/\/antcube.shop\/da\/wp-json\/wp\/v2\/product"}],"about":[{"href":"https:\/\/antcube.shop\/da\/wp-json\/wp\/v2\/types\/product"}],"replies":[{"embeddable":true,"href":"https:\/\/antcube.shop\/da\/wp-json\/wp\/v2\/comments?post=5380"}],"wp:featuredmedia":[{"embeddable":true,"href":"https:\/\/antcube.shop\/da\/wp-json\/wp\/v2\/media\/7115"}],"wp:attachment":[{"href":"https:\/\/antcube.shop\/da\/wp-json\/wp\/v2\/media?parent=5380"}],"wp:term":[{"taxonomy":"product_brand","embeddable":true,"href":"https:\/\/antcube.shop\/da\/wp-json\/wp\/v2\/product_brand?post=5380"},{"taxonomy":"product_cat","embeddable":true,"href":"https:\/\/antcube.shop\/da\/wp-json\/wp\/v2\/product_cat?post=5380"},{"taxonomy":"product_tag","embeddable":true,"href":"https:\/\/antcube.shop\/da\/wp-json\/wp\/v2\/product_tag?post=5380"}],"curies":[{"name":"wp","href":"https:\/\/api.w.org\/{rel}","templated":true}]}}