{"id":5378,"date":"2023-02-01T17:48:16","date_gmt":"2023-02-01T16:48:16","guid":{"rendered":"https:\/\/antcube.shop\/produkt\/honigtau-mix-in-2ml-futterrohrchen-10-st\/"},"modified":"2026-04-15T10:50:16","modified_gmt":"2026-04-15T08:50:16","slug":"honigtau-mix-in-2ml-futterrohrchen-10-st","status":"publish","type":"product","link":"https:\/\/antcube.shop\/da\/vare\/honigtau-mix-in-2ml-futterrohrchen-10-st\/","title":{"rendered":"Honningdugblanding i 2 ml tuber - 10 stk."},"content":{"rendered":"<p><strong>Indhold:<\/strong> 10x 2 ml<\/p>\n<p>Dette er et naturprodukt, som vi har forfinet efter omfattende test i vores laboratorium og udviklet til et foder, der er meget velaccepteret af myrer. \u00c5rsagen er, at uforarbejdet honningdughonning i sin koncentrerede oprindelige form ikke accepteres godt af myrer og deres stofskifte.<\/p>\n<p>Vores honningdug er indsamlet i de uforurenede vilde bjergskove i Bulgarien. Honningdug produceres kun i en meget begr\u00e6nset periode p\u00e5 ca. to m\u00e5neder om sommeren. Derfor er den meget sj\u00e6lden. P\u00e5 grund af skovenes s\u00e6rlige jordbundsforhold og klimaet blev der i tr\u00e6ernes blade lagret vigtige n\u00e6ringsstoffer, som optages af bladlusene. Det er dette, der g\u00f8r denne honningdugblanding s\u00e5 \u00f8nskv\u00e6rdig for myrer.<\/p>\n<p><strong>Anvendelse:<\/strong><br \/>\nFoderr\u00f8ret kan anbringes som en helhed i formicariet, alternativt kan du tilf\u00f8je mindre m\u00e6ngder til en fodersk\u00e5l efter behov\/afh\u00e6ngigt af koloniens st\u00f8rrelse. M\u00e6ngden af foder b\u00f8r opbruges inden for ca. 3 dage.<\/p>\n<p><strong>Beskrivelse:<\/strong><br \/>\nHonningdug stammer i mods\u00e6tning til blomsterhonning fra sekreter fra plante sugende insekter som f.eks. bladlus. Honningdug er en yndet f\u00f8dekilde for mange insekter som f.eks. myrer, bier og endda humlebier. Bier og humlebier slikker det fra blade eller n\u00e5le fra forskellige tr\u00e6er. Myrer som Lasius niger holder j\u00e6vnligt bladlusene. De forsvarer dem endda mod rovdyr og b\u00e6rer dem til friske skud.<\/p>\n<p>Honningdug er popul\u00e6r blandt myrer, hovedsagelig p\u00e5 grund af dens lidt forskellige bestanddele. De vigtigste sukkerarter i honningdug er saccharose og fructose, men der er ogs\u00e5 mindre m\u00e6ngder maltose, trehalose, melezitose, raffinose og andre oligosakkarider til stede. Ud over sukker og vand indeholder honningdug ogs\u00e5 eksistentielt vigtige aminosyrer, mineraler, sporstoffer, adenosinphosphater og andre ingredienser som f.eks. vitaminer.<\/p>\n<p><strong>Anvendelse:<\/strong><br \/>\nFor honning\u00e6dende myrearter (Meliphagidae).<br \/>\nDet er et tilskudsfoder (enkeltfoder)<br \/>\nDet kan tilbydes dyrene i leveret tilstand. Da fugtighed reducerer sukkerkoncentrationen, og der begynder en g\u00e6ringsproces, b\u00f8r foderet udskiftes hver 3. dag. Reng\u00f8r fodersk\u00e5len\/r\u00f8ret grundigt, inden den genbruges.<br \/>\nEn \u00e5bnet pakke skal anvendes t\u00e6t lukket indtil den angivne (bedst f\u00f8r dato).<\/p>\n<p><strong>N\u00e6ringsindhold pr. 100g:<\/strong><br \/>\nca. 2,7 % fedtstoffer<br \/>\nheraf m\u00e6ttet ca. 0,45 %<br \/>\nca 95 % kulhydrater<br \/>\nheraf sukker ca. 71%<br \/>\nca 2,85%-protein<\/p>\n<p>Mineraler (kalium, calcium, kobber, jern, natrium, magnesium, fosfor, zink og andre sporstoffer) Aminosyrer (prolin, leucin, phenylalanin, alanin, histidin, isoleucin, glutaminsyre, arginin, asparaginsyre osv.) Organiske syrer Enzymer (fermenter) Smagsstoffer Inhibiner (antibakterielle stoffer) Blomster Pollen<\/p>\n<p><strong>Opbevaring:<\/strong><br \/>\nFor at sikre foderets kvalitet b\u00f8r det opbevares m\u00f8rkt og t\u00f8rt for at sikre dets kvalitet.<\/p>\n<p><strong>Bem\u00e6rk:<\/strong><br \/>\nDu kan finde oplysninger om, hvordan du bruger foderr\u00f8rene, her: Link<br \/>\nTilskudsfoder til honning\u00e6dende myrer.<br \/>\nSe indl\u00e6gssedlen for at f\u00e5 oplysninger om sammens\u00e6tning, analytiske ingredienser, holdbarhedsdato og partinummer.<\/p>\n<p>Informationshotline +49 30 439703870<\/p>\n<p><strong>Ansvarlig veterin\u00e6r- og f\u00f8devarekontrolmyndighed:<\/strong><br \/>\nSteglitz Veterin\u00e6rkontor<br \/>\nK\u00f6nigin-Luise-Str. 92<br \/>\n14195 Berlin<\/p>\n<p>&nbsp;<\/p>\n<div style=\"width: 1020px;\" class=\"wp-video\"><video class=\"wp-video-shortcode\" id=\"video-5378-1\" width=\"1020\" height=\"1813\" preload=\"metadata\" controls=\"controls\"><source type=\"video\/mp4\" src=\"https:\/\/antcube.shop\/wp-content\/uploads\/2024\/04\/black-ant_ein-shot_aphids-.mp4?_=1\" \/><a href=\"https:\/\/antcube.shop\/wp-content\/uploads\/2024\/04\/black-ant_ein-shot_aphids-.mp4\">https:\/\/antcube.shop\/wp-content\/uploads\/2024\/04\/black-ant_ein-shot_aphids-.mp4<\/a><\/video><\/div>","protected":false},"excerpt":{"rendered":"<p>Supplerende f\u00f8devarer<\/p>","protected":false},"featured_media":5385,"comment_status":"open","ping_status":"closed","template":"","meta":{"_acf_changed":false,"content-type":"","_monsterinsights_skip_tracking":false,"_monsterinsights_sitenote_active":false,"_monsterinsights_sitenote_note":"","_monsterinsights_sitenote_category":0},"product_brand":[],"product_cat":[257,115,116],"product_tag":[],"class_list":{"0":"post-5378","1":"product","2":"type-product","3":"status-publish","4":"has-post-thumbnail","6":"product_cat-new-innovatve-products","7":"product_cat-food-and-feeding","8":"product_cat-food","10":"first","11":"instock","12":"taxable","13":"shipping-taxable","14":"purchasable","15":"product-type-simple"},"acf":[],"aioseo_notices":[],"jetpack_sharing_enabled":true,"_links":{"self":[{"href":"https:\/\/antcube.shop\/da\/wp-json\/wp\/v2\/product\/5378","targetHints":{"allow":["GET"]}}],"collection":[{"href":"https:\/\/antcube.shop\/da\/wp-json\/wp\/v2\/product"}],"about":[{"href":"https:\/\/antcube.shop\/da\/wp-json\/wp\/v2\/types\/product"}],"replies":[{"embeddable":true,"href":"https:\/\/antcube.shop\/da\/wp-json\/wp\/v2\/comments?post=5378"}],"wp:featuredmedia":[{"embeddable":true,"href":"https:\/\/antcube.shop\/da\/wp-json\/wp\/v2\/media\/5385"}],"wp:attachment":[{"href":"https:\/\/antcube.shop\/da\/wp-json\/wp\/v2\/media?parent=5378"}],"wp:term":[{"taxonomy":"product_brand","embeddable":true,"href":"https:\/\/antcube.shop\/da\/wp-json\/wp\/v2\/product_brand?post=5378"},{"taxonomy":"product_cat","embeddable":true,"href":"https:\/\/antcube.shop\/da\/wp-json\/wp\/v2\/product_cat?post=5378"},{"taxonomy":"product_tag","embeddable":true,"href":"https:\/\/antcube.shop\/da\/wp-json\/wp\/v2\/product_tag?post=5378"}],"curies":[{"name":"wp","href":"https:\/\/api.w.org\/{rel}","templated":true}]}}