{"id":5347,"date":"2023-01-17T17:36:25","date_gmt":"2023-01-17T16:36:25","guid":{"rendered":"https:\/\/antcube.shop\/produkt\/bundle-offer-messor-barbarus\/"},"modified":"2026-04-02T14:07:24","modified_gmt":"2026-04-02T12:07:24","slug":"bundle-offer-messor-barbarus","status":"publish","type":"product","link":"https:\/\/antcube.shop\/da\/vare\/bundle-offer-messor-barbarus\/","title":{"rendered":"Bundletilbud - Messor barbarus"},"content":{"rendered":"<p><span data-text-color=\"secondary\"><strong>Pakketilbud med en Messor barbarus-myrekoloni (dronning + 11-25 arbejdere + yngel), et starts\u00e6t til Messor spec. med 3x formicariumm\u00e5tter og et glas med vores s\u00e6rlige hele blancherede f\u00e5rekyllinger 10 g (fugtigt protein).<\/strong><\/span><\/p>\n<p><span data-text-color=\"alert\"><strong>Kun s\u00e5 l\u00e6nge lager haves.<\/strong><\/span><\/p>\n<p><strong>Alt, hvad du skal bruge til en Messor barbarus-myrekoloni<\/strong><br \/>\nDenne pakke indeholder alt, hvad du skal bruge for at f\u00e5 en koloni af Messor barbarus gennem de f\u00f8rste par m\u00e5neder. Det kan udvides fleksibelt og er s\u00e6rdeles velegnet til begyndere i myrehold.<\/p>\n<p><strong>Messor barbarus myreart:<\/strong><br \/>\nMessor barbarus er en udpr\u00e6get granivor (korn\u00e6dende) myreart fra Middelhavsomr\u00e5det. Den h\u00f8rer til de s\u00e5kaldte h\u00f8stmyrer og er en af indgangsarterne til myrehold p\u00e5 grund af dens relativt enkle krav til klima og f\u00f8de. P\u00e5 grund af dens farve og dannelsen af minor-, media- og major-arbejdere (mindre og st\u00f8rre) er den meget sp\u00e6ndende at observere.<\/p>\n<p><strong>Mad til Messor barbarus<\/strong><br \/>\nI naturen spiser Messor barbarus hovedsageligt korn og bruger dem til at lave \"myrebr\u00f8d\", men s\u00f8de frugter og d\u00f8de insekter accepteres ogs\u00e5 gerne. Messor barbarus d\u00e6kker en stor del af sit fugtbehov med korn og resten med insekter. I formicariet kan der gives korn og om n\u00f8dvendigt honning, proteinfoder, meget sm\u00e5 insekter eller gel\u00e9. Honningvand accepteres kun, hvis der er mangel p\u00e5 v\u00e6ske. Da Messor-arterne har tendens til at springe i \u00e5bne vandkilder, b\u00f8r disse altid d\u00e6kkes med sten eller absorberende bomuld.<\/p>\n<p>Messor barbarus g\u00e5r i dvale fra omkring slutningen af november til slutningen af februar. Men i mods\u00e6tning til for eksempel Lasius niger er dette en periode med st\u00e6rkt reduceret aktivitet. Dvalen b\u00f8r foreg\u00e5 ved omkring 15 \u00b0C, da temperaturen i de omr\u00e5der, hvor Messor barbarus stammer fra, sj\u00e6ldent er lavere, selv om vinteren. Du kan simpelthen placere myrerne i et uopvarmet rum til dette form\u00e5l. Der er ogs\u00e5 rapporter fra opdr\u00e6ttere, som holder Messor barbarus uden dvaletilstand. Det kan dog f\u00f8re til en forkortet levetid for kolonien eller forsinke udviklingen af ynglen. Under dvalen beh\u00f8ver dyrene kun at blive fodret en smule. Du b\u00f8r dog tjekke luftfugtigheden regelm\u00e6ssigt og holde \u00f8je med skimmelsvamp!<\/p>\n<p><strong>Formicarium til Messor barbarus<\/strong><br \/>\nH\u00f8stmyrer har brug for et let fugtigt redeomr\u00e5de til ynglen og et t\u00f8rt redeomr\u00e5de til opbevaring af deres indsamlede korn (t\u00f8rt for at forhindre skimmelv\u00e6kst). Det fungerer bedst med to separate reder, som er inkluderet i vores starts\u00e6t. Det holder i mindst 1-2 \u00e5r. Derefter b\u00f8r b\u00e5de rede- og arenaomr\u00e5det udvides.<\/p>\n<p><strong>De optimale klimatiske forhold for Messor barbarus er som f\u00f8lger:<\/strong><br \/>\nFugtighed:<br \/>\nArena: 30 - 50% Redeomr\u00e5de: 50 - 70%<br \/>\nTemperatur:<br \/>\nArena: 25 - 30\u00b0C Redeomr\u00e5de: 21 - 26\u00b0C<\/p>\n<p>Vores Digfix er det mest velegnede redemateriale. Det er meget modstandsdygtigt over for fugt og sikrer, at udsigten til reden og kamrene og gangene indeni ikke forstyrres af substratrester som med sand- og lerblandinger. Takket v\u00e6re deres st\u00e6rke k\u00e6ber kan Major-arbejdere ogs\u00e5 spise sig igennem Ytong over tid uden problemer. Glasreder med Digfix-indsatser er derfor den bedste og sikreste m\u00e5de at holde Messor angularis p\u00e5.<\/p>\n<p><strong>Indhold:<\/strong><\/p>\n<p>1x Messor barbarus (dronning + 11-25 arbejdere + yngel)<br \/>\n1x syrenmarmelade 25g<br \/>\n1x Kornfoder minor 100g<br \/>\n1x pad for formicariums &#8211; 20x20cm<br \/>\n2x pad for formicariums &#8211; 20x6cm<\/p>\n<p>1x ANTCUBE - arena 20x20x10 - flad<br \/>\n1x ramme til myrearena 20\u00d720<br \/>\n1x d\u00e6kning af myrearena 20\u00d720<br \/>\n4x fastg\u00f8relsespunkt til arenaafd\u00e6kning<br \/>\n2x ANTCUBE - Myrefarm - L - 20\u00d720 - opretst\u00e5ende<\/p>\n<p>2x ANTCUBE - Digfix-plade 20\u00d720 - M<br \/>\n1x 1m r\u00f8r gennemsigtig 14\/10 mm<br \/>\n2x ANTCUBE - R\u00f8d folie 20\u00d720 - filter<br \/>\n2x selvkl\u00e6bende klemmer - gennemsigtige 2 stk.<br \/>\n1x substrat - \u00f8rken - 1 kg<\/p>\n<p>2x grid insert &#8211; 50mm<br \/>\n1x grid insert &#8211; 27mm<br \/>\n1x gitterkappe - 10mm - rustfrit st\u00e5l<\/p>\n<p>1x tank-slangekobling 27-14,16,20 mm - gennemsigtig<br \/>\n1x drinking clear 5ml &#8211; sponge<br \/>\n1x Feeding dish white rectangle &#8211; 3 compartments<br \/>\n1x Foil thermometer display<br \/>\n2x Foil thermometer farm<br \/>\n1x Beskyttelsesolie til beskyttelse mod myrer 10ml<br \/>\n1x Pincet af fjederst\u00e5l - bred - bl\u00f8d<br \/>\n1x Pincet i gennemsigtig plast<br \/>\n1x plastpipette 3ml<br \/>\n1x h\u00e5ndlup - 2x - 30mm<br \/>\n1x skumt\u00f8rrer 150x18x2,5mm<br \/>\n1x fotobagside - \u00f8rken - 20\u00d710<\/p>\n<p><strong>Beskrivelse Starts\u00e6t:<\/strong><br \/>\nDette starts\u00e6t er s\u00e6rligt velegnet til forskellige arter af sl\u00e6gten Messor. Den ene af de to g\u00e5rde er beregnet til opbevaring af fr\u00f8 og myrebr\u00f8d og skal derfor holdes helt t\u00f8r for at forhindre, at de fr\u00f8\/korn, som myrerne opbevarer der, spirer eller bliver mugne.<br \/>\n\"Digfix-pladerne\" kan inds\u00e6ttes i de helt gennemsigtige g\u00e5rde. Alternativt kan du dog ogs\u00e5 bruge \"Soil - Desert\" til at fylde farmene. Om n\u00f8dvendigt kan der tilsluttes yderligere moduler via 50 mm hullerne i d\u00e6kslet, f.eks. de separat tilg\u00e6ngelige t\u00e5geapparater, ventilatorer eller lys. Alternativt er passende gitterindsatser til at lukke \u00e5bningerne inkluderet i leveringsomfanget. Hvis det \u00f8nskes, kan formicariet ogs\u00e5 betjenes \u00e5bent ved blot at fastg\u00f8re den aftagelige ramme og p\u00e5f\u00f8re myrebeskyttelsesolie p\u00e5 kanten.<\/p>\n<p><strong>Vigtigt:<\/strong> Fugt gerne substratet f\u00f8r brug, s\u00e5 blandingen kan binde sig og f\u00e5 godt fat i myreboet. Hvis substratet er for t\u00f8rt og st\u00f8vet, kan myrernes luftveje desuden blive blokeret, og i v\u00e6rste fald kan dyrene blive kvalt.<\/p>\n<p><strong>Anbefaling:<\/strong> Vi anbefaler et substratlag med en h\u00f8jde p\u00e5 2 mm, s\u00e5 dyrene ikke kan grave sig ned i arenaen og i stedet bruger den dertil indrettede g\u00e5rd. Vi anbefaler ogs\u00e5, at redematerialet i farmen (sand\/ler, Digfix osv.) er let prikket et sted for at g\u00f8re det lettere for dyrene at grave.<\/p>\n<p><strong>Bem\u00e6rkninger om produktionen<\/strong><br \/>\nGlas sk\u00e6res i henhold til DIN 1249 med en tolerance p\u00e5 +\/- 1 mm. For ekstremt sm\u00e5 myrearter er det n\u00f8dvendigt med yderligere flugtsikring.<\/p>\n<p><strong>Bem\u00e6rkninger om bedriften<\/strong><br \/>\nN\u00e5r du monterer eller fjerner slanger, skal du v\u00e6re opm\u00e6rksom p\u00e5 f\u00f8lgende:<br \/>\nHvis det er meget sv\u00e6rt at f\u00e5 slangen til at passe p\u00e5 tilslutningsmuffen, skal muffen gnides let med en dr\u00e5be af vores olie eller pulver til beskyttelse mod udbrud. Derefter skal slangen skubbes p\u00e5 muffen med drejende eller skruende bev\u00e6gelser uden at belaste muffen med op- og nedadg\u00e5ende bev\u00e6gelser. Det samme g\u00e6lder, n\u00e5r du fjerner slangerne fra g\u00e5rdtilslutningsstudsen. Du m\u00e5 ikke bare tr\u00e6kke den af!<\/p>\n<p><strong>Bem\u00e6rkninger om Digfix:<\/strong> Den naturlige farve kan variere mellem gr\u00f8n\/gr\u00e5brun og jordbrun. Farvetonen har ingen indflydelse p\u00e5 kvaliteten.<\/p>\n<p><strong>Instruktioner: <\/strong>(Version 2023, den opdaterede version til 2024 vil v\u00e6re tilg\u00e6ngelig senest 04\/2024)<br \/>\n<span data-sheets-root=\"1\" data-sheets-value=\"{&quot;1&quot;:2,&quot;2&quot;:&quot;DE Gebrauchsanweisung Starter Set Ernteameisen (PDF 2,50 MB)&quot;}\" data-sheets-userformat=\"{&quot;2&quot;:513,&quot;3&quot;:{&quot;1&quot;:0},&quot;12&quot;:0}\" data-sheets-hyperlink=\"https:\/\/www.antstore.net\/shop\/images\/info\/de\/Gebrauchsanweisung Starter Set Ernteameisen.pdf\" data-sheets-hyperlinkruns=\"{&quot;1&quot;:3,&quot;2&quot;:&quot;https:\/\/www.antstore.net\/shop\/images\/info\/de\/Gebrauchsanweisung Starter Set Ernteameisen.pdf&quot;}\uee10{&quot;1&quot;:46}\"><a class=\"in-cell-link\" href=\"https:\/\/www.antstore.net\/shop\/images\/info\/de\/Gebrauchsanweisung Starter Set Ernteameisen.pdf\" target=\"_blank\" rel=\"noopener\">- DE <\/a><a class=\"in-cell-link\" href=\"https:\/\/www.antstore.net\/shop\/images\/info\/de\/Gebrauchsanweisung Starter Set Ernteameisen.pdf\" target=\"_blank\" rel=\"noopener\">Gebrauchsanweisung Starter Set Ernteameisen<\/a><a class=\"in-cell-link\" href=\"https:\/\/www.antstore.net\/shop\/images\/info\/de\/Gebrauchsanweisung Starter Set Ernteameisen.pdf\" target=\"_blank\" rel=\"noopener\"> (PDF 2,50 MB)<\/a><\/span><br \/>\n<a href=\"https:\/\/www.antstore.net\/shop\/images\/info\/en\/Instructions%20for%20use%20-%20Starter%20Set%20for%20Harvester%20Ants.pdf\">- DA Brugsanvisning - Starts\u00e6t til h\u00f8stmyrer (PDF 2,50 MB)<\/a><br \/>\n<a href=\"https:\/\/www.antstore.net\/shop\/images\/info\/es\/Manual%20de%20instrucciones%20-%20Set%20de%20inicio%20para%20las%20hormigas%20de%20la%20cosecha%20_%20messor.pdf\">- ES Manual de instrucciones - Set de inicio para las hormigas de la cosecha _ messor (PDF 2,50 MB)<\/a><br \/>\n<a href=\"https:\/\/www.antstore.net\/shop\/images\/info\/fr\/Manuel%20d'instruction%20-%20Kit%20de%20d%C3%A9marrage%20pour%20les%20fourmis%20moissonneuses_%20Messor.pdf\">- FR Manuel d'instruction - Kit de d\u00e9marrage pour les fourmis moissonneuses_ Messor (PDF 2,50 MB)<\/a><\/p>\n<p><strong>Noter om Cricket Jam:<\/strong><br \/>\nVores blancherede f\u00e5rekyllinger er en nem m\u00e5de at give dine myrer frisk konserveret proteinfoder p\u00e5 uden at skulle fodre med levende insekter. F\u00e5rekyllingerne (Acheta domesticus) er blevet blancheret forsigtigt for at sikre, at n\u00e6ringsv\u00e6rdier, smag og aroma bevares. Desuden bl\u00f8dg\u00f8res insekternes kitinholdige skal p\u00e5 denne m\u00e5de, s\u00e5 den lettere kan ford\u00f8jes. Bindingerne i kollagenproteinerne nedbrydes, s\u00e5 myrerne bedre kan udnytte dem. Acheta domesticus p\u00e5 d\u00e5se har samme n\u00e6ringsv\u00e6rdi som levende f\u00e5rekyllinger, men er lettere at ford\u00f8je.<\/p>\n<p>Cricket Jam er ikke egnet til at jage myrearter, der kr\u00e6ver levende f\u00f8de (f.eks. poneriner (store myrer) som Harpegnathos eller Odontomachus).<\/p>\n<p><strong>Yderligere fordele:<\/strong><br \/>\nGaranteret fri for mider<br \/>\nKan portioneres og fortyndes med vand<br \/>\nSteriliseret og vakuumpakket<br \/>\nUden tils\u00e6tningsstoffer<br \/>\nF\u00e5rekyllinger fra b\u00e6redygtigt, rent \u00f8kologisk opdr\u00e6t, fodret med organisk affald<\/p>\n<p><strong>Bem\u00e6rk:<\/strong><br \/>\nKan opbevares i k\u00f8leskabet i ca. fire dage efter \u00e5bning. L\u00e6ngere holdbarhed, hvis den fryses.<br \/>\n<strong>Opm\u00e6rksomhed:<\/strong> Del f\u00f8rst, og frys derefter.<\/p>","protected":false},"excerpt":{"rendered":"<p>S\u00e6ttet best\u00e5r af 39 dele<br \/>\nSt\u00f8rrelse: M<\/p>","protected":false},"featured_media":7113,"comment_status":"open","ping_status":"closed","template":"","meta":{"_acf_changed":false,"content-type":"","_monsterinsights_skip_tracking":false,"_monsterinsights_sitenote_active":false,"_monsterinsights_sitenote_note":"","_monsterinsights_sitenote_category":0},"product_brand":[],"product_cat":[355,353,73],"product_tag":[],"class_list":{"0":"post-5347","1":"product","2":"type-product","3":"status-publish","4":"has-post-thumbnail","6":"product_cat-bundle-offers","7":"product_cat-starter-sets-for-harvester-ants","8":"product_cat-starter-sets","10":"first","11":"instock","12":"taxable","13":"shipping-taxable","14":"purchasable","15":"product-type-simple"},"acf":[],"aioseo_notices":[],"jetpack_sharing_enabled":true,"_links":{"self":[{"href":"https:\/\/antcube.shop\/da\/wp-json\/wp\/v2\/product\/5347","targetHints":{"allow":["GET"]}}],"collection":[{"href":"https:\/\/antcube.shop\/da\/wp-json\/wp\/v2\/product"}],"about":[{"href":"https:\/\/antcube.shop\/da\/wp-json\/wp\/v2\/types\/product"}],"replies":[{"embeddable":true,"href":"https:\/\/antcube.shop\/da\/wp-json\/wp\/v2\/comments?post=5347"}],"wp:featuredmedia":[{"embeddable":true,"href":"https:\/\/antcube.shop\/da\/wp-json\/wp\/v2\/media\/7113"}],"wp:attachment":[{"href":"https:\/\/antcube.shop\/da\/wp-json\/wp\/v2\/media?parent=5347"}],"wp:term":[{"taxonomy":"product_brand","embeddable":true,"href":"https:\/\/antcube.shop\/da\/wp-json\/wp\/v2\/product_brand?post=5347"},{"taxonomy":"product_cat","embeddable":true,"href":"https:\/\/antcube.shop\/da\/wp-json\/wp\/v2\/product_cat?post=5347"},{"taxonomy":"product_tag","embeddable":true,"href":"https:\/\/antcube.shop\/da\/wp-json\/wp\/v2\/product_tag?post=5347"}],"curies":[{"name":"wp","href":"https:\/\/api.w.org\/{rel}","templated":true}]}}