{"id":4873,"date":"2022-12-07T14:03:10","date_gmt":"2022-12-07T13:03:10","guid":{"rendered":"https:\/\/antcube.shop\/produkt\/combi-balkon\/"},"modified":"2026-05-04T15:39:54","modified_gmt":"2026-05-04T13:39:54","slug":"combi-balkon","status":"publish","type":"product","link":"https:\/\/antcube.shop\/da\/vare\/combi-balkon\/","title":{"rendered":"Combi - Balkon"},"content":{"rendered":"<p style=\"margin-bottom: 0cm;\"><strong>Dimensioner:<\/strong> 19x6x8 cm<\/p>\n<p><strong>Materiale:<\/strong> PMMA<\/p>\n<p><strong>Farve:<\/strong> krystalklar, gennemsigtig, gennemskinnelig<\/p>\n<p><strong>Indhold:<\/strong><br \/>\n1x bundplade<br \/>\n2x holderbeslag<br \/>\n1x smal rampe (til sm\u00e5 myrer)<br \/>\n1x rampe bred (til store myrer)<\/p>\n<p><strong>Bem\u00e6rk:<\/strong> Delene leveres som et s\u00e6t eller som et plug-in-system. Der er ikke behov for limning.<\/p>\n<p><strong>Forbindelse:<\/strong><br \/>\nKan tilsluttes til alle Combi-arenaer 20x20x20 cm i S, M, L.<\/p>\n<p><strong>Beskrivelse:<\/strong> Combi-Balcony tilsluttes ganske enkelt til den eksisterende Arena Combi. Balkonen fungerer som en forl\u00e6ngelse af arenaen og g\u00f8r det lettere for myrerne at klatre op eller ned fra arenaens \u00f8verste redeomr\u00e5de. Der er en smal klatrehj\u00e6lp til sm\u00e5 myrearter som Lasius niger og en bredere til arter som Camponotus. Den forh\u00f8jede platform kan bruges som foderomr\u00e5de til at placere sk\u00e5le eller drikkedunke. Den forenkler pleje- og vedligeholdelsesarbejdet p\u00e5 grund af n\u00e6rheden til den \u00f8verste \u00e5bning og holder det nederste substrat fri for madrester. P\u00e5 grund af det gennemsigtige materiale passer Combi Balcony perfekt ind i Combi Arena uden at sp\u00e6rre for udsynet til redeomr\u00e5det og er desuden let at reng\u00f8re.<\/p>\n<p style=\"margin-bottom: 0cm;\">","protected":false},"excerpt":{"rendered":"<p>Dimensioner: 19x6x8 cm Materiale: Materiale: PMMA Farve: krystalklar, gennemsigtig, gennemskinnelig Indhold: 1x bundplade 2x holderbeslag 1x rampe smal (til sm\u00e5 myrer) 1x rampe bred (til store myrer) Bem\u00e6rk: Delene leveres som et s\u00e6t eller som et plug-in system. Det er ikke n\u00f8dvendigt at lime. Tilslutning: Kan kobles ind i alle Combi-arenaer 20x20x20 cm i","protected":false},"featured_media":4875,"comment_status":"open","ping_status":"closed","template":"","meta":{"_acf_changed":false,"content-type":"","_monsterinsights_skip_tracking":false,"_monsterinsights_sitenote_active":false,"_monsterinsights_sitenote_note":"","_monsterinsights_sitenote_category":0},"product_brand":[],"product_cat":[239],"product_tag":[],"class_list":{"0":"post-4873","1":"product","2":"type-product","3":"status-publish","4":"has-post-thumbnail","6":"product_cat-useful-additions","8":"first","9":"instock","10":"taxable","11":"shipping-taxable","12":"purchasable","13":"product-type-simple"},"acf":[],"aioseo_notices":[],"jetpack_sharing_enabled":true,"_links":{"self":[{"href":"https:\/\/antcube.shop\/da\/wp-json\/wp\/v2\/product\/4873","targetHints":{"allow":["GET"]}}],"collection":[{"href":"https:\/\/antcube.shop\/da\/wp-json\/wp\/v2\/product"}],"about":[{"href":"https:\/\/antcube.shop\/da\/wp-json\/wp\/v2\/types\/product"}],"replies":[{"embeddable":true,"href":"https:\/\/antcube.shop\/da\/wp-json\/wp\/v2\/comments?post=4873"}],"wp:featuredmedia":[{"embeddable":true,"href":"https:\/\/antcube.shop\/da\/wp-json\/wp\/v2\/media\/4875"}],"wp:attachment":[{"href":"https:\/\/antcube.shop\/da\/wp-json\/wp\/v2\/media?parent=4873"}],"wp:term":[{"taxonomy":"product_brand","embeddable":true,"href":"https:\/\/antcube.shop\/da\/wp-json\/wp\/v2\/product_brand?post=4873"},{"taxonomy":"product_cat","embeddable":true,"href":"https:\/\/antcube.shop\/da\/wp-json\/wp\/v2\/product_cat?post=4873"},{"taxonomy":"product_tag","embeddable":true,"href":"https:\/\/antcube.shop\/da\/wp-json\/wp\/v2\/product_tag?post=4873"}],"curies":[{"name":"wp","href":"https:\/\/api.w.org\/{rel}","templated":true}]}}