{"id":4747,"date":"2022-11-14T15:08:27","date_gmt":"2022-11-14T14:08:27","guid":{"rendered":"https:\/\/antcube.shop\/produkt\/beckenverbinder-3-4-beidseitig-fur-bohrung-27-mm\/"},"modified":"2026-04-15T15:04:19","modified_gmt":"2026-04-15T13:04:19","slug":"beckenverbinder-3-4-beidseitig-fur-bohrung-27-mm","status":"publish","type":"product","link":"https:\/\/antcube.shop\/da\/vare\/beckenverbinder-3-4-beidseitig-fur-bohrung-27-mm\/","title":{"rendered":"Bassinkobling 3\/4\u2033 - begge sider til boring 27 mm"},"content":{"rendered":"<p><strong>Dimensioner:<\/strong> til boring 27mm<\/p>\n<p><strong>Indhold:<\/strong> 1x skrueadapter (<strong>HENVISNING<\/strong>: Se under \"Relaterede produkter\").<\/p>\n<p><strong>Beskrivelse:<\/strong> Med denne bassinforbindelse kan to bassiner eller to g\u00e5rde i st\u00f8rrelse XL forbindes med hinanden. Hullerne skal v\u00e6re i samme h\u00f8jde i de bassiner, som du \u00f8nsker at forbinde. Forbindelsesstykket inds\u00e6ttes gennem hvert af hullerne og skrues fast med en separat tilg\u00e6ngelig kontram\u00f8trik. Dette sikrer, at forbindelsen er brudsikker og ogs\u00e5 holder sikkert, n\u00e5r bassinerne flyttes.<\/p>\n<p>&nbsp;<\/p>","protected":false},"excerpt":{"rendered":"<p>M\u00e5l: til boring 27 mm Indhold: (OBS: Gevindm\u00f8trikker medf\u00f8lger ikke, se under \"Relaterede produkter\"). Beskrivelse: 1: Med denne bassinforbindelse kan to bassiner eller ogs\u00e5 to g\u00e5rde i st\u00f8rrelsen XL forbindes med hinanden. Hullerne skal v\u00e6re i samme h\u00f8jde i de bassiner, som du \u00f8nsker at forbinde. Den","protected":false},"featured_media":4755,"comment_status":"open","ping_status":"closed","template":"","meta":{"_acf_changed":false,"content-type":"","_monsterinsights_skip_tracking":false,"_monsterinsights_sitenote_active":false,"_monsterinsights_sitenote_note":"","_monsterinsights_sitenote_category":0},"product_brand":[],"product_cat":[121],"product_tag":[],"class_list":{"0":"post-4747","1":"product","2":"type-product","3":"status-publish","4":"has-post-thumbnail","6":"product_cat-connectors","8":"first","9":"instock","10":"taxable","11":"shipping-taxable","12":"purchasable","13":"product-type-simple"},"acf":[],"aioseo_notices":[],"jetpack_sharing_enabled":true,"_links":{"self":[{"href":"https:\/\/antcube.shop\/da\/wp-json\/wp\/v2\/product\/4747","targetHints":{"allow":["GET"]}}],"collection":[{"href":"https:\/\/antcube.shop\/da\/wp-json\/wp\/v2\/product"}],"about":[{"href":"https:\/\/antcube.shop\/da\/wp-json\/wp\/v2\/types\/product"}],"replies":[{"embeddable":true,"href":"https:\/\/antcube.shop\/da\/wp-json\/wp\/v2\/comments?post=4747"}],"wp:featuredmedia":[{"embeddable":true,"href":"https:\/\/antcube.shop\/da\/wp-json\/wp\/v2\/media\/4755"}],"wp:attachment":[{"href":"https:\/\/antcube.shop\/da\/wp-json\/wp\/v2\/media?parent=4747"}],"wp:term":[{"taxonomy":"product_brand","embeddable":true,"href":"https:\/\/antcube.shop\/da\/wp-json\/wp\/v2\/product_brand?post=4747"},{"taxonomy":"product_cat","embeddable":true,"href":"https:\/\/antcube.shop\/da\/wp-json\/wp\/v2\/product_cat?post=4747"},{"taxonomy":"product_tag","embeddable":true,"href":"https:\/\/antcube.shop\/da\/wp-json\/wp\/v2\/product_tag?post=4747"}],"curies":[{"name":"wp","href":"https:\/\/api.w.org\/{rel}","templated":true}]}}