{"id":4745,"date":"2022-11-14T15:07:37","date_gmt":"2022-11-14T14:07:37","guid":{"rendered":"https:\/\/antcube.shop\/produkt\/rohrkappe-glasklar-fur-20mm\/"},"modified":"2026-04-13T09:34:43","modified_gmt":"2026-04-13T07:34:43","slug":"rohrkappe-glasklar-fur-20mm","status":"publish","type":"product","link":"https:\/\/antcube.shop\/da\/vare\/rohrkappe-glasklar-fur-20mm\/","title":{"rendered":"R\u00f8rh\u00e6tte krystalklar til 20mm"},"content":{"rendered":"<p><strong>M\u00e5l<\/strong> (LxBxH): 1,9\u00d72,5\u00d72,5\u00d72,5cm<br \/>\n<strong>Indvendig diameter:<\/strong> 20mm<\/p>\n<p>Materiale: Akryl<br \/>\nFarve: Farvel\u00f8s\/gennemsigtig\/klar<\/p>\n<p>Indhold: 1 stk.<\/p>\n<p>Tekniske specifikationer:<br \/>\nR\u00f8rh\u00e6tte krystalklar diameter 25 mm til 20 mm r\u00f8r.<\/p>\n<p><strong>Beskrivelse:<\/strong><br \/>\nR\u00f8rh\u00e6tte af gennemsigtig akryl til at lukke akrylr\u00f8r.<\/p>\n<p><strong>Bem\u00e6rk:<\/strong><br \/>\nVed montering af r\u00f8rene skal du v\u00e6re opm\u00e6rksom p\u00e5 f\u00f8lgende:<br \/>\nP\u00e5 grund af akrylmaterialets materialeegenskaber skal tryk og l\u00f8ftestangseffekt undg\u00e5s for enhver pris. Hvis det er vanskeligt at forbinde, skal du forbinde med forsigtige drejebev\u00e6gelser og om n\u00f8dvendigt gnide lidt olie mod udbrud ind.<\/p>","protected":false},"excerpt":{"rendered":"<p>M\u00e5l (LxBxH): 1,9x2,5x2,5cm Indvendig diameter: 20mm Materiale: Materiale: Akryl Farve: Farvel\u00f8s\/Transparent\/Clear Indhold: Indhold: Farvel\u00f8s\/Transparent\/Clear 1pcs. Tekniske specifikationer: R\u00f8rh\u00e6tte krystalklar diameter 25mm til 20mm r\u00f8r. Beskrivelse: R\u00f8rh\u00e6tte lavet af gennemsigtig akryl til at lukke akrylr\u00f8r. Bem\u00e6rk: N\u00e5r du monterer r\u00f8rene, skal du v\u00e6re opm\u00e6rksom p\u00e5 f\u00f8lgende: P\u00e5 grund af akryls materialeegenskaber skal tryk og l\u00f8ftestang v\u00e6re","protected":false},"featured_media":4768,"comment_status":"open","ping_status":"closed","template":"","meta":{"_acf_changed":false,"content-type":"","_monsterinsights_skip_tracking":false,"_monsterinsights_sitenote_active":false,"_monsterinsights_sitenote_note":"","_monsterinsights_sitenote_category":0},"product_brand":[],"product_cat":[345],"product_tag":[],"class_list":{"0":"post-4745","1":"product","2":"type-product","3":"status-publish","4":"has-post-thumbnail","6":"product_cat-pipe-connectors","8":"first","9":"instock","10":"taxable","11":"shipping-taxable","12":"purchasable","13":"product-type-simple"},"acf":[],"aioseo_notices":[],"jetpack_sharing_enabled":true,"_links":{"self":[{"href":"https:\/\/antcube.shop\/da\/wp-json\/wp\/v2\/product\/4745","targetHints":{"allow":["GET"]}}],"collection":[{"href":"https:\/\/antcube.shop\/da\/wp-json\/wp\/v2\/product"}],"about":[{"href":"https:\/\/antcube.shop\/da\/wp-json\/wp\/v2\/types\/product"}],"replies":[{"embeddable":true,"href":"https:\/\/antcube.shop\/da\/wp-json\/wp\/v2\/comments?post=4745"}],"wp:featuredmedia":[{"embeddable":true,"href":"https:\/\/antcube.shop\/da\/wp-json\/wp\/v2\/media\/4768"}],"wp:attachment":[{"href":"https:\/\/antcube.shop\/da\/wp-json\/wp\/v2\/media?parent=4745"}],"wp:term":[{"taxonomy":"product_brand","embeddable":true,"href":"https:\/\/antcube.shop\/da\/wp-json\/wp\/v2\/product_brand?post=4745"},{"taxonomy":"product_cat","embeddable":true,"href":"https:\/\/antcube.shop\/da\/wp-json\/wp\/v2\/product_cat?post=4745"},{"taxonomy":"product_tag","embeddable":true,"href":"https:\/\/antcube.shop\/da\/wp-json\/wp\/v2\/product_tag?post=4745"}],"curies":[{"name":"wp","href":"https:\/\/api.w.org\/{rel}","templated":true}]}}