{"id":4743,"date":"2022-11-14T15:07:05","date_gmt":"2022-11-14T14:07:05","guid":{"rendered":"https:\/\/antcube.shop\/produkt\/rohrverbinder-glasklar-fur-20mm-l\/"},"modified":"2026-04-03T11:58:47","modified_gmt":"2026-04-03T09:58:47","slug":"rohrverbinder-glasklar-fur-20mm-l","status":"publish","type":"product","link":"https:\/\/antcube.shop\/da\/vare\/rohrverbinder-glasklar-fur-20mm-l\/","title":{"rendered":"R\u00f8rforbindelse krystalklar til 20 mm - L"},"content":{"rendered":"<p>M\u00e5l (LxBxH): 4,2\u00d72,5\u00d74,2cm<br \/>\nIndvendig diameter: 20 mm<\/p>\n<p>Materiale: Akryl<\/p>\n<p>Farve: Farvel\u00f8s\/gennemsigtig\/klar<\/p>\n<p>Indhold: 1 stk.<\/p>\n<p>Tekniske specifikationer:<br \/>\nR\u00f8rforbindelse i form af L akryldiameter 25 mm til 20 mm r\u00f8r.<\/p>\n<p>Beskrivelse:<br \/>\nR\u00f8rforbindelse af gennemsigtig akryl til at forbinde akrylr\u00f8r.<\/p>\n<p>Bem\u00e6rk:<br \/>\nN\u00e5r du samler r\u00f8rene, skal du v\u00e6re opm\u00e6rksom p\u00e5 f\u00f8lgende:<br \/>\nP\u00e5 grund af akrylmaterialets materialeegenskaber skal tryk og l\u00f8ftestangseffekt undg\u00e5s for enhver pris. Hvis forbindelsen er vanskelig, skal du forbinde den med forsigtige drejebev\u00e6gelser og om n\u00f8dvendigt gnide lidt olie mod udbrud ind.<\/p>\n<p>&nbsp;<\/p>","protected":false},"excerpt":{"rendered":"<p>M\u00e5l (LxBxH): 4,2x2,5x4,2cm Indvendig diameter: 20mm Materiale: Materiale: Akryl Farve: Farvel\u00f8s\/Transparent\/Clear Indhold: Indhold: Farvel\u00f8s\/Transparent\/Clear 1pcs. Tekniske specifikationer: R\u00f8rforbindelse form L akryl diameter 25mm for 20mm r\u00f8r. Beskrivelse: R\u00f8rr\u00f8r: R\u00f8rr\u00f8r med en diameter p\u00e5 20 mm: R\u00f8rforbindelse lavet af gennemsigtig akryl til at forbinde akrylr\u00f8r. Bem\u00e6rk: N\u00e5r du samler r\u00f8rene, skal du v\u00e6re opm\u00e6rksom p\u00e5 f\u00f8lgende: P\u00e5 grund af akrylens materialeegenskaber skal tryk og l\u00f8ftestangseffekt","protected":false},"featured_media":4773,"comment_status":"open","ping_status":"closed","template":"","meta":{"_acf_changed":false,"content-type":"","_monsterinsights_skip_tracking":false,"_monsterinsights_sitenote_active":false,"_monsterinsights_sitenote_note":"","_monsterinsights_sitenote_category":0},"product_brand":[],"product_cat":[345],"product_tag":[],"class_list":{"0":"post-4743","1":"product","2":"type-product","3":"status-publish","4":"has-post-thumbnail","6":"product_cat-pipe-connectors","8":"first","9":"instock","10":"taxable","11":"shipping-taxable","12":"purchasable","13":"product-type-simple"},"acf":[],"aioseo_notices":[],"jetpack_sharing_enabled":true,"_links":{"self":[{"href":"https:\/\/antcube.shop\/da\/wp-json\/wp\/v2\/product\/4743","targetHints":{"allow":["GET"]}}],"collection":[{"href":"https:\/\/antcube.shop\/da\/wp-json\/wp\/v2\/product"}],"about":[{"href":"https:\/\/antcube.shop\/da\/wp-json\/wp\/v2\/types\/product"}],"replies":[{"embeddable":true,"href":"https:\/\/antcube.shop\/da\/wp-json\/wp\/v2\/comments?post=4743"}],"wp:featuredmedia":[{"embeddable":true,"href":"https:\/\/antcube.shop\/da\/wp-json\/wp\/v2\/media\/4773"}],"wp:attachment":[{"href":"https:\/\/antcube.shop\/da\/wp-json\/wp\/v2\/media?parent=4743"}],"wp:term":[{"taxonomy":"product_brand","embeddable":true,"href":"https:\/\/antcube.shop\/da\/wp-json\/wp\/v2\/product_brand?post=4743"},{"taxonomy":"product_cat","embeddable":true,"href":"https:\/\/antcube.shop\/da\/wp-json\/wp\/v2\/product_cat?post=4743"},{"taxonomy":"product_tag","embeddable":true,"href":"https:\/\/antcube.shop\/da\/wp-json\/wp\/v2\/product_tag?post=4743"}],"curies":[{"name":"wp","href":"https:\/\/api.w.org\/{rel}","templated":true}]}}