{"id":4737,"date":"2022-11-14T15:05:30","date_gmt":"2022-11-14T14:05:30","guid":{"rendered":"https:\/\/antcube.shop\/produkt\/bohrungsadapter-50-auf-27mm-transparent\/"},"modified":"2026-04-20T09:58:23","modified_gmt":"2026-04-20T07:58:23","slug":"bohrungsadapter-50-auf-27mm-transparent","status":"publish","type":"product","link":"https:\/\/antcube.shop\/da\/vare\/bohrungsadapter-50-auf-27mm-transparent\/","title":{"rendered":"Boreadapter 50 til 27 mm - gennemsigtig"},"content":{"rendered":"<p><strong>Indhold:<\/strong><br \/>\n1x akrylskive 50x4mm med 27mm hul<br \/>\n1x selvkl\u00e6bende folie gennemsigtig 60mm med 27mm hul<\/p>\n<p><strong>Dimensioner:<\/strong> 60x4mm<\/p>\n<p><strong>Materiale:<\/strong> PMMA, PP<\/p>\n<p><strong>Farve:<\/strong> gennemsigtig \/ krystalklar<\/p>\n<p><strong>Beskrivelse:<\/strong> Adapter til fastg\u00f8relse af elementer med 27 mm diameter i 50 mm hul.<br \/>\nDen gennemsigtige 50\u00b5 kl\u00e6befolie af h\u00f8j kvalitet er ridsefast og indeholder en UV-beskyttende bel\u00e6gning og er permanent kl\u00e6bende.<br \/>\nDet giver en sikker, fast og visuelt smuk fastg\u00f8relse af adapteren.<\/p>\n<p><strong>Bem\u00e6rk:<\/strong> Boringsadapteren m\u00e5 ikke belastes med permanent tryk med l\u00f8ftestangseffekt, da den ellers kan l\u00f8sne sig. Den er kun egnet til lige forbindelser!<\/p>","protected":false},"excerpt":{"rendered":"<p>Indhold: 1x akrylskive 50x4mm med 27mm hul 1x selvkl\u00e6bende folie gennemsigtig 60mm med 27mm hul Dimensioner: 60x4mm Materiale: PMMA, PP Farve: gennemsigtig \/ krystalklar Beskrivelse: Adapter til fastg\u00f8relse af elementer med 27mm diameter i 50mm hul. Den gennemsigtige 50\u00b5 kl\u00e6befolie af h\u00f8j kvalitet er ridsefast og indeholder en UV-beskyttende bel\u00e6gning og er","protected":false},"featured_media":4887,"comment_status":"open","ping_status":"closed","template":"","meta":{"_acf_changed":false,"content-type":"","_monsterinsights_skip_tracking":false,"_monsterinsights_sitenote_active":false,"_monsterinsights_sitenote_note":"","_monsterinsights_sitenote_category":0},"product_brand":[],"product_cat":[119,121],"product_tag":[],"class_list":{"0":"post-4737","1":"product","2":"type-product","3":"status-publish","4":"has-post-thumbnail","6":"product_cat-formicarium-components","7":"product_cat-connectors","9":"first","10":"instock","11":"taxable","12":"shipping-taxable","13":"purchasable","14":"product-type-simple"},"acf":[],"aioseo_notices":[],"jetpack_sharing_enabled":true,"_links":{"self":[{"href":"https:\/\/antcube.shop\/da\/wp-json\/wp\/v2\/product\/4737","targetHints":{"allow":["GET"]}}],"collection":[{"href":"https:\/\/antcube.shop\/da\/wp-json\/wp\/v2\/product"}],"about":[{"href":"https:\/\/antcube.shop\/da\/wp-json\/wp\/v2\/types\/product"}],"replies":[{"embeddable":true,"href":"https:\/\/antcube.shop\/da\/wp-json\/wp\/v2\/comments?post=4737"}],"wp:featuredmedia":[{"embeddable":true,"href":"https:\/\/antcube.shop\/da\/wp-json\/wp\/v2\/media\/4887"}],"wp:attachment":[{"href":"https:\/\/antcube.shop\/da\/wp-json\/wp\/v2\/media?parent=4737"}],"wp:term":[{"taxonomy":"product_brand","embeddable":true,"href":"https:\/\/antcube.shop\/da\/wp-json\/wp\/v2\/product_brand?post=4737"},{"taxonomy":"product_cat","embeddable":true,"href":"https:\/\/antcube.shop\/da\/wp-json\/wp\/v2\/product_cat?post=4737"},{"taxonomy":"product_tag","embeddable":true,"href":"https:\/\/antcube.shop\/da\/wp-json\/wp\/v2\/product_tag?post=4737"}],"curies":[{"name":"wp","href":"https:\/\/api.w.org\/{rel}","templated":true}]}}