{"id":4735,"date":"2022-11-14T15:04:59","date_gmt":"2022-11-14T14:04:59","guid":{"rendered":"https:\/\/antcube.shop\/produkt\/rohrkappe-glasklar-fur-32mm\/"},"modified":"2026-03-31T09:51:38","modified_gmt":"2026-03-31T07:51:38","slug":"rohrkappe-glasklar-fur-32mm","status":"publish","type":"product","link":"https:\/\/antcube.shop\/da\/vare\/rohrkappe-glasklar-fur-32mm\/","title":{"rendered":"R\u00f8rh\u00e6tte krystalklar til 32 mm"},"content":{"rendered":"<p><strong>M\u00e5l (LxBxH):<\/strong> 2,6\u00d74,0x4,0cm<br \/>\n<strong>Indvendig diameter:<\/strong> 32 mm<\/p>\n<p><strong>Materiale:<\/strong> Akryl<br \/>\n<strong>Farve:<\/strong> Farvel\u00f8s\/gennemsigtig\/klar<\/p>\n<p><strong>Indhold:<\/strong> 1 stk.<\/p>\n<p><strong>Tekniske specifikationer:<\/strong><br \/>\nR\u00f8rh\u00e6tte krystalklar diameter 40 mm til 32 mm r\u00f8r.<\/p>\n<p><strong>Beskrivelse:<\/strong><br \/>\nR\u00f8rh\u00e6tte af gennemsigtig akryl til at lukke akrylr\u00f8r.<\/p>\n<p><strong>Bem\u00e6rk:<\/strong><br \/>\nVed montering af r\u00f8rene skal du v\u00e6re opm\u00e6rksom p\u00e5 f\u00f8lgende:<br \/>\nP\u00e5 grund af akrylmaterialets materialeegenskaber skal tryk og l\u00f8ftestangseffekt undg\u00e5s for enhver pris. Hvis forbindelsen er vanskelig, skal du forbinde den med forsigtige drejebev\u00e6gelser og om n\u00f8dvendigt gnide lidt olie mod udbrud ind.<\/p>","protected":false},"excerpt":{"rendered":"<p>M\u00e5l (LxBxH): 2,6x4,0x4,0cm Indvendig diameter: 32mm Materiale: Materiale: Akryl Farve: Farvel\u00f8s\/Transparent\/Clear Indhold: Indhold: Farvel\u00f8s\/Transparent\/Clear 1 stk. Tekniske specifikationer: R\u00f8rh\u00e6tte krystalklar diameter 40mm til 32mm r\u00f8r. Beskrivelse:: R\u00f8rr\u00f8r med en diameter p\u00e5 32 mm: R\u00f8rh\u00e6tte lavet af gennemsigtig akryl til at lukke akrylr\u00f8r. Bem\u00e6rk: N\u00e5r du monterer r\u00f8rene, skal du v\u00e6re opm\u00e6rksom p\u00e5 f\u00f8lgende: P\u00e5 grund af akryls materialeegenskaber skal tryk og l\u00f8ftestang v\u00e6re","protected":false},"featured_media":4894,"comment_status":"open","ping_status":"closed","template":"","meta":{"_acf_changed":false,"content-type":"","_monsterinsights_skip_tracking":false,"_monsterinsights_sitenote_active":false,"_monsterinsights_sitenote_note":"","_monsterinsights_sitenote_category":0},"product_brand":[],"product_cat":[345],"product_tag":[],"class_list":{"0":"post-4735","1":"product","2":"type-product","3":"status-publish","4":"has-post-thumbnail","6":"product_cat-pipe-connectors","8":"first","9":"instock","10":"taxable","11":"shipping-taxable","12":"purchasable","13":"product-type-simple"},"acf":[],"aioseo_notices":[],"jetpack_sharing_enabled":true,"_links":{"self":[{"href":"https:\/\/antcube.shop\/da\/wp-json\/wp\/v2\/product\/4735","targetHints":{"allow":["GET"]}}],"collection":[{"href":"https:\/\/antcube.shop\/da\/wp-json\/wp\/v2\/product"}],"about":[{"href":"https:\/\/antcube.shop\/da\/wp-json\/wp\/v2\/types\/product"}],"replies":[{"embeddable":true,"href":"https:\/\/antcube.shop\/da\/wp-json\/wp\/v2\/comments?post=4735"}],"wp:featuredmedia":[{"embeddable":true,"href":"https:\/\/antcube.shop\/da\/wp-json\/wp\/v2\/media\/4894"}],"wp:attachment":[{"href":"https:\/\/antcube.shop\/da\/wp-json\/wp\/v2\/media?parent=4735"}],"wp:term":[{"taxonomy":"product_brand","embeddable":true,"href":"https:\/\/antcube.shop\/da\/wp-json\/wp\/v2\/product_brand?post=4735"},{"taxonomy":"product_cat","embeddable":true,"href":"https:\/\/antcube.shop\/da\/wp-json\/wp\/v2\/product_cat?post=4735"},{"taxonomy":"product_tag","embeddable":true,"href":"https:\/\/antcube.shop\/da\/wp-json\/wp\/v2\/product_tag?post=4735"}],"curies":[{"name":"wp","href":"https:\/\/api.w.org\/{rel}","templated":true}]}}