{"id":4732,"date":"2022-11-14T15:04:12","date_gmt":"2022-11-14T14:04:12","guid":{"rendered":"https:\/\/antcube.shop\/produkt\/rohrverbinder-glasklar-fur-32mm-45\/"},"modified":"2026-04-17T17:42:08","modified_gmt":"2026-04-17T15:42:08","slug":"rohrverbinder-glasklar-fur-32mm-45","status":"publish","type":"product","link":"https:\/\/antcube.shop\/da\/vare\/rohrverbinder-glasklar-fur-32mm-45\/","title":{"rendered":"R\u00f8rforbindelse krystalklar til 32 mm - 45\u00b0"},"content":{"rendered":"<p><strong>M\u00e5l (LxBxH):<\/strong> 7,2\u00d74,0x5,5cm<br \/>\n<strong>Indvendig diameter:<\/strong> 32 mm<\/p>\n<p><strong>Materiale:<\/strong> Akryl<\/p>\n<p><strong>Farve:<\/strong> Farvel\u00f8s\/gennemsigtig\/klar<\/p>\n<p><strong>Indhold:<\/strong> 1 stk.<\/p>\n<p><strong>Tekniske specifikationer:<\/strong><br \/>\nR\u00f8rforbindelse akryldiameter 40 mm til 32 mm r\u00f8r.<\/p>\n<p><strong>Beskrivelse:<\/strong><br \/>\nR\u00f8rforbindelse af gennemsigtig akryl til at forbinde akrylr\u00f8r i en vinkel p\u00e5 45\u00b0.<\/p>\n<p><strong>Bem\u00e6rk:<\/strong><br \/>\nN\u00e5r du samler r\u00f8rene, skal du v\u00e6re opm\u00e6rksom p\u00e5 f\u00f8lgende:<br \/>\nP\u00e5 grund af akrylmaterialets materialeegenskaber skal tryk og l\u00f8ftestangseffekt undg\u00e5s for enhver pris. Hvis forbindelsen er vanskelig, skal du forbinde den med forsigtige drejebev\u00e6gelser og om n\u00f8dvendigt gnide lidt olie mod udbrud ind.<\/p>","protected":false},"excerpt":{"rendered":"<p>Dimensioner (LxBxH): 7,2x4,0x5,5cm Indvendig diameter: 32mm Materiale: Materiale: Akryl Farve: Farvel\u00f8s\/Transparent\/Clear Indhold: Indhold: Farvel\u00f8s\/Transparent\/Clear 1pcs. Tekniske specifikationer: R\u00f8rforbindelse akryl diameter 40mm til 32mm r\u00f8r. Beskrivelse: R\u00f8rr\u00f8r for 32 mm: R\u00f8rforbinder fremstillet af gennemsigtig akryl til at forbinde akrylr\u00f8r i en vinkel p\u00e5 45\u00b0. Bem\u00e6rk: Ved montering af r\u00f8rene skal du v\u00e6re opm\u00e6rksom p\u00e5 f\u00f8lgende: P\u00e5 grund af akryls materialeegenskaber kan tryk","protected":false},"featured_media":4901,"comment_status":"open","ping_status":"closed","template":"","meta":{"_acf_changed":false,"content-type":"","_monsterinsights_skip_tracking":false,"_monsterinsights_sitenote_active":false,"_monsterinsights_sitenote_note":"","_monsterinsights_sitenote_category":0},"product_brand":[],"product_cat":[345],"product_tag":[],"class_list":{"0":"post-4732","1":"product","2":"type-product","3":"status-publish","4":"has-post-thumbnail","6":"product_cat-pipe-connectors","8":"first","9":"instock","10":"taxable","11":"shipping-taxable","12":"purchasable","13":"product-type-simple"},"acf":[],"aioseo_notices":[],"jetpack_sharing_enabled":true,"_links":{"self":[{"href":"https:\/\/antcube.shop\/da\/wp-json\/wp\/v2\/product\/4732","targetHints":{"allow":["GET"]}}],"collection":[{"href":"https:\/\/antcube.shop\/da\/wp-json\/wp\/v2\/product"}],"about":[{"href":"https:\/\/antcube.shop\/da\/wp-json\/wp\/v2\/types\/product"}],"replies":[{"embeddable":true,"href":"https:\/\/antcube.shop\/da\/wp-json\/wp\/v2\/comments?post=4732"}],"wp:featuredmedia":[{"embeddable":true,"href":"https:\/\/antcube.shop\/da\/wp-json\/wp\/v2\/media\/4901"}],"wp:attachment":[{"href":"https:\/\/antcube.shop\/da\/wp-json\/wp\/v2\/media?parent=4732"}],"wp:term":[{"taxonomy":"product_brand","embeddable":true,"href":"https:\/\/antcube.shop\/da\/wp-json\/wp\/v2\/product_brand?post=4732"},{"taxonomy":"product_cat","embeddable":true,"href":"https:\/\/antcube.shop\/da\/wp-json\/wp\/v2\/product_cat?post=4732"},{"taxonomy":"product_tag","embeddable":true,"href":"https:\/\/antcube.shop\/da\/wp-json\/wp\/v2\/product_tag?post=4732"}],"curies":[{"name":"wp","href":"https:\/\/api.w.org\/{rel}","templated":true}]}}