{"id":4729,"date":"2022-11-14T15:03:24","date_gmt":"2022-11-14T14:03:24","guid":{"rendered":"https:\/\/antcube.shop\/produkt\/becken-rohrverbinder-3-4-zu-32mm-gerade-transparent\/"},"modified":"2026-04-11T13:49:22","modified_gmt":"2026-04-11T11:49:22","slug":"becken-rohrverbinder-3-4-zu-32mm-gerade-transparent","status":"publish","type":"product","link":"https:\/\/antcube.shop\/da\/vare\/becken-rohrverbinder-3-4-zu-32mm-gerade-transparent\/","title":{"rendered":"R\u00f8rforbindelse 3\/4\u2033 til 32 mm - lige - gennemsigtig"},"content":{"rendered":"<p><strong>Dimensioner:<\/strong> 75x40x40mm<\/p>\n<p><strong>Antal:<\/strong> 1 stk.<\/p>\n<p><strong>Farve:<\/strong> gennemsigtig<\/p>\n<p><strong>Materiale:<\/strong> plast<\/p>\n<p><strong>Beskrivelse:<\/strong> Denne bassinr\u00f8rforbindelse 3\/4\u2033 passer i et 27 mm hul samt p\u00e5 et 32 mm r\u00f8r med en ydre diameter p\u00e5 32 mm.<\/p>","protected":false},"excerpt":{"rendered":"<p>Dimensioner: Antal: 75x40x40mm: Antal: 1 stk Farve: gennemsigtig Materiale: plast Beskrivelse: 1 stk: Denne bassin r\u00f8rforbindelse 3\/4\" passer i et 27mm hul samt p\u00e5 et 32mm r\u00f8r yderdiameter.<\/p>","protected":false},"featured_media":4905,"comment_status":"open","ping_status":"closed","template":"","meta":{"_acf_changed":false,"content-type":"","_monsterinsights_skip_tracking":false,"_monsterinsights_sitenote_active":false,"_monsterinsights_sitenote_note":"","_monsterinsights_sitenote_category":0},"product_brand":[],"product_cat":[345],"product_tag":[],"class_list":{"0":"post-4729","1":"product","2":"type-product","3":"status-publish","4":"has-post-thumbnail","6":"product_cat-pipe-connectors","8":"first","9":"instock","10":"taxable","11":"shipping-taxable","12":"purchasable","13":"product-type-simple"},"acf":[],"aioseo_notices":[],"jetpack_sharing_enabled":true,"_links":{"self":[{"href":"https:\/\/antcube.shop\/da\/wp-json\/wp\/v2\/product\/4729","targetHints":{"allow":["GET"]}}],"collection":[{"href":"https:\/\/antcube.shop\/da\/wp-json\/wp\/v2\/product"}],"about":[{"href":"https:\/\/antcube.shop\/da\/wp-json\/wp\/v2\/types\/product"}],"replies":[{"embeddable":true,"href":"https:\/\/antcube.shop\/da\/wp-json\/wp\/v2\/comments?post=4729"}],"wp:featuredmedia":[{"embeddable":true,"href":"https:\/\/antcube.shop\/da\/wp-json\/wp\/v2\/media\/4905"}],"wp:attachment":[{"href":"https:\/\/antcube.shop\/da\/wp-json\/wp\/v2\/media?parent=4729"}],"wp:term":[{"taxonomy":"product_brand","embeddable":true,"href":"https:\/\/antcube.shop\/da\/wp-json\/wp\/v2\/product_brand?post=4729"},{"taxonomy":"product_cat","embeddable":true,"href":"https:\/\/antcube.shop\/da\/wp-json\/wp\/v2\/product_cat?post=4729"},{"taxonomy":"product_tag","embeddable":true,"href":"https:\/\/antcube.shop\/da\/wp-json\/wp\/v2\/product_tag?post=4729"}],"curies":[{"name":"wp","href":"https:\/\/api.w.org\/{rel}","templated":true}]}}