{"id":4726,"date":"2022-11-14T15:02:37","date_gmt":"2022-11-14T14:02:37","guid":{"rendered":"https:\/\/antcube.shop\/produkt\/rohrverbindungsring-fur-50mm-rohr\/"},"modified":"2026-03-20T10:38:38","modified_gmt":"2026-03-20T09:38:38","slug":"rohrverbindungsring-fur-50mm-rohr","status":"publish","type":"product","link":"https:\/\/antcube.shop\/da\/vare\/rohrverbindungsring-fur-50mm-rohr\/","title":{"rendered":"R\u00f8rtilslutningsring til 50 mm r\u00f8r"},"content":{"rendered":"<p><strong>Antal:<\/strong> 1 stk.<\/p>\n<p><strong>Dimensioner:<\/strong> 50 mm (indvendig diameter), 60x10 mm (ydre dimensioner)<\/p>\n<p><strong>Farve:<\/strong> gennemsigtig<\/p>\n<p><strong>Materiale:<\/strong> akryl<\/p>\n<p><strong>Beskrivelse:<\/strong><br \/>\nR\u00f8rforbindelsesring af gennemsigtig akryl til at forbinde akrylr\u00f8r.<\/p>\n<p><strong>Anvendelse:<\/strong><br \/>\nTil tilslutning af akrylr\u00f8r med en diameter p\u00e5 50 mm.<\/p>\n<p><strong>Bem\u00e6rk:<\/strong><br \/>\nN\u00e5r du samler r\u00f8rene, skal du v\u00e6re opm\u00e6rksom p\u00e5 f\u00f8lgende:<br \/>\nHvis det er meget vanskeligt at montere r\u00f8ret p\u00e5 forbindelsesmuffen, skal t\u00e6tningsringen gnides let med en dr\u00e5be af vores udbryderbeskyttelsesolie eller -pulver. R\u00f8ret skal derefter skubbes p\u00e5 b\u00f8sningen med drejende eller skruende bev\u00e6gelser uden at belaste b\u00f8sningen med op- og nedadg\u00e5ende bev\u00e6gelser. P\u00e5 grund af akrylmaterialets materialeegenskaber b\u00f8r tryk og l\u00f8ftestangseffekt undg\u00e5s for enhver pris.<\/p>\n<p>&nbsp;<\/p>","protected":false},"excerpt":{"rendered":"<p>Antal: Antal: 1 stk: Farve: gennemsigtig Materiale: akryl Beskrivelse: Beskrivelse: Denne model er udstyret med et stykke af en af de f\u00f8lgende dele: 50mm (indre diameter), 60x10mm (ydre dimensioner) R\u00f8rforbindelsesring fremstillet af gennemsigtig akryl til forbindelse af akrylr\u00f8r. Anvendelse: Til tilslutning af akrylr\u00f8r med en diameter p\u00e5 50mm. Bem\u00e6rkninger: Ved samling af r\u00f8rene skal du v\u00e6re opm\u00e6rksom p\u00e5 f\u00f8lgende: Hvis r\u00f8ret er meget vanskeligt at passe p\u00e5 forbindelsesmuffen,","protected":false},"featured_media":4921,"comment_status":"open","ping_status":"closed","template":"","meta":{"_acf_changed":false,"content-type":"","_monsterinsights_skip_tracking":false,"_monsterinsights_sitenote_active":false,"_monsterinsights_sitenote_note":"","_monsterinsights_sitenote_category":0},"product_brand":[],"product_cat":[345],"product_tag":[],"class_list":{"0":"post-4726","1":"product","2":"type-product","3":"status-publish","4":"has-post-thumbnail","6":"product_cat-pipe-connectors","8":"first","9":"instock","10":"taxable","11":"shipping-taxable","12":"purchasable","13":"product-type-simple"},"acf":[],"aioseo_notices":[],"jetpack_sharing_enabled":true,"_links":{"self":[{"href":"https:\/\/antcube.shop\/da\/wp-json\/wp\/v2\/product\/4726","targetHints":{"allow":["GET"]}}],"collection":[{"href":"https:\/\/antcube.shop\/da\/wp-json\/wp\/v2\/product"}],"about":[{"href":"https:\/\/antcube.shop\/da\/wp-json\/wp\/v2\/types\/product"}],"replies":[{"embeddable":true,"href":"https:\/\/antcube.shop\/da\/wp-json\/wp\/v2\/comments?post=4726"}],"wp:featuredmedia":[{"embeddable":true,"href":"https:\/\/antcube.shop\/da\/wp-json\/wp\/v2\/media\/4921"}],"wp:attachment":[{"href":"https:\/\/antcube.shop\/da\/wp-json\/wp\/v2\/media?parent=4726"}],"wp:term":[{"taxonomy":"product_brand","embeddable":true,"href":"https:\/\/antcube.shop\/da\/wp-json\/wp\/v2\/product_brand?post=4726"},{"taxonomy":"product_cat","embeddable":true,"href":"https:\/\/antcube.shop\/da\/wp-json\/wp\/v2\/product_cat?post=4726"},{"taxonomy":"product_tag","embeddable":true,"href":"https:\/\/antcube.shop\/da\/wp-json\/wp\/v2\/product_tag?post=4726"}],"curies":[{"name":"wp","href":"https:\/\/api.w.org\/{rel}","templated":true}]}}