{"id":4720,"date":"2022-11-14T15:01:00","date_gmt":"2022-11-14T14:01:00","guid":{"rendered":"https:\/\/antcube.shop\/produkt\/formicarium-schraubbuchse-fur-50mm-bohrung-transparent\/"},"modified":"2025-10-19T12:40:25","modified_gmt":"2025-10-19T10:40:25","slug":"formicarium-schraubbuchse-fur-50mm-bohrung-transparent","status":"publish","type":"product","link":"https:\/\/antcube.shop\/da\/vare\/formicarium-schraubbuchse-fur-50mm-bohrung-transparent\/","title":{"rendered":"Formicarium skrueb\u00f8sning til 50 mm hul - gennemsigtig"},"content":{"rendered":"<p><strong>Indhold:<\/strong> 1 stk.<\/p>\n<p><strong>Dimensioner:<\/strong> 68 x 68 x 46 mm (49 mm sokkel)<\/p>\n<p><strong>Materiale:<\/strong> Plast<\/p>\n<p><strong>Farve:<\/strong> Gennemsigtig<\/p>\n<p><strong>Beskrivelse:<\/strong><br \/>\nDenne vare er et b\u00e6kkenslangeforbindelsesstykke.<br \/>\nOm matchende r\u00f8rforbindere 50mm, du kan forbinde flere r\u00f8r 50mm eller flere Formicarien med denne b\u00e6kkenr\u00f8rforbinder.<br \/>\nDet er ogs\u00e5 muligt at tilslutte et 60 mm r\u00f8r (60\/56 mm) via t\u00e6tningsringen til 50 mm.<br \/>\nEller i tilf\u00e6lde af et d\u00e6ksel kan der anvendes egnede porcel\u00e6nsudtag til belysningsarmaturer.<\/p>\n<p><strong>Bem\u00e6rk:<\/strong><br \/>\nDa diameteren p\u00e5 denne stikkontakt kun er 49 mm i stedet for 50 mm, skal du bruge t\u00e6tningsringe eller en wrap af den selvkl\u00e6bende film krystalklar for at n\u00e5 op p\u00e5 diameteren 50 mm for at opn\u00e5 en t\u00e6t forbindelse.<\/p>","protected":false},"excerpt":{"rendered":"<p>Indhold: 1 stk. Dimensioner: 1 stk: (49 mm sokkel) Materiale: 68 x 68 x 46 mm (49 mm sokkel): Materiale: Plastik Farve: Transparent Beskrivelse: 1: Denne vare er et b\u00e6kkenslangeforbindelsesstykke. Om matchende r\u00f8rkontakter 50mm, du kan tilslutte flere r\u00f8r 50mm eller flere Formicarien med dette b\u00e6kkenr\u00f8rkonnektor. Det er ogs\u00e5 muligt eventuelt at tilslutte en 60mm tube (60\/56mm) via","protected":false},"featured_media":4924,"comment_status":"open","ping_status":"closed","template":"","meta":{"_acf_changed":false,"content-type":"","_monsterinsights_skip_tracking":false,"_monsterinsights_sitenote_active":false,"_monsterinsights_sitenote_note":"","_monsterinsights_sitenote_category":0},"product_brand":[],"product_cat":[345],"product_tag":[],"class_list":{"0":"post-4720","1":"product","2":"type-product","3":"status-publish","4":"has-post-thumbnail","6":"product_cat-pipe-connectors","8":"first","9":"outofstock","10":"taxable","11":"shipping-taxable","12":"purchasable","13":"product-type-simple"},"acf":[],"aioseo_notices":[],"jetpack_sharing_enabled":true,"_links":{"self":[{"href":"https:\/\/antcube.shop\/da\/wp-json\/wp\/v2\/product\/4720","targetHints":{"allow":["GET"]}}],"collection":[{"href":"https:\/\/antcube.shop\/da\/wp-json\/wp\/v2\/product"}],"about":[{"href":"https:\/\/antcube.shop\/da\/wp-json\/wp\/v2\/types\/product"}],"replies":[{"embeddable":true,"href":"https:\/\/antcube.shop\/da\/wp-json\/wp\/v2\/comments?post=4720"}],"wp:featuredmedia":[{"embeddable":true,"href":"https:\/\/antcube.shop\/da\/wp-json\/wp\/v2\/media\/4924"}],"wp:attachment":[{"href":"https:\/\/antcube.shop\/da\/wp-json\/wp\/v2\/media?parent=4720"}],"wp:term":[{"taxonomy":"product_brand","embeddable":true,"href":"https:\/\/antcube.shop\/da\/wp-json\/wp\/v2\/product_brand?post=4720"},{"taxonomy":"product_cat","embeddable":true,"href":"https:\/\/antcube.shop\/da\/wp-json\/wp\/v2\/product_cat?post=4720"},{"taxonomy":"product_tag","embeddable":true,"href":"https:\/\/antcube.shop\/da\/wp-json\/wp\/v2\/product_tag?post=4720"}],"curies":[{"name":"wp","href":"https:\/\/api.w.org\/{rel}","templated":true}]}}