{"id":4716,"date":"2022-11-14T14:59:57","date_gmt":"2022-11-14T13:59:57","guid":{"rendered":"https:\/\/antcube.shop\/produkt\/gittereinsatz-acryl-50-mm-klar-fein\/"},"modified":"2026-04-05T19:45:28","modified_gmt":"2026-04-05T17:45:28","slug":"gittereinsatz-acryl-50-mm-klar-fein","status":"publish","type":"product","link":"https:\/\/antcube.shop\/da\/vare\/gittereinsatz-acryl-50-mm-klar-fein\/","title":{"rendered":"Gitterindsats akryl 50 mm - klar - fin"},"content":{"rendered":"<p><strong>Antal:<\/strong> 1 stk.<\/p>\n<p><strong>Dimensioner:<\/strong> 60x10mm<\/p>\n<p><strong>Farve:<\/strong> klar<\/p>\n<p><strong>Materiale:<\/strong> plast, rustfrit st\u00e5l<\/p>\n<p><strong>Beskrivelse:<\/strong> ventilationsgitter med 50 mm stikdiameter til at lukke \u00e5bninger med 50 mm diameter. Indeholder artiklen: \"Gitterindsats akryl 50 mm - klar\" kombineret med et meget fint, meget robust gitter i rustfrit st\u00e5l (0,2-0,3 mm), som forhindrer selv sm\u00e5 myrer i at bryde ud gennem gitterindsatsens brede ventilations\u00e5bninger. Ogs\u00e5 velegnet til meget kraftigt bidende arter som f.eks. bladsk\u00e6rermyrer!<\/p>","protected":false},"excerpt":{"rendered":"<p>Til huller\/\u00e5bninger med en diameter p\u00e5 50 mm.<\/p>","protected":false},"featured_media":4809,"comment_status":"open","ping_status":"closed","template":"","meta":{"_acf_changed":false,"content-type":"","_monsterinsights_skip_tracking":false,"_monsterinsights_sitenote_active":false,"_monsterinsights_sitenote_note":"","_monsterinsights_sitenote_category":0},"product_brand":[],"product_cat":[238],"product_tag":[],"class_list":{"0":"post-4716","1":"product","2":"type-product","3":"status-publish","4":"has-post-thumbnail","6":"product_cat-grid-caps-plugs-and-inserts","8":"first","9":"instock","10":"taxable","11":"shipping-taxable","12":"purchasable","13":"product-type-simple"},"acf":[],"aioseo_notices":[],"jetpack_sharing_enabled":true,"_links":{"self":[{"href":"https:\/\/antcube.shop\/da\/wp-json\/wp\/v2\/product\/4716","targetHints":{"allow":["GET"]}}],"collection":[{"href":"https:\/\/antcube.shop\/da\/wp-json\/wp\/v2\/product"}],"about":[{"href":"https:\/\/antcube.shop\/da\/wp-json\/wp\/v2\/types\/product"}],"replies":[{"embeddable":true,"href":"https:\/\/antcube.shop\/da\/wp-json\/wp\/v2\/comments?post=4716"}],"wp:featuredmedia":[{"embeddable":true,"href":"https:\/\/antcube.shop\/da\/wp-json\/wp\/v2\/media\/4809"}],"wp:attachment":[{"href":"https:\/\/antcube.shop\/da\/wp-json\/wp\/v2\/media?parent=4716"}],"wp:term":[{"taxonomy":"product_brand","embeddable":true,"href":"https:\/\/antcube.shop\/da\/wp-json\/wp\/v2\/product_brand?post=4716"},{"taxonomy":"product_cat","embeddable":true,"href":"https:\/\/antcube.shop\/da\/wp-json\/wp\/v2\/product_cat?post=4716"},{"taxonomy":"product_tag","embeddable":true,"href":"https:\/\/antcube.shop\/da\/wp-json\/wp\/v2\/product_tag?post=4716"}],"curies":[{"name":"wp","href":"https:\/\/api.w.org\/{rel}","templated":true}]}}