{"id":4715,"date":"2022-11-14T14:59:42","date_gmt":"2022-11-14T13:59:42","guid":{"rendered":"https:\/\/antcube.shop\/produkt\/nadelstreu-klein-20g\/"},"modified":"2026-04-05T12:30:17","modified_gmt":"2026-04-05T10:30:17","slug":"nadelstreu-klein-20g","status":"publish","type":"product","link":"https:\/\/antcube.shop\/da\/vare\/nadelstreu-klein-20g\/","title":{"rendered":"N\u00e5le str\u00f8else - lille - 20g"},"content":{"rendered":"<p><strong>Dimensioner (l\u00e6ngde):<\/strong> 7-12 mm<\/p>\n<p><strong>Materiale:<\/strong> l\u00e6rken\u00e5le. Naturprodukt<\/p>\n<p><strong>Farve:<\/strong> Beige, m\u00f8rkebrun, gr\u00f8n<\/p>\n<p><strong>Beskrivelse:<\/strong> T\u00f8rrede n\u00e5le til dekorationsform\u00e5l.<\/p>\n<p><strong>Bem\u00e6rk:<\/strong> afh\u00e6ngigt af t\u00f8rringsgraden af n\u00e5lene kan de have en gr\u00f8n, beige eller brun til m\u00f8rkebrun farve. N\u00e5lene vil forts\u00e6tte med at t\u00f8rre og miste farve med tiden og senest n\u00e5 en brun nuance.<\/p>","protected":false},"excerpt":{"rendered":"<p><strong>L\u00e4nge: <\/strong>7 -12 mm<\/p>","protected":false},"featured_media":4942,"comment_status":"open","ping_status":"closed","template":"","meta":{"_acf_changed":false,"content-type":"","_monsterinsights_skip_tracking":false,"_monsterinsights_sitenote_active":false,"_monsterinsights_sitenote_note":"","_monsterinsights_sitenote_category":0},"product_brand":[],"product_cat":[95,98,101],"product_tag":[],"class_list":{"0":"post-4715","1":"product","2":"type-product","3":"status-publish","4":"has-post-thumbnail","6":"product_cat-accessories-for-ants","7":"product_cat-decoration","8":"product_cat-forest","10":"first","11":"instock","12":"taxable","13":"shipping-taxable","14":"purchasable","15":"product-type-simple"},"acf":[],"aioseo_notices":[],"jetpack_sharing_enabled":true,"_links":{"self":[{"href":"https:\/\/antcube.shop\/da\/wp-json\/wp\/v2\/product\/4715","targetHints":{"allow":["GET"]}}],"collection":[{"href":"https:\/\/antcube.shop\/da\/wp-json\/wp\/v2\/product"}],"about":[{"href":"https:\/\/antcube.shop\/da\/wp-json\/wp\/v2\/types\/product"}],"replies":[{"embeddable":true,"href":"https:\/\/antcube.shop\/da\/wp-json\/wp\/v2\/comments?post=4715"}],"wp:featuredmedia":[{"embeddable":true,"href":"https:\/\/antcube.shop\/da\/wp-json\/wp\/v2\/media\/4942"}],"wp:attachment":[{"href":"https:\/\/antcube.shop\/da\/wp-json\/wp\/v2\/media?parent=4715"}],"wp:term":[{"taxonomy":"product_brand","embeddable":true,"href":"https:\/\/antcube.shop\/da\/wp-json\/wp\/v2\/product_brand?post=4715"},{"taxonomy":"product_cat","embeddable":true,"href":"https:\/\/antcube.shop\/da\/wp-json\/wp\/v2\/product_cat?post=4715"},{"taxonomy":"product_tag","embeddable":true,"href":"https:\/\/antcube.shop\/da\/wp-json\/wp\/v2\/product_tag?post=4715"}],"curies":[{"name":"wp","href":"https:\/\/api.w.org\/{rel}","templated":true}]}}