{"id":4712,"date":"2022-11-14T14:58:33","date_gmt":"2022-11-14T13:58:33","guid":{"rendered":"https:\/\/antcube.shop\/produkt\/humus-ziegel-brick-650g-ergibt-8-9l\/"},"modified":"2026-04-15T09:42:37","modified_gmt":"2026-04-15T07:42:37","slug":"humus-ziegel-brick-650g-ergibt-8-9l","status":"publish","type":"product","link":"https:\/\/antcube.shop\/da\/vare\/humus-ziegel-brick-650g-ergibt-8-9l\/","title":{"rendered":"Humussten 650g - giver 8-9l"},"content":{"rendered":"<p><strong>Indhold\/volumen:<\/strong> 650 g giver 8-10 liter.<\/p>\n<p><strong>Beskrivelse:<\/strong> Formicarium Humus best\u00e5r af naturlig kokosfiberhumus, der er blevet presset sammen til en mursten. N\u00e5r humusstenen kombineres med vand, svulmer den op til ca. 8-10 gange sit volumen. Denne gravevenlige formicarium humus er fremragende til myrer fra tropiske omr\u00e5der og kan bruges b\u00e5de t\u00f8rt og fugtigt. Formicarium Humus er et rent naturprodukt, garanteret fri for kemikalier, pesticider og g\u00f8dning og 100% komposterbar.<\/p>\n<p>- 100% fremstillet af plantebaserede fornyelige r\u00e5varer<br \/>\n- h\u00f8j sugeevne<br \/>\n- h\u00f8j vandlagringskapacitet<\/p>\n<p><strong>Instruktioner:<\/strong> L\u00e6g murstenen i bl\u00f8d i 4-5 liter varmt vand i en beholder i ca. 20-30 minutter. Hvis stenen endnu ikke er helt opl\u00f8st, skal resten brydes op i h\u00e5nden. Pres evt. overskydende vand ud af humusen.<\/p>","protected":false},"excerpt":{"rendered":"<p>Indhold \/ volumen: 650 g giver 8-10 liter. Beskrivelse: Formicarium Humus best\u00e5r af naturlig kokosfiberhumus, der er blevet komprimeret til en mursten. N\u00e5r humusstenen kombineres med vand, svulmer den op til ca. 8-10 gange sit volumen. Denne gravevenlige formicarium humus er fremragende til myrer fra tropiske omr\u00e5der og kan bruges b\u00e5de t\u00f8rt","protected":false},"featured_media":4811,"comment_status":"open","ping_status":"closed","template":"","meta":{"_acf_changed":false,"content-type":"","_monsterinsights_skip_tracking":false,"_monsterinsights_sitenote_active":false,"_monsterinsights_sitenote_note":"","_monsterinsights_sitenote_category":0},"product_brand":[],"product_cat":[96],"product_tag":[],"class_list":{"0":"post-4712","1":"product","2":"type-product","3":"status-publish","4":"has-post-thumbnail","6":"product_cat-soil","8":"first","9":"instock","10":"taxable","11":"shipping-taxable","12":"purchasable","13":"product-type-simple"},"acf":[],"aioseo_notices":[],"jetpack_sharing_enabled":true,"_links":{"self":[{"href":"https:\/\/antcube.shop\/da\/wp-json\/wp\/v2\/product\/4712","targetHints":{"allow":["GET"]}}],"collection":[{"href":"https:\/\/antcube.shop\/da\/wp-json\/wp\/v2\/product"}],"about":[{"href":"https:\/\/antcube.shop\/da\/wp-json\/wp\/v2\/types\/product"}],"replies":[{"embeddable":true,"href":"https:\/\/antcube.shop\/da\/wp-json\/wp\/v2\/comments?post=4712"}],"wp:featuredmedia":[{"embeddable":true,"href":"https:\/\/antcube.shop\/da\/wp-json\/wp\/v2\/media\/4811"}],"wp:attachment":[{"href":"https:\/\/antcube.shop\/da\/wp-json\/wp\/v2\/media?parent=4712"}],"wp:term":[{"taxonomy":"product_brand","embeddable":true,"href":"https:\/\/antcube.shop\/da\/wp-json\/wp\/v2\/product_brand?post=4712"},{"taxonomy":"product_cat","embeddable":true,"href":"https:\/\/antcube.shop\/da\/wp-json\/wp\/v2\/product_cat?post=4712"},{"taxonomy":"product_tag","embeddable":true,"href":"https:\/\/antcube.shop\/da\/wp-json\/wp\/v2\/product_tag?post=4712"}],"curies":[{"name":"wp","href":"https:\/\/api.w.org\/{rel}","templated":true}]}}