{"id":4710,"date":"2022-11-14T14:58:00","date_gmt":"2022-11-14T13:58:00","guid":{"rendered":"https:\/\/antcube.shop\/produkt\/bodengrund-sand-lehm-weis-1000g\/"},"modified":"2026-04-05T21:18:13","modified_gmt":"2026-04-05T19:18:13","slug":"bodengrund-sand-lehm-weis-1000g","status":"publish","type":"product","link":"https:\/\/antcube.shop\/da\/vare\/bodengrund-sand-lehm-weis-1000g\/","title":{"rendered":"Underlag - Sand-Loam hvid - 1000g"},"content":{"rendered":"<p><strong>Indhold:<\/strong> 1000g<\/p>\n<p><strong>Materiale:<\/strong> sand, kalk, kalkbindemiddel<\/p>\n<p><strong>Farve:<\/strong> hvid<\/p>\n<p><strong>Blandingsforhold:<\/strong> diggable<\/p>\n<p><strong>Beskrivelse:<\/strong> Denne f\u00e6rdiglavede sand-ler-blanding er et rent naturprodukt. Farven kommer fra hvidt kalksand. Styrken kommer fra en bindende kalkblanding, som er uskadelig for dyr.<\/p>\n<p><strong>Anvendelse:<\/strong> Gravejord, kan bruges til rede og arenaomr\u00e5de! Har en \u00f8get styrke i forhold til jordjord beige, ogs\u00e5 i fugtig tilstand.<\/p>\n<p><strong>Bem\u00e6rk:<\/strong> da dette er et rent naturprodukt, kan der v\u00e6re sm\u00e5 forskelle i farve og struktur, som vi ikke kan p\u00e5virke.<\/p>\n<p><strong>Vigtigt:<\/strong> Fugt substratet f\u00f8r brug, s\u00e5 blandingen kan samle sig og f\u00e5 et fast greb i myretuen. Desuden kan et for t\u00f8rt og st\u00f8vet substrat medf\u00f8re, at myrernes luftveje blokeres, og at dyrene i v\u00e6rste fald kv\u00e6les.<\/p>","protected":false},"excerpt":{"rendered":"<p>Naturligt substrat - kan graves<\/p>","protected":false},"featured_media":5725,"comment_status":"open","ping_status":"closed","template":"","meta":{"_acf_changed":false,"content-type":"","_monsterinsights_skip_tracking":false,"_monsterinsights_sitenote_active":false,"_monsterinsights_sitenote_note":"","_monsterinsights_sitenote_category":0},"product_brand":[],"product_cat":[95,96],"product_tag":[],"class_list":{"0":"post-4710","1":"product","2":"type-product","3":"status-publish","4":"has-post-thumbnail","6":"product_cat-accessories-for-ants","7":"product_cat-soil","9":"first","10":"instock","11":"taxable","12":"shipping-taxable","13":"purchasable","14":"product-type-simple"},"acf":[],"aioseo_notices":[],"jetpack_sharing_enabled":true,"_links":{"self":[{"href":"https:\/\/antcube.shop\/da\/wp-json\/wp\/v2\/product\/4710","targetHints":{"allow":["GET"]}}],"collection":[{"href":"https:\/\/antcube.shop\/da\/wp-json\/wp\/v2\/product"}],"about":[{"href":"https:\/\/antcube.shop\/da\/wp-json\/wp\/v2\/types\/product"}],"replies":[{"embeddable":true,"href":"https:\/\/antcube.shop\/da\/wp-json\/wp\/v2\/comments?post=4710"}],"wp:featuredmedia":[{"embeddable":true,"href":"https:\/\/antcube.shop\/da\/wp-json\/wp\/v2\/media\/5725"}],"wp:attachment":[{"href":"https:\/\/antcube.shop\/da\/wp-json\/wp\/v2\/media?parent=4710"}],"wp:term":[{"taxonomy":"product_brand","embeddable":true,"href":"https:\/\/antcube.shop\/da\/wp-json\/wp\/v2\/product_brand?post=4710"},{"taxonomy":"product_cat","embeddable":true,"href":"https:\/\/antcube.shop\/da\/wp-json\/wp\/v2\/product_cat?post=4710"},{"taxonomy":"product_tag","embeddable":true,"href":"https:\/\/antcube.shop\/da\/wp-json\/wp\/v2\/product_tag?post=4710"}],"curies":[{"name":"wp","href":"https:\/\/api.w.org\/{rel}","templated":true}]}}