{"id":4700,"date":"2022-11-14T14:55:03","date_gmt":"2022-11-14T13:55:03","guid":{"rendered":"https:\/\/antcube.shop\/produkt\/antcube-korknest-40x20-stehend\/"},"modified":"2026-04-01T12:30:02","modified_gmt":"2026-04-01T10:30:02","slug":"antcube-korknest-40x20-stehend","status":"publish","type":"product","link":"https:\/\/antcube.shop\/da\/vare\/antcube-korknest-40x20-stehend\/","title":{"rendered":"ANTCUBE - Kork rede 40\u00d720 - st\u00e5ende"},"content":{"rendered":"<p><strong>Dimensioner:<\/strong> 383 x 160 x 20 mm<\/p>\n<p><strong>Materiale:<\/strong> Kork (fint)<\/p>\n<p>Passer kun til vores myretuer i st\u00f8rrelse L<\/p>\n<p><strong>Beskrivelse:<\/strong> Denne korkrede med pr\u00e6fabrikerede passager og kamre er velegnet til forskellige myrearter, is\u00e6r til arter, der yngler i (d\u00f8dt) tr\u00e6. Den har et hul til adgang til reden.<br \/>\nKork er kemisk neutral. Dens struktur er ikke kun uigennemtr\u00e6ngelig for v\u00e6sker, men for\u00e5rsager heller ingen kemiske reaktioner og bliver derfor ikke beskadiget. For meget fugt kan dog for\u00e5rsage r\u00e5d i det lange l\u00f8b og reducere boets levetid. Ikke desto mindre er kork meget modstandsdygtig over for r\u00e5d, svampe- og skimmelangreb. Dette skyldes dens overflade og struktur, som ikke giver svampe en god grobund for at kolonisere sig. Madrester og ekskrementer fra dyrene samt andre organiske stoffer kan dog fremme skimmelv\u00e6kst.<\/p>\n<p>Derfor anbefaler vi, at man prim\u00e6rt opbevarer arter fra t\u00f8rre omr\u00e5der i kork. Arter fra fugtige levesteder kan dog godt holdes i dette s\u00e6t, da r\u00e5d ikke er et problem for de fleste arter. Ogs\u00e5 mange myrer fra Nordeuropa som Camponotus herculeanus eller Formica fusca lever i r\u00e5ddent tr\u00e6.<\/p>","protected":false},"excerpt":{"rendered":"<p><strong>St\u00f8rrelse:<\/strong> 383 x 160 x 20 mm<\/p>","protected":false},"featured_media":5020,"comment_status":"open","ping_status":"closed","template":"","meta":{"_acf_changed":false,"content-type":"","_monsterinsights_skip_tracking":false,"_monsterinsights_sitenote_active":false,"_monsterinsights_sitenote_note":"","_monsterinsights_sitenote_category":0},"product_brand":[],"product_cat":[87,89],"product_tag":[],"class_list":{"0":"post-4700","1":"product","2":"type-product","3":"status-publish","4":"has-post-thumbnail","6":"product_cat-nest-insets","7":"product_cat-cork","9":"first","10":"instock","11":"taxable","12":"shipping-taxable","13":"purchasable","14":"product-type-simple"},"acf":[],"aioseo_notices":[],"jetpack_sharing_enabled":true,"_links":{"self":[{"href":"https:\/\/antcube.shop\/da\/wp-json\/wp\/v2\/product\/4700","targetHints":{"allow":["GET"]}}],"collection":[{"href":"https:\/\/antcube.shop\/da\/wp-json\/wp\/v2\/product"}],"about":[{"href":"https:\/\/antcube.shop\/da\/wp-json\/wp\/v2\/types\/product"}],"replies":[{"embeddable":true,"href":"https:\/\/antcube.shop\/da\/wp-json\/wp\/v2\/comments?post=4700"}],"wp:featuredmedia":[{"embeddable":true,"href":"https:\/\/antcube.shop\/da\/wp-json\/wp\/v2\/media\/5020"}],"wp:attachment":[{"href":"https:\/\/antcube.shop\/da\/wp-json\/wp\/v2\/media?parent=4700"}],"wp:term":[{"taxonomy":"product_brand","embeddable":true,"href":"https:\/\/antcube.shop\/da\/wp-json\/wp\/v2\/product_brand?post=4700"},{"taxonomy":"product_cat","embeddable":true,"href":"https:\/\/antcube.shop\/da\/wp-json\/wp\/v2\/product_cat?post=4700"},{"taxonomy":"product_tag","embeddable":true,"href":"https:\/\/antcube.shop\/da\/wp-json\/wp\/v2\/product_tag?post=4700"}],"curies":[{"name":"wp","href":"https:\/\/api.w.org\/{rel}","templated":true}]}}