{"id":4699,"date":"2022-11-14T14:54:48","date_gmt":"2022-11-14T13:54:48","guid":{"rendered":"https:\/\/antcube.shop\/produkt\/antcube-gipsnest-40x20-stehend\/"},"modified":"2026-03-20T13:42:44","modified_gmt":"2026-03-20T12:42:44","slug":"antcube-gipsnest-40x20-stehend","status":"publish","type":"product","link":"https:\/\/antcube.shop\/da\/vare\/antcube-gipsnest-40x20-stehend\/","title":{"rendered":"ANTCUBE - gipsrede 40\u00d720 - st\u00e5ende"},"content":{"rendered":"<p><strong>Dimensioner:<\/strong> 382 x 159 x 19,5 mm<\/p>\n<p><strong>Materiale:<\/strong> gips<\/p>\n<p>Passer kun til vores myretuer i st\u00f8rrelse L<\/p>\n<p><strong>Beskrivelse:<\/strong> Vores gipsrede med pr\u00e6fabrikerede gange og kamre er velegnet til mange myrearter, is\u00e6r til arter, der bygger deres reder i meget sandede eller stenede jorde. Den har et hul til adgang til reden. Gips har den egenskab at absorbere vand, s\u00e5 en vis m\u00e6ngde fugt opbevares. Ikke desto mindre b\u00f8r gipsboet ikke bruges permanent fugtigt, da det ellers kan f\u00f8re til skimmelsvamp (af madrester eller ekskrementer fra myrerne). Derfor b\u00f8r man om muligt holde arter fra ret t\u00f8rre omr\u00e5der her. Dette ville f.eks. v\u00e6re arter fra Middelhavs- eller \u00f8rkenomr\u00e5der.<\/p>","protected":false},"excerpt":{"rendered":"<p>Dimensioner: Materiale: gips Passer kun i vores myretuer i st\u00f8rrelse L Beskrivelse: Den er i st\u00f8rrelse L: Vores gipsbo med pr\u00e6fabrikerede passager og kamre er velegnet til mange myrearter, is\u00e6r til arter, der bygger deres reder i meget sandede eller stenede jorde. Den har et hul til adgang til reden. Gips har den","protected":false},"featured_media":5031,"comment_status":"open","ping_status":"closed","template":"","meta":{"_acf_changed":false,"content-type":"","_monsterinsights_skip_tracking":false,"_monsterinsights_sitenote_active":false,"_monsterinsights_sitenote_note":"","_monsterinsights_sitenote_category":0},"product_brand":[],"product_cat":[87,90],"product_tag":[],"class_list":{"0":"post-4699","1":"product","2":"type-product","3":"status-publish","4":"has-post-thumbnail","6":"product_cat-nest-insets","7":"product_cat-gypsum","9":"first","10":"instock","11":"taxable","12":"shipping-taxable","13":"purchasable","14":"product-type-simple"},"acf":[],"aioseo_notices":[],"jetpack_sharing_enabled":true,"_links":{"self":[{"href":"https:\/\/antcube.shop\/da\/wp-json\/wp\/v2\/product\/4699","targetHints":{"allow":["GET"]}}],"collection":[{"href":"https:\/\/antcube.shop\/da\/wp-json\/wp\/v2\/product"}],"about":[{"href":"https:\/\/antcube.shop\/da\/wp-json\/wp\/v2\/types\/product"}],"replies":[{"embeddable":true,"href":"https:\/\/antcube.shop\/da\/wp-json\/wp\/v2\/comments?post=4699"}],"wp:featuredmedia":[{"embeddable":true,"href":"https:\/\/antcube.shop\/da\/wp-json\/wp\/v2\/media\/5031"}],"wp:attachment":[{"href":"https:\/\/antcube.shop\/da\/wp-json\/wp\/v2\/media?parent=4699"}],"wp:term":[{"taxonomy":"product_brand","embeddable":true,"href":"https:\/\/antcube.shop\/da\/wp-json\/wp\/v2\/product_brand?post=4699"},{"taxonomy":"product_cat","embeddable":true,"href":"https:\/\/antcube.shop\/da\/wp-json\/wp\/v2\/product_cat?post=4699"},{"taxonomy":"product_tag","embeddable":true,"href":"https:\/\/antcube.shop\/da\/wp-json\/wp\/v2\/product_tag?post=4699"}],"curies":[{"name":"wp","href":"https:\/\/api.w.org\/{rel}","templated":true}]}}