{"id":4694,"date":"2022-11-14T14:53:29","date_gmt":"2022-11-14T13:53:29","guid":{"rendered":"https:\/\/antcube.shop\/produkt\/antcube-einbauarena-30x30x20\/"},"modified":"2026-04-02T09:54:48","modified_gmt":"2026-04-02T07:54:48","slug":"antcube-einbauarena-30x30x20","status":"publish","type":"product","link":"https:\/\/antcube.shop\/da\/vare\/antcube-einbauarena-30x30x20\/","title":{"rendered":"ANTCUBE monteret arena 30x30x20"},"content":{"rendered":"<p>ANTCUBE monteret arena 30x30x20 cm med 2x 27mm hul.<\/p>\n<p><strong>Dimensioner:<\/strong> 300 x 300 x 200 mm; 4 mm glastykkelse.<br \/>\n<strong>Materiale:<\/strong> floatglas<\/p>\n<p><strong>Forbindelse:<\/strong> 2x boring 27 mm<\/p>\n<p><strong>Beskrivelse:<\/strong> ANTCUBE monteret arena, blev udviklet til at kunne placeres komfortabelt ogs\u00e5 i mindre hylder. Den passer f.eks. perfekt ind i en Kallax-reol. Hullerne (midtpunktet) er placeret p\u00e5 forsiden (venstre og h\u00f8jre) i 3 cm h\u00f8jde og 3 cm afstand fra yderkanten. P\u00e5 grund af placeringerne af 27 mm hullerne p\u00e5 forsiden (i stedet for p\u00e5 sidevinduerne som normalt) kan du nemt tilf\u00f8je flere arenaer og myrefarme uden at miste plads p\u00e5 siderne eller blokere adgangen til portene. Arenad\u00e6ksel, udbryderbeskyttelsesramme, forbindelseselementer som f.eks. r\u00f8r- eller slangeforbindelser f\u00e5s separat.<\/p>\n<p><strong>Bem\u00e6rk:<\/strong> Glas sk\u00e6res i henhold til DIN 1249 med en tolerance p\u00e5 +\/- 1 mm. Ved ekstremt sm\u00e5 myrearter er det n\u00f8dvendigt med ekstra udbryderbeskyttelse.<\/p>","protected":false},"excerpt":{"rendered":"<p>Tilslutning: 2x boring 27 mm<\/p>","protected":false},"featured_media":5042,"comment_status":"open","ping_status":"closed","template":"","meta":{"_acf_changed":false,"content-type":"","_monsterinsights_skip_tracking":false,"_monsterinsights_sitenote_active":false,"_monsterinsights_sitenote_note":"","_monsterinsights_sitenote_category":0},"product_brand":[],"product_cat":[85,86],"product_tag":[],"class_list":{"0":"post-4694","1":"product","2":"type-product","3":"status-publish","4":"has-post-thumbnail","6":"product_cat-ant-arenas","7":"product_cat-formicariums","9":"first","10":"instock","11":"taxable","12":"shipping-taxable","13":"purchasable","14":"product-type-simple"},"acf":[],"aioseo_notices":[],"jetpack_sharing_enabled":true,"_links":{"self":[{"href":"https:\/\/antcube.shop\/da\/wp-json\/wp\/v2\/product\/4694","targetHints":{"allow":["GET"]}}],"collection":[{"href":"https:\/\/antcube.shop\/da\/wp-json\/wp\/v2\/product"}],"about":[{"href":"https:\/\/antcube.shop\/da\/wp-json\/wp\/v2\/types\/product"}],"replies":[{"embeddable":true,"href":"https:\/\/antcube.shop\/da\/wp-json\/wp\/v2\/comments?post=4694"}],"wp:featuredmedia":[{"embeddable":true,"href":"https:\/\/antcube.shop\/da\/wp-json\/wp\/v2\/media\/5042"}],"wp:attachment":[{"href":"https:\/\/antcube.shop\/da\/wp-json\/wp\/v2\/media?parent=4694"}],"wp:term":[{"taxonomy":"product_brand","embeddable":true,"href":"https:\/\/antcube.shop\/da\/wp-json\/wp\/v2\/product_brand?post=4694"},{"taxonomy":"product_cat","embeddable":true,"href":"https:\/\/antcube.shop\/da\/wp-json\/wp\/v2\/product_cat?post=4694"},{"taxonomy":"product_tag","embeddable":true,"href":"https:\/\/antcube.shop\/da\/wp-json\/wp\/v2\/product_tag?post=4694"}],"curies":[{"name":"wp","href":"https:\/\/api.w.org\/{rel}","templated":true}]}}