{"id":4689,"date":"2022-11-14T14:52:10","date_gmt":"2022-11-14T13:52:10","guid":{"rendered":"https:\/\/antcube.shop\/produkt\/luftdurchlassige-stopfen-21-23-mm\/"},"modified":"2026-04-07T09:38:35","modified_gmt":"2026-04-07T07:38:35","slug":"luftdurchlassige-stopfen-21-23-mm","status":"publish","type":"product","link":"https:\/\/antcube.shop\/da\/vare\/luftdurchlassige-stopfen-21-23-mm\/","title":{"rendered":"Luftgennemtr\u00e6ngelige propper 21 - 23 mm"},"content":{"rendered":"<p><strong>Antal:<\/strong> 1 stk.<\/p>\n<p><strong>Beskrivelse:<\/strong> G\u00f8r en ende p\u00e5 uprofessionelle vatstoppere. Disse luftgennemtr\u00e6ngelige propper lukker \u00e5bningerne sikkert og tilpasser sig \u00e5bningens form, s\u00e5 de hurtigt kan \u00e5bnes og lukkes.<\/p>","protected":false},"excerpt":{"rendered":"<p>Antal: Antal: 1 stk: S\u00e6t en stopper for uprofessionelle vatstoppere. Disse luftgennemtr\u00e6ngelige propper lukker \u00e5bninger sikkert og tilpasser sig \u00e5bningens form, hvilket sikrer hurtig \u00e5bning og lukning.<\/p>","protected":false},"featured_media":5000,"comment_status":"open","ping_status":"closed","template":"","meta":{"_acf_changed":false,"content-type":"","_monsterinsights_skip_tracking":false,"_monsterinsights_sitenote_active":false,"_monsterinsights_sitenote_note":"","_monsterinsights_sitenote_category":0},"product_brand":[],"product_cat":[237],"product_tag":[],"class_list":{"0":"post-4689","1":"product","2":"type-product","3":"status-publish","4":"has-post-thumbnail","6":"product_cat-tools","8":"first","9":"instock","10":"taxable","11":"shipping-taxable","12":"purchasable","13":"product-type-simple"},"acf":[],"aioseo_notices":[],"jetpack_sharing_enabled":true,"_links":{"self":[{"href":"https:\/\/antcube.shop\/da\/wp-json\/wp\/v2\/product\/4689","targetHints":{"allow":["GET"]}}],"collection":[{"href":"https:\/\/antcube.shop\/da\/wp-json\/wp\/v2\/product"}],"about":[{"href":"https:\/\/antcube.shop\/da\/wp-json\/wp\/v2\/types\/product"}],"replies":[{"embeddable":true,"href":"https:\/\/antcube.shop\/da\/wp-json\/wp\/v2\/comments?post=4689"}],"wp:featuredmedia":[{"embeddable":true,"href":"https:\/\/antcube.shop\/da\/wp-json\/wp\/v2\/media\/5000"}],"wp:attachment":[{"href":"https:\/\/antcube.shop\/da\/wp-json\/wp\/v2\/media?parent=4689"}],"wp:term":[{"taxonomy":"product_brand","embeddable":true,"href":"https:\/\/antcube.shop\/da\/wp-json\/wp\/v2\/product_brand?post=4689"},{"taxonomy":"product_cat","embeddable":true,"href":"https:\/\/antcube.shop\/da\/wp-json\/wp\/v2\/product_cat?post=4689"},{"taxonomy":"product_tag","embeddable":true,"href":"https:\/\/antcube.shop\/da\/wp-json\/wp\/v2\/product_tag?post=4689"}],"curies":[{"name":"wp","href":"https:\/\/api.w.org\/{rel}","templated":true}]}}