{"id":4686,"date":"2022-11-14T14:51:24","date_gmt":"2022-11-14T13:51:24","guid":{"rendered":"https:\/\/antcube.shop\/produkt\/durchgangsregler-32mm\/"},"modified":"2026-03-03T09:59:11","modified_gmt":"2026-03-03T08:59:11","slug":"durchgangsregler-32mm","status":"publish","type":"product","link":"https:\/\/antcube.shop\/da\/vare\/durchgangsregler-32mm\/","title":{"rendered":"Passage regulator - 32 mm"},"content":{"rendered":"<p><strong>M\u00e5l (LxBxH):<\/strong> 73 x 58 x 19 mm<\/p>\n<p><strong>Materiale:<\/strong> Akryl<\/p>\n<p><strong>Farve:<\/strong> Farvel\u00f8s \/ gennemsigtig \/ klar<\/p>\n<p><strong>Indhold:<\/strong> 1 stk. (best\u00e5r af 10 enkeltdele)<\/p>\n<p><strong>Beskrivelse:<\/strong><br \/>\nPassageregulatoren er tilsluttet et r\u00f8r.<br \/>\nPassagen kan \u00e5bnes eller lukkes med h\u00e5nden.<\/p>\n<p><strong>Anvendelse:<\/strong><br \/>\nTil tilslutning af akrylr\u00f8r med en diameter p\u00e5 32 mm<\/p>\n<p><strong>Et tip:<\/strong><br \/>\nPassageregulatoren skal s\u00e6ttes fast p\u00e5 det tilh\u00f8rende r\u00f8r. Hvis den er for l\u00f8s, kan r\u00f8ret forst\u00f8rres med gennemsigtig tape for at sikre en t\u00e6t pasform.<\/p>","protected":false},"excerpt":{"rendered":"<p>M\u00e5l (LxBxH): 73 x 58 x 19 mm Materiale: Materiale: Akryl Farve: Farvel\u00f8s \/ gennemsigtig \/ klar Indhold: (best\u00e5r af 10 enkeltdele) Beskrivelse: 1 stk: Passageregulatoren er sat p\u00e5 et r\u00f8r. Passagen kan \u00e5bnes eller lukkes med h\u00e5nden. Anvendelse: Hint: Passageregulatoren skal v\u00e6re","protected":false},"featured_media":5074,"comment_status":"open","ping_status":"closed","template":"","meta":{"_acf_changed":false,"content-type":"","_monsterinsights_skip_tracking":false,"_monsterinsights_sitenote_active":false,"_monsterinsights_sitenote_note":"","_monsterinsights_sitenote_category":0},"product_brand":[],"product_cat":[345],"product_tag":[],"class_list":{"0":"post-4686","1":"product","2":"type-product","3":"status-publish","4":"has-post-thumbnail","6":"product_cat-pipe-connectors","8":"first","9":"instock","10":"taxable","11":"shipping-taxable","12":"purchasable","13":"product-type-simple"},"acf":[],"aioseo_notices":[],"jetpack_sharing_enabled":true,"_links":{"self":[{"href":"https:\/\/antcube.shop\/da\/wp-json\/wp\/v2\/product\/4686","targetHints":{"allow":["GET"]}}],"collection":[{"href":"https:\/\/antcube.shop\/da\/wp-json\/wp\/v2\/product"}],"about":[{"href":"https:\/\/antcube.shop\/da\/wp-json\/wp\/v2\/types\/product"}],"replies":[{"embeddable":true,"href":"https:\/\/antcube.shop\/da\/wp-json\/wp\/v2\/comments?post=4686"}],"wp:featuredmedia":[{"embeddable":true,"href":"https:\/\/antcube.shop\/da\/wp-json\/wp\/v2\/media\/5074"}],"wp:attachment":[{"href":"https:\/\/antcube.shop\/da\/wp-json\/wp\/v2\/media?parent=4686"}],"wp:term":[{"taxonomy":"product_brand","embeddable":true,"href":"https:\/\/antcube.shop\/da\/wp-json\/wp\/v2\/product_brand?post=4686"},{"taxonomy":"product_cat","embeddable":true,"href":"https:\/\/antcube.shop\/da\/wp-json\/wp\/v2\/product_cat?post=4686"},{"taxonomy":"product_tag","embeddable":true,"href":"https:\/\/antcube.shop\/da\/wp-json\/wp\/v2\/product_tag?post=4686"}],"curies":[{"name":"wp","href":"https:\/\/api.w.org\/{rel}","templated":true}]}}