{"id":4679,"date":"2022-11-14T14:41:41","date_gmt":"2022-11-14T13:41:41","guid":{"rendered":"https:\/\/antcube.shop\/produkt\/lehmfarbe-beige-100ml\/"},"modified":"2026-04-13T10:48:42","modified_gmt":"2026-04-13T08:48:42","slug":"lehmfarbe-beige-100ml","status":"publish","type":"product","link":"https:\/\/antcube.shop\/da\/vare\/lehmfarbe-beige-100ml\/","title":{"rendered":"Lermaling - beige - 100 ml"},"content":{"rendered":"<p><strong>Antal:<\/strong> 100 ml<\/p>\n<p><strong>Beskrivelse:<\/strong> Denne blanding er ugiftig og relativt vandfast p\u00e5 puds og beton, men er ellers vandopl\u00f8selig.<\/p>\n<p><strong>Brugsanvisning:\u00a0<\/strong><br \/>\nDenne blanding er klar til brug og kan straks p\u00e5f\u00f8res puds eller gasbeton med en pensel.<br \/>\n100 ml er tilstr\u00e6kkeligt til ca. 1\/4 m\u00b2 gasbeton eller 1\/2 m\u00b2 puds.<br \/>\nN\u00e5r overfladen er v\u00e5d, kan den drysses med f.eks. sand for at opn\u00e5 et endnu mere naturligt udseende.<\/p>\n<p>&nbsp;<\/p>\n<p>&nbsp;<\/p>","protected":false},"excerpt":{"rendered":"<p>Antal: Antal: 100 ml Beskrivelse: 100 ml: Denne blanding er ugiftig og relativt vandfast p\u00e5 puds og beton, men er ellers vandopl\u00f8selig. Brugsanvisning: Denne blanding er klar til brug og kan p\u00e5f\u00f8res straks p\u00e5 puds eller gasbeton med en pensel. 100 ml er tilstr\u00e6kkeligt til ca. 1\/4 m\u00b2 gasbeton eller 1\/2 m\u00b2 puds. N\u00e5r","protected":false},"featured_media":5004,"comment_status":"open","ping_status":"closed","template":"","meta":{"_acf_changed":false,"content-type":"","_monsterinsights_skip_tracking":false,"_monsterinsights_sitenote_active":false,"_monsterinsights_sitenote_note":"","_monsterinsights_sitenote_category":0},"product_brand":[],"product_cat":[237],"product_tag":[],"class_list":{"0":"post-4679","1":"product","2":"type-product","3":"status-publish","4":"has-post-thumbnail","6":"product_cat-tools","8":"first","9":"instock","10":"taxable","11":"shipping-taxable","12":"purchasable","13":"product-type-simple"},"acf":[],"aioseo_notices":[],"jetpack_sharing_enabled":true,"_links":{"self":[{"href":"https:\/\/antcube.shop\/da\/wp-json\/wp\/v2\/product\/4679","targetHints":{"allow":["GET"]}}],"collection":[{"href":"https:\/\/antcube.shop\/da\/wp-json\/wp\/v2\/product"}],"about":[{"href":"https:\/\/antcube.shop\/da\/wp-json\/wp\/v2\/types\/product"}],"replies":[{"embeddable":true,"href":"https:\/\/antcube.shop\/da\/wp-json\/wp\/v2\/comments?post=4679"}],"wp:featuredmedia":[{"embeddable":true,"href":"https:\/\/antcube.shop\/da\/wp-json\/wp\/v2\/media\/5004"}],"wp:attachment":[{"href":"https:\/\/antcube.shop\/da\/wp-json\/wp\/v2\/media?parent=4679"}],"wp:term":[{"taxonomy":"product_brand","embeddable":true,"href":"https:\/\/antcube.shop\/da\/wp-json\/wp\/v2\/product_brand?post=4679"},{"taxonomy":"product_cat","embeddable":true,"href":"https:\/\/antcube.shop\/da\/wp-json\/wp\/v2\/product_cat?post=4679"},{"taxonomy":"product_tag","embeddable":true,"href":"https:\/\/antcube.shop\/da\/wp-json\/wp\/v2\/product_tag?post=4679"}],"curies":[{"name":"wp","href":"https:\/\/api.w.org\/{rel}","templated":true}]}}