{"id":4678,"date":"2022-11-14T14:41:24","date_gmt":"2022-11-14T13:41:24","guid":{"rendered":"https:\/\/antcube.shop\/produkt\/klebefilm-glasklar\/"},"modified":"2026-04-13T09:29:49","modified_gmt":"2026-04-13T07:29:49","slug":"klebefilm-glasklar","status":"publish","type":"product","link":"https:\/\/antcube.shop\/da\/vare\/klebefilm-glasklar\/","title":{"rendered":"Kl\u00e6befolie krystalklar"},"content":{"rendered":"<p><strong>M\u00e5l (LxBxH):<\/strong> 10m x19 mm<\/p>\n<p><strong>Materiale:<\/strong> polypropylen<\/p>\n<p><strong>Farve:<\/strong> krystalklar \/ gennemsigtig<\/p>\n<p><strong>Indhold:<\/strong><br \/>\n1x rulle selvkl\u00e6bende film<\/p>\n<p><strong>Beskrivelse:<\/strong><br \/>\nIdeel til fastg\u00f8relse af r\u00f8d d\u00e6kfilm eller en fotorygv\u00e6g p\u00e5 formicariet.<br \/>\nHar en h\u00f8j \u00e6ldningsbestandighed, er meget rivefast og har en st\u00e6rk kl\u00e6bekraft.<br \/>\nOgs\u00e5 velegnet til at lime glasruder sammen.<\/p>\n<p><strong>Anvendelse:<\/strong><br \/>\nDen selvkl\u00e6bende tape kan klippes med en saks eller en kniv.<br \/>\nS\u00e6t d\u00e6kfilmen eller fotoet tilbage p\u00e5 formicariumsruden, og fastg\u00f8r den derefter med tape.<\/p>","protected":false},"excerpt":{"rendered":"<p>M\u00e5l (LxBxH): 10m x19 mm Materiale: polypropylen Farve: krystalklar \/ gennemsigtig Indhold: Beskrivelse: 1 x rulle kl\u00e6befolie: Ideel til fastg\u00f8relse af r\u00f8d d\u00e6kfilm eller en fotorygv\u00e6g p\u00e5 formicariumet. Har en h\u00f8j \u00e6ldningsbestandighed, er meget rivefast og har en st\u00e6rk kl\u00e6bekraft. Ogs\u00e5 velegnet til at lime glasruder sammen. Anvendelse:","protected":false},"featured_media":5007,"comment_status":"open","ping_status":"closed","template":"","meta":{"_acf_changed":false,"content-type":"","_monsterinsights_skip_tracking":false,"_monsterinsights_sitenote_active":false,"_monsterinsights_sitenote_note":"","_monsterinsights_sitenote_category":0},"product_brand":[],"product_cat":[237],"product_tag":[],"class_list":{"0":"post-4678","1":"product","2":"type-product","3":"status-publish","4":"has-post-thumbnail","6":"product_cat-tools","8":"first","9":"instock","10":"taxable","11":"shipping-taxable","12":"purchasable","13":"product-type-simple"},"acf":[],"aioseo_notices":[],"jetpack_sharing_enabled":true,"_links":{"self":[{"href":"https:\/\/antcube.shop\/da\/wp-json\/wp\/v2\/product\/4678","targetHints":{"allow":["GET"]}}],"collection":[{"href":"https:\/\/antcube.shop\/da\/wp-json\/wp\/v2\/product"}],"about":[{"href":"https:\/\/antcube.shop\/da\/wp-json\/wp\/v2\/types\/product"}],"replies":[{"embeddable":true,"href":"https:\/\/antcube.shop\/da\/wp-json\/wp\/v2\/comments?post=4678"}],"wp:featuredmedia":[{"embeddable":true,"href":"https:\/\/antcube.shop\/da\/wp-json\/wp\/v2\/media\/5007"}],"wp:attachment":[{"href":"https:\/\/antcube.shop\/da\/wp-json\/wp\/v2\/media?parent=4678"}],"wp:term":[{"taxonomy":"product_brand","embeddable":true,"href":"https:\/\/antcube.shop\/da\/wp-json\/wp\/v2\/product_brand?post=4678"},{"taxonomy":"product_cat","embeddable":true,"href":"https:\/\/antcube.shop\/da\/wp-json\/wp\/v2\/product_cat?post=4678"},{"taxonomy":"product_tag","embeddable":true,"href":"https:\/\/antcube.shop\/da\/wp-json\/wp\/v2\/product_tag?post=4678"}],"curies":[{"name":"wp","href":"https:\/\/api.w.org\/{rel}","templated":true}]}}