{"id":4670,"date":"2022-11-14T14:39:14","date_gmt":"2022-11-14T13:39:14","guid":{"rendered":"https:\/\/antcube.shop\/produkt\/fotoruckwand-wald-20x40-hoch\/"},"modified":"2026-01-12T12:35:52","modified_gmt":"2026-01-12T11:35:52","slug":"fotoruckwand-wald-20x40-hoch","status":"publish","type":"product","link":"https:\/\/antcube.shop\/da\/vare\/fotoruckwand-wald-20x40-hoch\/","title":{"rendered":"Foto bagv\u00e6g - Skov - 20\u00d740 - h\u00f8j"},"content":{"rendered":"<p><strong>Dimensioner:<\/strong> 20x40cm<\/p>\n<p><strong>Materiale:<\/strong> Blankt foliepapir<\/p>\n<p><strong>Indhold:<\/strong> 1x foto bagv\u00e6g<\/p>\n<p><strong>Beskrivelse:<\/strong> Denne fotorygv\u00e6g er limet fast p\u00e5 formicariet udefra for at give indtryk af et milj\u00f8, der svarer til myrernes naturlige levested.<\/p>","protected":false},"excerpt":{"rendered":"<p>Materiale: Materiale: Blankt foliepapir<\/p>","protected":false},"featured_media":5152,"comment_status":"open","ping_status":"closed","template":"","meta":{"_acf_changed":false,"content-type":"","_monsterinsights_skip_tracking":false,"_monsterinsights_sitenote_active":false,"_monsterinsights_sitenote_note":"","_monsterinsights_sitenote_category":0},"product_brand":[],"product_cat":[97,105],"product_tag":[],"class_list":{"0":"post-4670","1":"product","2":"type-product","3":"status-publish","4":"has-post-thumbnail","6":"product_cat-photo-backwalls","7":"product_cat-forest-photo-backwall","9":"first","10":"instock","11":"taxable","12":"shipping-taxable","13":"purchasable","14":"product-type-simple"},"acf":[],"aioseo_notices":[],"jetpack_sharing_enabled":true,"_links":{"self":[{"href":"https:\/\/antcube.shop\/da\/wp-json\/wp\/v2\/product\/4670","targetHints":{"allow":["GET"]}}],"collection":[{"href":"https:\/\/antcube.shop\/da\/wp-json\/wp\/v2\/product"}],"about":[{"href":"https:\/\/antcube.shop\/da\/wp-json\/wp\/v2\/types\/product"}],"replies":[{"embeddable":true,"href":"https:\/\/antcube.shop\/da\/wp-json\/wp\/v2\/comments?post=4670"}],"wp:featuredmedia":[{"embeddable":true,"href":"https:\/\/antcube.shop\/da\/wp-json\/wp\/v2\/media\/5152"}],"wp:attachment":[{"href":"https:\/\/antcube.shop\/da\/wp-json\/wp\/v2\/media?parent=4670"}],"wp:term":[{"taxonomy":"product_brand","embeddable":true,"href":"https:\/\/antcube.shop\/da\/wp-json\/wp\/v2\/product_brand?post=4670"},{"taxonomy":"product_cat","embeddable":true,"href":"https:\/\/antcube.shop\/da\/wp-json\/wp\/v2\/product_cat?post=4670"},{"taxonomy":"product_tag","embeddable":true,"href":"https:\/\/antcube.shop\/da\/wp-json\/wp\/v2\/product_tag?post=4670"}],"curies":[{"name":"wp","href":"https:\/\/api.w.org\/{rel}","templated":true}]}}