{"id":4660,"date":"2022-11-14T14:36:25","date_gmt":"2022-11-14T13:36:25","guid":{"rendered":"https:\/\/antcube.shop\/produkt\/wassergel-500ml-gebrauchsfertig\/"},"modified":"2026-04-07T13:50:35","modified_gmt":"2026-04-07T11:50:35","slug":"wassergel-500ml-gebrauchsfertig","status":"publish","type":"product","link":"https:\/\/antcube.shop\/da\/vare\/wassergel-500ml-gebrauchsfertig\/","title":{"rendered":"Vandgel 500 ml - klar til brug"},"content":{"rendered":"<p><strong>Indhold:<\/strong> 500 ml<\/p>\n<p><strong>Beskrivelse:<\/strong> Vandgel er vand i gelform og er derfor meget let og fleksibel at anvende. Du har ikke brug for en vandsk\u00e5l, som dyrene kan snavses og drukne i, men du kan stadig give dem tilstr\u00e6kkelig fugt med denne gel. Vandgel kan ogs\u00e5 bruges til at fodre dyrene med, hvilket holder dem i live l\u00e6ngere.<\/p>","protected":false},"excerpt":{"rendered":"<p>Indhold: 500 ml Beskrivelse: 500 ml: Vandgel er vand i gelform og derfor meget let og fleksibelt at anvende. Du har ikke brug for en vandsk\u00e5l, som dyrene kan snavses og drukne i, men du kan stadig give dem tilstr\u00e6kkelig fugt med denne gel. Vandgel kan ogs\u00e5 bruges til at fodre dyrene med,","protected":false},"featured_media":5038,"comment_status":"open","ping_status":"closed","template":"","meta":{"_acf_changed":false,"content-type":"","_monsterinsights_skip_tracking":false,"_monsterinsights_sitenote_active":false,"_monsterinsights_sitenote_note":"","_monsterinsights_sitenote_category":0},"product_brand":[],"product_cat":[115,116],"product_tag":[],"class_list":{"0":"post-4660","1":"product","2":"type-product","3":"status-publish","4":"has-post-thumbnail","6":"product_cat-food-and-feeding","7":"product_cat-food","9":"first","10":"instock","11":"taxable","12":"shipping-taxable","13":"purchasable","14":"product-type-simple"},"acf":[],"aioseo_notices":[],"jetpack_sharing_enabled":true,"_links":{"self":[{"href":"https:\/\/antcube.shop\/da\/wp-json\/wp\/v2\/product\/4660","targetHints":{"allow":["GET"]}}],"collection":[{"href":"https:\/\/antcube.shop\/da\/wp-json\/wp\/v2\/product"}],"about":[{"href":"https:\/\/antcube.shop\/da\/wp-json\/wp\/v2\/types\/product"}],"replies":[{"embeddable":true,"href":"https:\/\/antcube.shop\/da\/wp-json\/wp\/v2\/comments?post=4660"}],"wp:featuredmedia":[{"embeddable":true,"href":"https:\/\/antcube.shop\/da\/wp-json\/wp\/v2\/media\/5038"}],"wp:attachment":[{"href":"https:\/\/antcube.shop\/da\/wp-json\/wp\/v2\/media?parent=4660"}],"wp:term":[{"taxonomy":"product_brand","embeddable":true,"href":"https:\/\/antcube.shop\/da\/wp-json\/wp\/v2\/product_brand?post=4660"},{"taxonomy":"product_cat","embeddable":true,"href":"https:\/\/antcube.shop\/da\/wp-json\/wp\/v2\/product_cat?post=4660"},{"taxonomy":"product_tag","embeddable":true,"href":"https:\/\/antcube.shop\/da\/wp-json\/wp\/v2\/product_tag?post=4660"}],"curies":[{"name":"wp","href":"https:\/\/api.w.org\/{rel}","templated":true}]}}