{"id":4657,"date":"2022-11-14T14:35:36","date_gmt":"2022-11-14T13:35:36","guid":{"rendered":"https:\/\/antcube.shop\/produkt\/wustenhonig-wu-nachfullpack-10ml\/"},"modified":"2026-04-05T19:45:34","modified_gmt":"2026-04-05T17:45:34","slug":"wustenhonig-wu-nachfullpack-10ml","status":"publish","type":"product","link":"https:\/\/antcube.shop\/da\/vare\/wustenhonig-wu-nachfullpack-10ml\/","title":{"rendered":"\u00d8rkenhonning (W\u00fc) - refill pack 10ml"},"content":{"rendered":"<p><strong>Antal:<\/strong> 10 ml<\/p>\n<p><strong>Beskrivelse:<\/strong> Dette er et rent naturprodukt. Honningen kommer fra \u00f8rkener og er derfor ideel til myrearter, der er hjemmeh\u00f8rende i \u00f8rkener.<\/p>\n<p><strong>Anvendelse:<\/strong> Foderr\u00f8ret kan anbringes som en helhed i formicariet, alternativt kan du tilf\u00f8je mindre m\u00e6ngder til en fodersk\u00e5l efter behov\/afh\u00e6ngigt af koloniens st\u00f8rrelse. M\u00e6ngden af foder b\u00f8r bruges inden for ca. 3 dage, da der ellers er risiko for skimmelsvamp, og af samme grund skal fodersk\u00e5len reng\u00f8res inden genopfyldning.<\/p>\n<p><strong>Anvendelse:<\/strong><br \/>\n\u00d8rkenhonning = for honning\u00e6dende myrearter (Meliphagidae).<br \/>\nDet er et tilskudsfoder (enkeltfoder)<br \/>\nDet kan tilbydes dyrene i leveret tilstand. Da fugtighed reducerer sukkerkoncentrationen, og der begynder en g\u00e6ringsproces, b\u00f8r foderet udskiftes hver 3. dag. Reng\u00f8r fodersk\u00e5len\/r\u00f8ret grundigt, inden den genbruges.<br \/>\nEn \u00e5bnet pakke skal anvendes t\u00e6t lukket indtil den angivne (bedst f\u00f8r dato).<\/p>\n<p><strong>Indeholder:<\/strong> Ingredienser af honning generelt, proportionerne varierer afh\u00e6ngigt af typen af honning.<br \/>\n- ca. 38 % frugtsukker (fructose)<br \/>\n- ca. 32 % dextrose (glukose)<br \/>\n- ca. 20 % vand<br \/>\n- ca. 5 % flere sukkerarter<br \/>\n- ca. 5 %-vitaminer (B1, B2, B6, C, H)<br \/>\nMineraler (kalium, calcium, kobber, jern, natrium, magnesium, fosfor, zink og andre sporstoffer) Aminosyrer (prolin, leucin, phenylalanin, alanin, histidin, isoleucin, glutaminsyre, arginin, asparaginsyre osv.) Organiske syrer Enzymer (fermenter) Smagsstoffer Inhibiner (antibakterielle stoffer) Blomsterpollen<\/p>\n<p><strong>Opbevaring:<\/strong> For at sikre foderets kvalitet b\u00f8r det opbevares m\u00f8rkt og t\u00f8rt for at sikre dets kvalitet.<\/p>\n<p><strong>Bem\u00e6rk:<\/strong><br \/>\nDu kan finde oplysninger om, hvordan du bruger foderr\u00f8rene, her: Link<br \/>\nTilskudsfoder til honning\u00e6dende myrer.<br \/>\nSe indl\u00e6gssedlen for sammens\u00e6tning, analytiske komponenter, holdbarhedsdato og partinummer.<\/p>\n<p>Informationshotline +49 30 439703870<\/p>\n<p>Ansvarlig veterin\u00e6r- og f\u00f8devarekontrolmyndighed:<br \/>\nSteglitz Veterin\u00e6rkontor<br \/>\nK\u00f6nigin-Luise-Str. 92<br \/>\n14195 Berlin<\/p>","protected":false},"excerpt":{"rendered":"<p>Supplerende f\u00f8devarer<\/p>","protected":false},"featured_media":5052,"comment_status":"open","ping_status":"closed","template":"","meta":{"_acf_changed":false,"content-type":"","_monsterinsights_skip_tracking":false,"_monsterinsights_sitenote_active":false,"_monsterinsights_sitenote_note":"","_monsterinsights_sitenote_category":0},"product_brand":[],"product_cat":[115,116],"product_tag":[],"class_list":{"0":"post-4657","1":"product","2":"type-product","3":"status-publish","4":"has-post-thumbnail","6":"product_cat-food-and-feeding","7":"product_cat-food","9":"first","10":"instock","11":"taxable","12":"shipping-taxable","13":"purchasable","14":"product-type-simple"},"acf":[],"aioseo_notices":[],"jetpack_sharing_enabled":true,"_links":{"self":[{"href":"https:\/\/antcube.shop\/da\/wp-json\/wp\/v2\/product\/4657","targetHints":{"allow":["GET"]}}],"collection":[{"href":"https:\/\/antcube.shop\/da\/wp-json\/wp\/v2\/product"}],"about":[{"href":"https:\/\/antcube.shop\/da\/wp-json\/wp\/v2\/types\/product"}],"replies":[{"embeddable":true,"href":"https:\/\/antcube.shop\/da\/wp-json\/wp\/v2\/comments?post=4657"}],"wp:featuredmedia":[{"embeddable":true,"href":"https:\/\/antcube.shop\/da\/wp-json\/wp\/v2\/media\/5052"}],"wp:attachment":[{"href":"https:\/\/antcube.shop\/da\/wp-json\/wp\/v2\/media?parent=4657"}],"wp:term":[{"taxonomy":"product_brand","embeddable":true,"href":"https:\/\/antcube.shop\/da\/wp-json\/wp\/v2\/product_brand?post=4657"},{"taxonomy":"product_cat","embeddable":true,"href":"https:\/\/antcube.shop\/da\/wp-json\/wp\/v2\/product_cat?post=4657"},{"taxonomy":"product_tag","embeddable":true,"href":"https:\/\/antcube.shop\/da\/wp-json\/wp\/v2\/product_tag?post=4657"}],"curies":[{"name":"wp","href":"https:\/\/api.w.org\/{rel}","templated":true}]}}