{"id":4655,"date":"2022-11-14T14:35:04","date_gmt":"2022-11-14T13:35:04","guid":{"rendered":"https:\/\/antcube.shop\/produkt\/zucker-honiglosung-zh-nachfullpack-10ml\/"},"modified":"2026-04-05T19:45:34","modified_gmt":"2026-04-05T17:45:34","slug":"zucker-honiglosung-zh-nachfullpack-10ml","status":"publish","type":"product","link":"https:\/\/antcube.shop\/da\/vare\/zucker-honiglosung-zh-nachfullpack-10ml\/","title":{"rendered":"Sukkerhonningopl\u00f8sning (ZH) - genopfyldningspakning 10 ml"},"content":{"rendered":"<p><strong>Indhold:<\/strong> 10 ml<\/p>\n<p><strong>Beskrivelse:<\/strong> Dette er et produkt, der best\u00e5r af forskellige kulhydrater (f.eks. honning og sukker).<\/p>\n<p><strong>Anvendelse:<\/strong> Foderr\u00f8ret kan anbringes som en helhed i formicariet, alternativt kan du tilf\u00f8je mindre m\u00e6ngder til en f\u00f8dekasse efter behov\/afh\u00e6ngigt af koloniens st\u00f8rrelse. M\u00e6ngden af foder b\u00f8r opbruges inden for ca. 3 dage, da der ellers er risiko for skimmelsvamp, og af samme grund skal fodersk\u00e5len reng\u00f8res, inden den fyldes igen.<\/p>\n<p><strong>Anvendelse:<\/strong><br \/>\nKulhydratf\u00f8de = for sukker\/honningspisende myrearter.<br \/>\nDet er et tilskudsfoder (blandingsfoder)<br \/>\nDen kan blandes med en dr\u00e5be vand og holder sig i 3 dage, n\u00e5r den er v\u00e5d. Reng\u00f8r fodersk\u00e5len\/r\u00f8ret grundigt, f\u00f8r den genbruges.<br \/>\nEn \u00e5bnet pakke skal anvendes t\u00e6t lukket (hvis den opbevares t\u00f8rt) indtil den angivne (bedst f\u00f8r dato).<\/p>\n<p><strong>Indeholder:<\/strong><br \/>\nFructose 27 til 44%,<br \/>\nGlukose 22 til 41%,<br \/>\nSaccharose op til 5%,<br \/>\nmaltose 4 til 14%,<br \/>\nandre flerdobbelte sukkerarter 1 til 14%.<br \/>\n<strong>Fedt:<\/strong> 0g<br \/>\n<strong>Kulhydrater:<\/strong> 92g<br \/>\n<strong>Protein:<\/strong> 0g<br \/>\n<strong>Salt:<\/strong> 0g<\/p>\n<p>Opbevaring: For at sikre foderets kvalitet b\u00f8r det opbevares m\u00f8rkt og t\u00f8rt for at sikre dets kvalitet.<\/p>\n<p><strong>Bem\u00e6rk:<\/strong><br \/>\nDu kan finde oplysninger om, hvordan du bruger foderr\u00f8rene, her: Link<br \/>\nSe indl\u00e6gssedlen for at f\u00e5 oplysninger om sammens\u00e6tning, analytiske ingredienser, holdbarhedsdato og partinummer.<\/p>\n<p>Informationshotline +49 30 439703870<\/p>\n<p>Ansvarlig veterin\u00e6r- og f\u00f8devarekontrolmyndighed:<br \/>\nSteglitz Veterin\u00e6rkontor<br \/>\nK\u00f6nigin-Luise-Str. 92<br \/>\n14195 Berlin<\/p>","protected":false},"excerpt":{"rendered":"<p>Supplerende f\u00f8devarer<\/p>","protected":false},"featured_media":5058,"comment_status":"open","ping_status":"closed","template":"","meta":{"_acf_changed":false,"content-type":"","_monsterinsights_skip_tracking":false,"_monsterinsights_sitenote_active":false,"_monsterinsights_sitenote_note":"","_monsterinsights_sitenote_category":0},"product_brand":[],"product_cat":[115,116],"product_tag":[],"class_list":{"0":"post-4655","1":"product","2":"type-product","3":"status-publish","4":"has-post-thumbnail","6":"product_cat-food-and-feeding","7":"product_cat-food","9":"first","10":"instock","11":"taxable","12":"shipping-taxable","13":"purchasable","14":"product-type-simple"},"acf":[],"aioseo_notices":[],"jetpack_sharing_enabled":true,"_links":{"self":[{"href":"https:\/\/antcube.shop\/da\/wp-json\/wp\/v2\/product\/4655","targetHints":{"allow":["GET"]}}],"collection":[{"href":"https:\/\/antcube.shop\/da\/wp-json\/wp\/v2\/product"}],"about":[{"href":"https:\/\/antcube.shop\/da\/wp-json\/wp\/v2\/types\/product"}],"replies":[{"embeddable":true,"href":"https:\/\/antcube.shop\/da\/wp-json\/wp\/v2\/comments?post=4655"}],"wp:featuredmedia":[{"embeddable":true,"href":"https:\/\/antcube.shop\/da\/wp-json\/wp\/v2\/media\/5058"}],"wp:attachment":[{"href":"https:\/\/antcube.shop\/da\/wp-json\/wp\/v2\/media?parent=4655"}],"wp:term":[{"taxonomy":"product_brand","embeddable":true,"href":"https:\/\/antcube.shop\/da\/wp-json\/wp\/v2\/product_brand?post=4655"},{"taxonomy":"product_cat","embeddable":true,"href":"https:\/\/antcube.shop\/da\/wp-json\/wp\/v2\/product_cat?post=4655"},{"taxonomy":"product_tag","embeddable":true,"href":"https:\/\/antcube.shop\/da\/wp-json\/wp\/v2\/product_tag?post=4655"}],"curies":[{"name":"wp","href":"https:\/\/api.w.org\/{rel}","templated":true}]}}