{"id":4654,"date":"2022-11-14T14:34:48","date_gmt":"2022-11-14T13:34:48","guid":{"rendered":"https:\/\/antcube.shop\/produkt\/zuckerlosung-z-nachfullpack-10ml\/"},"modified":"2026-04-29T09:58:52","modified_gmt":"2026-04-29T07:58:52","slug":"zuckerlosung-z-nachfullpack-10ml","status":"publish","type":"product","link":"https:\/\/antcube.shop\/da\/vare\/zuckerlosung-z-nachfullpack-10ml\/","title":{"rendered":"Sukkeropl\u00f8sning (Z) - genopfyldningspakke 10 ml"},"content":{"rendered":"<p><strong>Indhold:<\/strong> 10 ml<\/p>\n<p><strong>Beskrivelse:<\/strong> Sukkeropl\u00f8sningen er et tilskudsfoder til andre foderstoffer.<\/p>\n<p><strong>Anvendelse:<\/strong><br \/>\nSukkeropl\u00f8sning = til sukker\u00e6dende myrearter.<br \/>\nDet er et tilskudsfoder (enkeltfoder)<br \/>\nDet kan tilbydes dyrene i leveret tilstand. Det kan bruges, indtil sukkeret er t\u00f8rret ud. Reng\u00f8r fodersk\u00e5len\/r\u00f8ret grundigt, inden den genbruges.<br \/>\nEn \u00e5bnet pakke skal anvendes t\u00e6t lukket indtil den angivne (bedst f\u00f8r dato).<\/p>\n<p><strong>Indeholder:<\/strong><br \/>\nInvertsukker 55%<br \/>\nSukrose 45%<\/p>\n<p><strong>Opbevaring:<\/strong> For at sikre foderets kvalitet b\u00f8r det opbevares m\u00f8rkt og t\u00f8rt for at sikre dets kvalitet.<\/p>\n<p><strong>Bem\u00e6rk:<\/strong><br \/>\nDu kan finde oplysninger om, hvordan du bruger foderr\u00f8rene, her: Link<br \/>\nSe indl\u00e6gssedlen for at f\u00e5 oplysninger om sammens\u00e6tning, analytiske ingredienser, holdbarhedsdato og partinummer.<\/p>\n<p>Informationshotline +49 30 439703870<\/p>\n<p>Ansvarlig veterin\u00e6r- og f\u00f8devarekontrolmyndighed:<br \/>\nSteglitz Veterin\u00e6rkontor<br \/>\nK\u00f6nigin-Luise-Str. 92<br \/>\n14195 Berlin<\/p>","protected":false},"excerpt":{"rendered":"<p>Supplerende f\u00f8devarer<\/p>","protected":false},"featured_media":5063,"comment_status":"open","ping_status":"closed","template":"","meta":{"_acf_changed":false,"content-type":"","_monsterinsights_skip_tracking":false,"_monsterinsights_sitenote_active":false,"_monsterinsights_sitenote_note":"","_monsterinsights_sitenote_category":0},"product_brand":[],"product_cat":[115,116],"product_tag":[],"class_list":{"0":"post-4654","1":"product","2":"type-product","3":"status-publish","4":"has-post-thumbnail","6":"product_cat-food-and-feeding","7":"product_cat-food","9":"first","10":"instock","11":"taxable","12":"shipping-taxable","13":"purchasable","14":"product-type-simple"},"acf":[],"aioseo_notices":[],"jetpack_sharing_enabled":true,"_links":{"self":[{"href":"https:\/\/antcube.shop\/da\/wp-json\/wp\/v2\/product\/4654","targetHints":{"allow":["GET"]}}],"collection":[{"href":"https:\/\/antcube.shop\/da\/wp-json\/wp\/v2\/product"}],"about":[{"href":"https:\/\/antcube.shop\/da\/wp-json\/wp\/v2\/types\/product"}],"replies":[{"embeddable":true,"href":"https:\/\/antcube.shop\/da\/wp-json\/wp\/v2\/comments?post=4654"}],"wp:featuredmedia":[{"embeddable":true,"href":"https:\/\/antcube.shop\/da\/wp-json\/wp\/v2\/media\/5063"}],"wp:attachment":[{"href":"https:\/\/antcube.shop\/da\/wp-json\/wp\/v2\/media?parent=4654"}],"wp:term":[{"taxonomy":"product_brand","embeddable":true,"href":"https:\/\/antcube.shop\/da\/wp-json\/wp\/v2\/product_brand?post=4654"},{"taxonomy":"product_cat","embeddable":true,"href":"https:\/\/antcube.shop\/da\/wp-json\/wp\/v2\/product_cat?post=4654"},{"taxonomy":"product_tag","embeddable":true,"href":"https:\/\/antcube.shop\/da\/wp-json\/wp\/v2\/product_tag?post=4654"}],"curies":[{"name":"wp","href":"https:\/\/api.w.org\/{rel}","templated":true}]}}