{"id":4652,"date":"2022-11-14T14:34:16","date_gmt":"2022-11-14T13:34:16","guid":{"rendered":"https:\/\/antcube.shop\/produkt\/kornerfutter-minor-mi-nachfullpack-20ml\/"},"modified":"2026-04-15T09:42:41","modified_gmt":"2026-04-15T07:42:41","slug":"kornerfutter-minor-mi-nachfullpack-20ml","status":"publish","type":"product","link":"https:\/\/antcube.shop\/da\/vare\/kornerfutter-minor-mi-nachfullpack-20ml\/","title":{"rendered":"Kornfoder Minor (Mi) - genopfyldningspakke 20 ml"},"content":{"rendered":"<p><strong>Indhold:<\/strong> 20 ml (svarende til ca. 10 g).<\/p>\n<p><strong>Beskrivelse:<\/strong> Fine korn\/fr\u00f8 til unge kolonier af kornsamlende myrearter som Messor-sl\u00e6gten, der stadig prim\u00e6rt best\u00e5r af mindre arbejdere.<\/p>\n<p><strong>Bem\u00e6rk:<\/strong><br \/>\nDu kan finde oplysninger om, hvordan du bruger sonderne her: Link<br \/>\nTilskudsfoder til korn\u00e6dende myrer.<br \/>\nSe indl\u00e6gssedlen for sammens\u00e6tning, analytiske komponenter, holdbarhedsdato og partinummer.<\/p>\n<p>Informationshotline +49 30 439703870<\/p>\n<p>Ansvarlig veterin\u00e6r- og f\u00f8devarekontrolmyndighed:<br \/>\nSteglitz Veterin\u00e6rkontor<br \/>\nK\u00f6nigin-Luise-Str. 92<br \/>\n14195 Berlin<\/p>","protected":false},"excerpt":{"rendered":"<p>Supplerende f\u00f8devarer<\/p>","protected":false},"featured_media":5741,"comment_status":"open","ping_status":"closed","template":"","meta":{"_acf_changed":false,"content-type":"","_monsterinsights_skip_tracking":false,"_monsterinsights_sitenote_active":false,"_monsterinsights_sitenote_note":"","_monsterinsights_sitenote_category":0},"product_brand":[],"product_cat":[115,116],"product_tag":[],"class_list":{"0":"post-4652","1":"product","2":"type-product","3":"status-publish","4":"has-post-thumbnail","6":"product_cat-food-and-feeding","7":"product_cat-food","9":"first","10":"instock","11":"taxable","12":"shipping-taxable","13":"purchasable","14":"product-type-simple"},"acf":[],"aioseo_notices":[],"jetpack_sharing_enabled":true,"_links":{"self":[{"href":"https:\/\/antcube.shop\/da\/wp-json\/wp\/v2\/product\/4652","targetHints":{"allow":["GET"]}}],"collection":[{"href":"https:\/\/antcube.shop\/da\/wp-json\/wp\/v2\/product"}],"about":[{"href":"https:\/\/antcube.shop\/da\/wp-json\/wp\/v2\/types\/product"}],"replies":[{"embeddable":true,"href":"https:\/\/antcube.shop\/da\/wp-json\/wp\/v2\/comments?post=4652"}],"wp:featuredmedia":[{"embeddable":true,"href":"https:\/\/antcube.shop\/da\/wp-json\/wp\/v2\/media\/5741"}],"wp:attachment":[{"href":"https:\/\/antcube.shop\/da\/wp-json\/wp\/v2\/media?parent=4652"}],"wp:term":[{"taxonomy":"product_brand","embeddable":true,"href":"https:\/\/antcube.shop\/da\/wp-json\/wp\/v2\/product_brand?post=4652"},{"taxonomy":"product_cat","embeddable":true,"href":"https:\/\/antcube.shop\/da\/wp-json\/wp\/v2\/product_cat?post=4652"},{"taxonomy":"product_tag","embeddable":true,"href":"https:\/\/antcube.shop\/da\/wp-json\/wp\/v2\/product_tag?post=4652"}],"curies":[{"name":"wp","href":"https:\/\/api.w.org\/{rel}","templated":true}]}}