{"id":4651,"date":"2022-11-14T14:34:01","date_gmt":"2022-11-14T13:34:01","guid":{"rendered":"https:\/\/antcube.shop\/produkt\/kornerfutter-media-me-nachfullpack-20ml\/"},"modified":"2026-04-10T09:16:32","modified_gmt":"2026-04-10T07:16:32","slug":"kornerfutter-media-me-nachfullpack-20ml","status":"publish","type":"product","link":"https:\/\/antcube.shop\/da\/vare\/kornerfutter-media-me-nachfullpack-20ml\/","title":{"rendered":"Grain food Media (Me) - genopfyldningspakke 20 ml"},"content":{"rendered":"<p><strong>Indhold:<\/strong> 20 ml (svarende til ca. 16 g).<\/p>\n<p><strong>Beskrivelse:<\/strong> Mellemstore granulater\/fr\u00f8 til st\u00f8rre kolonier af granulatsamlende myrearter som Messor-sl\u00e6gten, der allerede indeholder mediearbejdere.<\/p>\n<p><strong>Bem\u00e6rk:<\/strong><br \/>\nDu kan finde oplysninger om, hvordan du bruger foderr\u00f8rene, her: Link<br \/>\nSupplerende f\u00f8de til korn\u00e6dende myrer.<br \/>\nSe indl\u00e6gssedlen for sammens\u00e6tning, analytiske komponenter, holdbarhedsdato og partinummer.<\/p>\n<p>Informationshotline +49 30 439703870<\/p>\n<p>Ansvarlig veterin\u00e6r- og f\u00f8devarekontrolmyndighed:<br \/>\nSteglitz Veterin\u00e6rkontor<br \/>\nK\u00f6nigin-Luise-Str. 92<br \/>\n14195 Berlin<\/p>","protected":false},"excerpt":{"rendered":"<p>Supplerende f\u00f8devarer<\/p>","protected":false},"featured_media":5738,"comment_status":"open","ping_status":"closed","template":"","meta":{"_acf_changed":false,"content-type":"","_monsterinsights_skip_tracking":false,"_monsterinsights_sitenote_active":false,"_monsterinsights_sitenote_note":"","_monsterinsights_sitenote_category":0},"product_brand":[],"product_cat":[115,116],"product_tag":[],"class_list":{"0":"post-4651","1":"product","2":"type-product","3":"status-publish","4":"has-post-thumbnail","6":"product_cat-food-and-feeding","7":"product_cat-food","9":"first","10":"instock","11":"taxable","12":"shipping-taxable","13":"purchasable","14":"product-type-simple"},"acf":[],"aioseo_notices":[],"jetpack_sharing_enabled":true,"_links":{"self":[{"href":"https:\/\/antcube.shop\/da\/wp-json\/wp\/v2\/product\/4651","targetHints":{"allow":["GET"]}}],"collection":[{"href":"https:\/\/antcube.shop\/da\/wp-json\/wp\/v2\/product"}],"about":[{"href":"https:\/\/antcube.shop\/da\/wp-json\/wp\/v2\/types\/product"}],"replies":[{"embeddable":true,"href":"https:\/\/antcube.shop\/da\/wp-json\/wp\/v2\/comments?post=4651"}],"wp:featuredmedia":[{"embeddable":true,"href":"https:\/\/antcube.shop\/da\/wp-json\/wp\/v2\/media\/5738"}],"wp:attachment":[{"href":"https:\/\/antcube.shop\/da\/wp-json\/wp\/v2\/media?parent=4651"}],"wp:term":[{"taxonomy":"product_brand","embeddable":true,"href":"https:\/\/antcube.shop\/da\/wp-json\/wp\/v2\/product_brand?post=4651"},{"taxonomy":"product_cat","embeddable":true,"href":"https:\/\/antcube.shop\/da\/wp-json\/wp\/v2\/product_cat?post=4651"},{"taxonomy":"product_tag","embeddable":true,"href":"https:\/\/antcube.shop\/da\/wp-json\/wp\/v2\/product_tag?post=4651"}],"curies":[{"name":"wp","href":"https:\/\/api.w.org\/{rel}","templated":true}]}}