{"id":4648,"date":"2022-11-14T14:33:14","date_gmt":"2022-11-14T13:33:14","guid":{"rendered":"https:\/\/antcube.shop\/produkt\/himbeerblatter-100g-getrocknet\/"},"modified":"2026-04-02T09:54:04","modified_gmt":"2026-04-02T07:54:04","slug":"himbeerblatter-100g-getrocknet","status":"publish","type":"product","link":"https:\/\/antcube.shop\/da\/vare\/himbeerblatter-100g-getrocknet\/","title":{"rendered":"Hindb\u00e6rblade 100g - t\u00f8rret"},"content":{"rendered":"<p><strong>Indhold:<\/strong><br \/>\n100 g t\u00f8rrede hindb\u00e6rblade<\/p>\n<p><strong>Beskrivelse:<\/strong><br \/>\nHindb\u00e6rblade som grobund for svampedyrkende myrearter. Det er et rent naturprodukt.<\/p>\n<p><strong>Anvendelse:<\/strong><br \/>\nHindb\u00e6rblade = til svampeproducerende myrearter.<br \/>\nDe t\u00f8rre blade tjener kun som grobund for bladsk\u00e6rermyrernes svamp (det er tilr\u00e5deligt at tilbyde sukkerholdige v\u00e6sker samtidig for at erstatte de manglende plantesafter). De blade, der skal fodres, skal blot anbringes i et t\u00f8rfoderkammer. Friske blade foretr\u00e6kkes dog af dyrene. T\u00f8rrede blade er derfor mest velegnede til at overbryde perioder, hvor der ikke kan tilbydes nogen.<\/p>\n<p><strong>Opbevaring:<\/strong><br \/>\nI t\u00f8rt milj\u00f8<\/p>\n<p><strong>Indeholder:<\/strong><br \/>\n100% t\u00f8rrede hindb\u00e6rblade<\/p>","protected":false},"excerpt":{"rendered":"<p>Supplerende f\u00f8devarer<\/p>","protected":false},"featured_media":5115,"comment_status":"open","ping_status":"closed","template":"","meta":{"_acf_changed":false,"content-type":"","_monsterinsights_skip_tracking":false,"_monsterinsights_sitenote_active":false,"_monsterinsights_sitenote_note":"","_monsterinsights_sitenote_category":0},"product_brand":[],"product_cat":[115,116],"product_tag":[],"class_list":{"0":"post-4648","1":"product","2":"type-product","3":"status-publish","4":"has-post-thumbnail","6":"product_cat-food-and-feeding","7":"product_cat-food","9":"first","10":"instock","11":"taxable","12":"shipping-taxable","13":"purchasable","14":"product-type-simple"},"acf":[],"aioseo_notices":[],"jetpack_sharing_enabled":true,"_links":{"self":[{"href":"https:\/\/antcube.shop\/da\/wp-json\/wp\/v2\/product\/4648","targetHints":{"allow":["GET"]}}],"collection":[{"href":"https:\/\/antcube.shop\/da\/wp-json\/wp\/v2\/product"}],"about":[{"href":"https:\/\/antcube.shop\/da\/wp-json\/wp\/v2\/types\/product"}],"replies":[{"embeddable":true,"href":"https:\/\/antcube.shop\/da\/wp-json\/wp\/v2\/comments?post=4648"}],"wp:featuredmedia":[{"embeddable":true,"href":"https:\/\/antcube.shop\/da\/wp-json\/wp\/v2\/media\/5115"}],"wp:attachment":[{"href":"https:\/\/antcube.shop\/da\/wp-json\/wp\/v2\/media?parent=4648"}],"wp:term":[{"taxonomy":"product_brand","embeddable":true,"href":"https:\/\/antcube.shop\/da\/wp-json\/wp\/v2\/product_brand?post=4648"},{"taxonomy":"product_cat","embeddable":true,"href":"https:\/\/antcube.shop\/da\/wp-json\/wp\/v2\/product_cat?post=4648"},{"taxonomy":"product_tag","embeddable":true,"href":"https:\/\/antcube.shop\/da\/wp-json\/wp\/v2\/product_tag?post=4648"}],"curies":[{"name":"wp","href":"https:\/\/api.w.org\/{rel}","templated":true}]}}