{"id":4642,"date":"2022-11-14T14:31:41","date_gmt":"2022-11-14T13:31:41","guid":{"rendered":"https:\/\/antcube.shop\/produkt\/jelly-food-brauner-zucker-16g\/"},"modified":"2026-03-31T18:19:06","modified_gmt":"2026-03-31T16:19:06","slug":"jelly-food-brauner-zucker-16g-2","status":"publish","type":"product","link":"https:\/\/antcube.shop\/da\/vare\/jelly-food-brauner-zucker-16g-2\/","title":{"rendered":"Jelly Food brunt sukker 16g"},"content":{"rendered":"<p><strong>Antal:<\/strong> 16g<\/p>\n<p><strong>Beskrivelse:<\/strong><br \/>\nVitaminer og proteiner er de grundl\u00e6ggende byggesten i enhver krop. Nogle kan kroppen selv producere, mens andre skal indtages gennem maden.<br \/>\nInsektelskere over hele verden s\u00e6tter pris p\u00e5 denne formel til at fremme avl og forl\u00e6nge livet gennem afbalanceret ern\u00e6ring af deres \"elskede\".<\/p>\n<p><strong>Ingredienser:<\/strong><br \/>\nSammens\u00e6tning: vand, fruktosesirup, sukker<br \/>\nAnalytiske bestanddele: Fugt 65%<\/p>\n<p><strong>Anvendelse:<\/strong><br \/>\nFor frugt\u00e6dende myrearter.<br \/>\nFoderblandinger som tilskudsfoder<br \/>\nB\u00f8r tilbydes 2-3 gange om ugen til frugt\u00e6dende myrearter.<br \/>\nDet kan tilbydes dyrene i leveret tilstand. Ved stuetemperatur kan gel\u00e9en hurtigt mugne. Derfor b\u00f8r foderet udskiftes mindst hver 3. dag. Reng\u00f8r fodersk\u00e5len grundigt f\u00f8r genbrug.<\/p>\n<p><strong>Holdbarhed:<\/strong><br \/>\nN\u00e5r den er lukket, har gel\u00e9en en holdbarhed p\u00e5 mindst 1 \u00e5r (se datoen for bedst f\u00f8r p\u00e5 pakken); n\u00e5r den er \u00e5bnet, skal den opbevares i k\u00f8leskabet og bruges inden for 5-7 dage. Du kan ogs\u00e5 fryse den ned i fryseren og opt\u00f8 sm\u00e5 m\u00e6ngder efter behov.<\/p>\n<p><strong>Bem\u00e6rk:<\/strong><br \/>\nSe indl\u00e6gssedlen for sammens\u00e6tning, analytiske bestanddele, partiidentifikationsnummer og bedst f\u00f8r dato (BBD).<\/p>\n<p>Hotline for information (fax): +49 2065-67290<\/p>\n<p>Ansvarlig veterin\u00e6r- og f\u00f8devareinspektorat:<br \/>\nEmbedsdyrl\u00e6ge \/ veterin\u00e6r ekspert.<br \/>\nP\u00e5 Schnabelhuck 6<br \/>\n47049 Duisburg<\/p>","protected":false},"excerpt":{"rendered":"<p>Supplerende f\u00f8devarer<\/p>","protected":false},"featured_media":5094,"comment_status":"open","ping_status":"closed","template":"","meta":{"_acf_changed":false,"content-type":"","_monsterinsights_skip_tracking":false,"_monsterinsights_sitenote_active":false,"_monsterinsights_sitenote_note":"","_monsterinsights_sitenote_category":0},"product_brand":[],"product_cat":[115,116],"product_tag":[],"class_list":{"0":"post-4642","1":"product","2":"type-product","3":"status-publish","4":"has-post-thumbnail","6":"product_cat-food-and-feeding","7":"product_cat-food","9":"first","10":"instock","11":"taxable","12":"shipping-taxable","13":"purchasable","14":"product-type-simple"},"acf":[],"aioseo_notices":[],"jetpack_sharing_enabled":true,"_links":{"self":[{"href":"https:\/\/antcube.shop\/da\/wp-json\/wp\/v2\/product\/4642","targetHints":{"allow":["GET"]}}],"collection":[{"href":"https:\/\/antcube.shop\/da\/wp-json\/wp\/v2\/product"}],"about":[{"href":"https:\/\/antcube.shop\/da\/wp-json\/wp\/v2\/types\/product"}],"replies":[{"embeddable":true,"href":"https:\/\/antcube.shop\/da\/wp-json\/wp\/v2\/comments?post=4642"}],"wp:featuredmedia":[{"embeddable":true,"href":"https:\/\/antcube.shop\/da\/wp-json\/wp\/v2\/media\/5094"}],"wp:attachment":[{"href":"https:\/\/antcube.shop\/da\/wp-json\/wp\/v2\/media?parent=4642"}],"wp:term":[{"taxonomy":"product_brand","embeddable":true,"href":"https:\/\/antcube.shop\/da\/wp-json\/wp\/v2\/product_brand?post=4642"},{"taxonomy":"product_cat","embeddable":true,"href":"https:\/\/antcube.shop\/da\/wp-json\/wp\/v2\/product_cat?post=4642"},{"taxonomy":"product_tag","embeddable":true,"href":"https:\/\/antcube.shop\/da\/wp-json\/wp\/v2\/product_tag?post=4642"}],"curies":[{"name":"wp","href":"https:\/\/api.w.org\/{rel}","templated":true}]}}