{"id":4639,"date":"2022-11-14T14:30:55","date_gmt":"2022-11-14T13:30:55","guid":{"rendered":"https:\/\/antcube.shop\/produkt\/durchgangsschieber-s\/"},"modified":"2026-03-02T12:58:53","modified_gmt":"2026-03-02T11:58:53","slug":"durchgangsschieber-s","status":"publish","type":"product","link":"https:\/\/antcube.shop\/da\/vare\/durchgangsschieber-s\/","title":{"rendered":"Gennemgangsventil - S"},"content":{"rendered":"<p><strong>Dimensioner:<\/strong> 78 x 12 x 52 mm til 10\/6 mm r\u00f8r eller myrefarmst\u00f8rrelse S<\/p>\n<p><strong>Materiale:<\/strong> PMMA<\/p>\n<p><strong>Farver:<\/strong> gennemsigtig, gr\u00e5<\/p>\n<p><strong>Indhold:<\/strong> 1x passage glider<\/p>\n<p><strong>Beskrivelse:<\/strong> Passageslideren lukker eller \u00e5bner passagen for myrer i et r\u00f8r eller mellem to formicariums.<br \/>\nDen er gennemsigtig, s\u00e5 du kan se, om der er myrer imellem, n\u00e5r du \"lukker\" den. Skytteventilen bruges ogs\u00e5 til at kontrollere og regulere myrespor i slanger.<\/p>\n<p><strong>Bem\u00e6rkning om anvendelsen<\/strong><br \/>\nP\u00e5 grund af den filigranformede konstruktion skal f\u00f8lgende overholdes, n\u00e5r slangerne fastg\u00f8res eller afmonteres:<br \/>\nHvis slangen er meget vanskelig at montere p\u00e5 forbindelsesb\u00f8sningen, skal b\u00f8sningen gnides let med en dr\u00e5be af vores beskyttelsesolie eller pulver til beskyttelse mod udbrud. Slangen skal derefter skubbes p\u00e5 b\u00f8sningen med drejende eller skruende bev\u00e6gelser uden at belaste b\u00f8sningen med op- og nedadg\u00e5ende bev\u00e6gelser. Det samme g\u00e6lder, n\u00e5r slangerne fjernes fra den gennemg\u00e5ende sl\u00e6de. Du m\u00e5 ikke bare tr\u00e6kke den af!<\/p>","protected":false},"excerpt":{"rendered":"<p>Dimensioner: 78 x 12 x 52 mm til 10\/6 mm r\u00f8r eller myrefarm st\u00f8rrelse S Materiale: Farver: gennemsigtig, gr\u00e5 Indhold: Beskrivelse: 1x passage slider: Den lukker eller \u00e5bner passagen for myrer i et r\u00f8r eller mellem to formicariums. Den er gennemsigtig, s\u00e5 du kan se, om der er myrer imellem","protected":false},"featured_media":5170,"comment_status":"open","ping_status":"closed","template":"","meta":{"_acf_changed":false,"content-type":"","_monsterinsights_skip_tracking":false,"_monsterinsights_sitenote_active":false,"_monsterinsights_sitenote_note":"","_monsterinsights_sitenote_category":0},"product_brand":[],"product_cat":[121],"product_tag":[],"class_list":{"0":"post-4639","1":"product","2":"type-product","3":"status-publish","4":"has-post-thumbnail","6":"product_cat-connectors","8":"first","9":"instock","10":"taxable","11":"shipping-taxable","12":"purchasable","13":"product-type-simple"},"acf":[],"aioseo_notices":[],"jetpack_sharing_enabled":true,"_links":{"self":[{"href":"https:\/\/antcube.shop\/da\/wp-json\/wp\/v2\/product\/4639","targetHints":{"allow":["GET"]}}],"collection":[{"href":"https:\/\/antcube.shop\/da\/wp-json\/wp\/v2\/product"}],"about":[{"href":"https:\/\/antcube.shop\/da\/wp-json\/wp\/v2\/types\/product"}],"replies":[{"embeddable":true,"href":"https:\/\/antcube.shop\/da\/wp-json\/wp\/v2\/comments?post=4639"}],"wp:featuredmedia":[{"embeddable":true,"href":"https:\/\/antcube.shop\/da\/wp-json\/wp\/v2\/media\/5170"}],"wp:attachment":[{"href":"https:\/\/antcube.shop\/da\/wp-json\/wp\/v2\/media?parent=4639"}],"wp:term":[{"taxonomy":"product_brand","embeddable":true,"href":"https:\/\/antcube.shop\/da\/wp-json\/wp\/v2\/product_brand?post=4639"},{"taxonomy":"product_cat","embeddable":true,"href":"https:\/\/antcube.shop\/da\/wp-json\/wp\/v2\/product_cat?post=4639"},{"taxonomy":"product_tag","embeddable":true,"href":"https:\/\/antcube.shop\/da\/wp-json\/wp\/v2\/product_tag?post=4639"}],"curies":[{"name":"wp","href":"https:\/\/api.w.org\/{rel}","templated":true}]}}