{"id":4638,"date":"2022-11-14T14:30:39","date_gmt":"2022-11-14T13:30:39","guid":{"rendered":"https:\/\/antcube.shop\/produkt\/durchgangsschieber-m\/"},"modified":"2026-04-13T09:32:07","modified_gmt":"2026-04-13T07:32:07","slug":"durchgangsschieber-m","status":"publish","type":"product","link":"https:\/\/antcube.shop\/da\/vare\/durchgangsschieber-m\/","title":{"rendered":"Gennemgangsventil - M"},"content":{"rendered":"<p><strong>Dimensioner:<\/strong> 78 x 17 x 53 mm til 14\/10 mm r\u00f8r eller myrefarmst\u00f8rrelse M<\/p>\n<p><strong>Materiale:<\/strong> PMMA<\/p>\n<p><strong>Farver:<\/strong> gennemsigtig, gr\u00e5<\/p>\n<p><strong>Indhold:<\/strong> 1x passage glider<\/p>\n<p><strong>Beskrivelse:<\/strong> Passageslideren lukker eller \u00e5bner passagen for myrer i et r\u00f8r eller mellem to formicariums.<br \/>\nDen er gennemsigtig, s\u00e5 du kan se, om der er myrer imellem, n\u00e5r du \"lukker\" den. Skytteventilen bruges ogs\u00e5 til at kontrollere og regulere str\u00f8mmen af myrer i r\u00f8r.<\/p>\n<p><strong>Bem\u00e6rkning om anvendelsen<\/strong><br \/>\nP\u00e5 grund af den filigranformede konstruktion skal f\u00f8lgende overholdes, n\u00e5r slangerne fastg\u00f8res eller afmonteres:<br \/>\nHvis slangen er meget vanskelig at montere p\u00e5 forbindelsesb\u00f8sningen, skal b\u00f8sningen gnides let med en dr\u00e5be af vores beskyttelsesolie eller pulver til beskyttelse mod udbrud. Slangen skal derefter skubbes p\u00e5 b\u00f8sningen med drejende eller skruende bev\u00e6gelser uden at belaste b\u00f8sningen med op- og nedadg\u00e5ende bev\u00e6gelser. Det samme g\u00e6lder, n\u00e5r slangerne fjernes fra den gennemg\u00e5ende sl\u00e6de. De m\u00e5 ikke blot tr\u00e6kkes af!<\/p>\n<p><strong>Oplysninger om opdatering:<\/strong><br \/>\n15.12.2020 Produktforbedring: St\u00e6ngerne er blevet forst\u00e6rket med 3 mm.<\/p>","protected":false},"excerpt":{"rendered":"<p>Dimensioner: Dimensioner: 78 x 17 x 53 mm til 14\/10 mm r\u00f8r eller myrefarm st\u00f8rrelse M Materiale: Farver: gennemsigtig, gr\u00e5 Indhold: Beskrivelse: 1x passage slider: Den lukker eller \u00e5bner passagen for myrer i et r\u00f8r eller mellem to formicariums. Den er gennemsigtig, s\u00e5 du kan se, om der er myrer imellem","protected":false},"featured_media":5172,"comment_status":"open","ping_status":"closed","template":"","meta":{"_acf_changed":false,"content-type":"","_monsterinsights_skip_tracking":false,"_monsterinsights_sitenote_active":false,"_monsterinsights_sitenote_note":"","_monsterinsights_sitenote_category":0},"product_brand":[],"product_cat":[121],"product_tag":[],"class_list":{"0":"post-4638","1":"product","2":"type-product","3":"status-publish","4":"has-post-thumbnail","6":"product_cat-connectors","8":"first","9":"instock","10":"taxable","11":"shipping-taxable","12":"purchasable","13":"product-type-simple"},"acf":[],"aioseo_notices":[],"jetpack_sharing_enabled":true,"_links":{"self":[{"href":"https:\/\/antcube.shop\/da\/wp-json\/wp\/v2\/product\/4638","targetHints":{"allow":["GET"]}}],"collection":[{"href":"https:\/\/antcube.shop\/da\/wp-json\/wp\/v2\/product"}],"about":[{"href":"https:\/\/antcube.shop\/da\/wp-json\/wp\/v2\/types\/product"}],"replies":[{"embeddable":true,"href":"https:\/\/antcube.shop\/da\/wp-json\/wp\/v2\/comments?post=4638"}],"wp:featuredmedia":[{"embeddable":true,"href":"https:\/\/antcube.shop\/da\/wp-json\/wp\/v2\/media\/5172"}],"wp:attachment":[{"href":"https:\/\/antcube.shop\/da\/wp-json\/wp\/v2\/media?parent=4638"}],"wp:term":[{"taxonomy":"product_brand","embeddable":true,"href":"https:\/\/antcube.shop\/da\/wp-json\/wp\/v2\/product_brand?post=4638"},{"taxonomy":"product_cat","embeddable":true,"href":"https:\/\/antcube.shop\/da\/wp-json\/wp\/v2\/product_cat?post=4638"},{"taxonomy":"product_tag","embeddable":true,"href":"https:\/\/antcube.shop\/da\/wp-json\/wp\/v2\/product_tag?post=4638"}],"curies":[{"name":"wp","href":"https:\/\/api.w.org\/{rel}","templated":true}]}}