{"id":4637,"date":"2022-11-14T14:30:23","date_gmt":"2022-11-14T13:30:23","guid":{"rendered":"https:\/\/antcube.shop\/produkt\/durchgangsschieber-l\/"},"modified":"2026-04-20T09:56:45","modified_gmt":"2026-04-20T07:56:45","slug":"durchgangsschieber-l","status":"publish","type":"product","link":"https:\/\/antcube.shop\/da\/vare\/durchgangsschieber-l\/","title":{"rendered":"Gennemgangsventil - L"},"content":{"rendered":"<p><strong>Dimensioner:<\/strong> 78 x 27 x 53 mm til 14\/16\/18\/20 mm slanger eller myrefarm st\u00f8rrelse L<\/p>\n<p>14\/10-slangen er sat t\u00e6t ind i 14 mm-stikket<br \/>\n20\/16-r\u00f8ret er fastgjort p\u00e5 det f\u00f8rste 16 mm trin<br \/>\n22\/18-r\u00f8ret er fastgjort p\u00e5 det andet 20 mm trin<br \/>\n24\/20 slange er l\u00f8st monteret p\u00e5 det andet 20 mm trin<\/p>\n<p><strong>Materiale:<\/strong> PMMA<\/p>\n<p><strong>Farver:<\/strong> krystalklar, gr\u00e5<\/p>\n<p><strong>Indhold:<\/strong> 1x gennemg\u00e5ende slider<\/p>\n<p><strong>Beskrivelse:<\/strong> Passageslideren blokerer eller \u00e5bner passagen for myrer i et r\u00f8r eller mellem to formicariums.<br \/>\nDen er gennemsigtig, s\u00e5 du kan se, om der er myrer imellem, n\u00e5r du \"lukker\" den. Skytteventilen bruges ogs\u00e5 til at kontrollere og regulere str\u00f8mmen af myrer i slanger.<\/p>\n<p>Bem\u00e6rkning om anvendelsen<br \/>\nP\u00e5 grund af den filigranformede konstruktion skal f\u00f8lgende overholdes, n\u00e5r slangerne fastg\u00f8res eller afmonteres:<br \/>\nHvis slangen er meget vanskelig at montere p\u00e5 forbindelsesb\u00f8sningen, skal b\u00f8sningen gnides let med en dr\u00e5be af vores beskyttelsesolie eller pulver til beskyttelse mod udbrud. Slangen skal derefter skubbes p\u00e5 b\u00f8sningen med drejende eller skruende bev\u00e6gelser uden at belaste b\u00f8sningen med op- og nedadg\u00e5ende bev\u00e6gelser. Det samme g\u00e6lder, n\u00e5r slangerne fjernes fra den gennemg\u00e5ende sl\u00e6de. De m\u00e5 ikke blot tr\u00e6kkes af!<\/p>\n<p><strong>Opdatering:<\/strong><br \/>\n15.12.2020 Produktforbedring: St\u00e6nger er blevet forst\u00e6rket med 3 mm.<\/p>","protected":false},"excerpt":{"rendered":"<p>Dimensioner: 78 x 27 x 53 mm for 14\/16\/18\/20 mm slanger eller myretue st\u00f8rrelse L 14\/10 slanger s\u00e6ttes t\u00e6t ind i 14 mm fatningen 20\/16 slanger fastg\u00f8res p\u00e5 det f\u00f8rste 16 mm trin 22\/18 slanger fastg\u00f8res p\u00e5 det andet 20 mm trin 24\/20 slanger monteres l\u00f8st p\u00e5 det andet 20 mm trin Materiale: PMMA Farver: krystal","protected":false},"featured_media":5606,"comment_status":"open","ping_status":"closed","template":"","meta":{"_acf_changed":false,"content-type":"","_monsterinsights_skip_tracking":false,"_monsterinsights_sitenote_active":false,"_monsterinsights_sitenote_note":"","_monsterinsights_sitenote_category":0},"product_brand":[],"product_cat":[121],"product_tag":[],"class_list":{"0":"post-4637","1":"product","2":"type-product","3":"status-publish","4":"has-post-thumbnail","6":"product_cat-connectors","8":"first","9":"instock","10":"taxable","11":"shipping-taxable","12":"purchasable","13":"product-type-simple"},"acf":[],"aioseo_notices":[],"jetpack_sharing_enabled":true,"_links":{"self":[{"href":"https:\/\/antcube.shop\/da\/wp-json\/wp\/v2\/product\/4637","targetHints":{"allow":["GET"]}}],"collection":[{"href":"https:\/\/antcube.shop\/da\/wp-json\/wp\/v2\/product"}],"about":[{"href":"https:\/\/antcube.shop\/da\/wp-json\/wp\/v2\/types\/product"}],"replies":[{"embeddable":true,"href":"https:\/\/antcube.shop\/da\/wp-json\/wp\/v2\/comments?post=4637"}],"wp:featuredmedia":[{"embeddable":true,"href":"https:\/\/antcube.shop\/da\/wp-json\/wp\/v2\/media\/5606"}],"wp:attachment":[{"href":"https:\/\/antcube.shop\/da\/wp-json\/wp\/v2\/media?parent=4637"}],"wp:term":[{"taxonomy":"product_brand","embeddable":true,"href":"https:\/\/antcube.shop\/da\/wp-json\/wp\/v2\/product_brand?post=4637"},{"taxonomy":"product_cat","embeddable":true,"href":"https:\/\/antcube.shop\/da\/wp-json\/wp\/v2\/product_cat?post=4637"},{"taxonomy":"product_tag","embeddable":true,"href":"https:\/\/antcube.shop\/da\/wp-json\/wp\/v2\/product_tag?post=4637"}],"curies":[{"name":"wp","href":"https:\/\/api.w.org\/{rel}","templated":true}]}}