{"id":4635,"date":"2022-11-14T14:29:51","date_gmt":"2022-11-14T13:29:51","guid":{"rendered":"https:\/\/antcube.shop\/produkt\/ameisenarena-abdeckung-40x20\/"},"modified":"2026-04-09T20:29:08","modified_gmt":"2026-04-09T18:29:08","slug":"ameisenarena-abdeckung-40x20","status":"publish","type":"product","link":"https:\/\/antcube.shop\/da\/vare\/ameisenarena-abdeckung-40x20\/","title":{"rendered":"Myrenes arena 40\u00d720"},"content":{"rendered":"<p><strong>M\u00e5l (LxBxH):<\/strong> 40x20x0,4 cm<\/p>\n<p><strong>Materiale:<\/strong> floatglas<\/p>\n<p><strong>Farve:<\/strong> krystalklar \/ gennemsigtig<\/p>\n<p><strong>Indhold:<\/strong><br \/>\n1x d\u00e6kning af myre arena<br \/>\n1x fastg\u00f8relsespunkter \u00e0 4 stk.<\/p>\n<p><strong>Beskrivelse:<\/strong><br \/>\nD\u00e6ksel af glas til myrearenaen som flugtsikring.<\/p>\n<p><strong>Anvendelse:<\/strong><br \/>\nMyrenes arenaafd\u00e6kning af glas placeres p\u00e5 en myretue og tjener ogs\u00e5 umiddelbart til klimaregulering.<br \/>\nI 50 mm-\u00e5bningerne kan der inds\u00e6ttes forskellige moduler til klimastyring, f.eks. ventilationsgitre, belysning eller befugtning.<br \/>\nFor at forhindre myrer i at slippe ud gennem \u00e5bningerne b\u00f8r der p\u00e5f\u00f8res en flugtsikring (olie, pulver eller lak) p\u00e5 undersiden omkring hullerne.<\/p>\n<p><strong>Bem\u00e6rk:<\/strong><br \/>\nDa artiklen er fremstillet af glas og derfor er udsat for brud, skal den h\u00e5ndteres med stor forsigtighed.<\/p>","protected":false},"excerpt":{"rendered":"<p>Dimensioner (LxBxH): 40x20x0,4 cm Materiale: floatglas Farve: krystalklar \/ gennemsigtig Indhold: 1x myre arena cover 1x fikseringspunkter \u00e0 4 stk. Beskrivelse: 1: D\u00e6ksel af glas til myrearenaen som flugtsikring. Anvendelse: Myrenes arenaafd\u00e6kningen af glas placeres p\u00e5 en myrearena og tjener ogs\u00e5 umiddelbart til","protected":false},"featured_media":5175,"comment_status":"open","ping_status":"closed","template":"","meta":{"_acf_changed":false,"content-type":"","_monsterinsights_skip_tracking":false,"_monsterinsights_sitenote_active":false,"_monsterinsights_sitenote_note":"","_monsterinsights_sitenote_category":0},"product_brand":[],"product_cat":[91,92],"product_tag":[],"class_list":{"0":"post-4635","1":"product","2":"type-product","3":"status-publish","4":"has-post-thumbnail","6":"product_cat-formicarium-modules","7":"product_cat-arena-cover","9":"first","10":"instock","11":"taxable","12":"shipping-taxable","13":"purchasable","14":"product-type-simple"},"acf":[],"aioseo_notices":[],"jetpack_sharing_enabled":true,"_links":{"self":[{"href":"https:\/\/antcube.shop\/da\/wp-json\/wp\/v2\/product\/4635","targetHints":{"allow":["GET"]}}],"collection":[{"href":"https:\/\/antcube.shop\/da\/wp-json\/wp\/v2\/product"}],"about":[{"href":"https:\/\/antcube.shop\/da\/wp-json\/wp\/v2\/types\/product"}],"replies":[{"embeddable":true,"href":"https:\/\/antcube.shop\/da\/wp-json\/wp\/v2\/comments?post=4635"}],"wp:featuredmedia":[{"embeddable":true,"href":"https:\/\/antcube.shop\/da\/wp-json\/wp\/v2\/media\/5175"}],"wp:attachment":[{"href":"https:\/\/antcube.shop\/da\/wp-json\/wp\/v2\/media?parent=4635"}],"wp:term":[{"taxonomy":"product_brand","embeddable":true,"href":"https:\/\/antcube.shop\/da\/wp-json\/wp\/v2\/product_brand?post=4635"},{"taxonomy":"product_cat","embeddable":true,"href":"https:\/\/antcube.shop\/da\/wp-json\/wp\/v2\/product_cat?post=4635"},{"taxonomy":"product_tag","embeddable":true,"href":"https:\/\/antcube.shop\/da\/wp-json\/wp\/v2\/product_tag?post=4635"}],"curies":[{"name":"wp","href":"https:\/\/api.w.org\/{rel}","templated":true}]}}