{"id":4633,"date":"2022-11-14T14:29:20","date_gmt":"2022-11-14T13:29:20","guid":{"rendered":"https:\/\/antcube.shop\/produkt\/antcube-ameisenfarm-m-40x20-stehend\/"},"modified":"2026-04-07T13:49:30","modified_gmt":"2026-04-07T11:49:30","slug":"antcube-ameisenfarm-m-40x20-stehend","status":"publish","type":"product","link":"https:\/\/antcube.shop\/da\/vare\/antcube-ameisenfarm-m-40x20-stehend\/","title":{"rendered":"ANTCUBE - myrefarm - M - 40\u00d720 - st\u00e5ende"},"content":{"rendered":"<p><strong>M\u00e5l (LxBxH):\u00a0<\/strong><br \/>\n<u>udenfor:<\/u> 432x58x199 mm<br \/>\n<u>inde:<\/u> 384x10x190 mm<\/p>\n<p><strong>Materiale:<\/strong><br \/>\nFlydeglas, plast<\/p>\n<p><strong>Farve:<\/strong><br \/>\nkrystalklart<\/p>\n<p><strong>Indhold:<\/strong><br \/>\n1x ANTCUBE myretue - 10 mm pladeafstand.<br \/>\n1x d\u00e6kning af myretue M 40\u00d72<br \/>\n2x stik 4mm<\/p>\n<p><strong>forbindelse:<\/strong><br \/>\n2x 8\/10 x 10 mm stikd\u00e5se<br \/>\n2x 4mm huller med 4mm plugs<\/p>\n<p><strong>Beskrivelse:<\/strong><br \/>\nDenne fuldt gennemsigtige myrefarm er egnet til myrearter i st\u00f8rrelse M.<\/p>\n<p><strong>Bem\u00e6rkninger om produktionen<\/strong><br \/>\nGlasset er sk\u00e5ret i henhold til DIN 1249 med en tolerance p\u00e5 +\/- 1 mm. Ved ekstremt sm\u00e5 myrearter er det n\u00f8dvendigt med en ekstra udbryderbeskyttelse.<\/p>\n<p><strong>Bem\u00e6rkninger om bedriften<\/strong><br \/>\nN\u00e5r du monterer eller afmonterer slanger, skal du v\u00e6re opm\u00e6rksom p\u00e5 f\u00f8lgende:<br \/>\nHvis slangen er meget vanskelig at montere p\u00e5 forbindelsesb\u00f8sningen, skal b\u00f8sningen gnides let med en dr\u00e5be af vores beskyttelsesolie eller pulver til beskyttelse mod udbrud. Slangen skal derefter skubbes p\u00e5 b\u00f8sningen med drejende eller skruende bev\u00e6gelser uden at belaste b\u00f8sningen med op- og nedadg\u00e5ende bev\u00e6gelser. Det samme g\u00e6lder, n\u00e5r slangerne fjernes fra g\u00e5rdens tilslutningsb\u00f8sning. Der m\u00e5 ikke blot tr\u00e6kkes af!<\/p>","protected":false},"excerpt":{"rendered":"<p><strong>Forbindelse:<\/strong> Stikkontakt 2x 8\/10 mm + d\u00e6ksel <strong>Afstand mellem pladerne:<\/strong> Indvendig 10 mm \/ udvendig 18 mm<br \/>\n<strong>St\u00f8rrelse:<\/strong> <strong><span style=\"color: #339966;\">M<\/span><\/strong><\/p>","protected":false},"featured_media":5180,"comment_status":"open","ping_status":"closed","template":"","meta":{"_acf_changed":false,"content-type":"","_monsterinsights_skip_tracking":false,"_monsterinsights_sitenote_active":false,"_monsterinsights_sitenote_note":"","_monsterinsights_sitenote_category":0},"product_brand":[],"product_cat":[80,82],"product_tag":[],"class_list":{"0":"post-4633","1":"product","2":"type-product","3":"status-publish","4":"has-post-thumbnail","6":"product_cat-antfarms","7":"product_cat-antfarms-m","9":"first","10":"instock","11":"taxable","12":"shipping-taxable","13":"purchasable","14":"product-type-simple"},"acf":[],"aioseo_notices":[],"jetpack_sharing_enabled":true,"_links":{"self":[{"href":"https:\/\/antcube.shop\/da\/wp-json\/wp\/v2\/product\/4633","targetHints":{"allow":["GET"]}}],"collection":[{"href":"https:\/\/antcube.shop\/da\/wp-json\/wp\/v2\/product"}],"about":[{"href":"https:\/\/antcube.shop\/da\/wp-json\/wp\/v2\/types\/product"}],"replies":[{"embeddable":true,"href":"https:\/\/antcube.shop\/da\/wp-json\/wp\/v2\/comments?post=4633"}],"wp:featuredmedia":[{"embeddable":true,"href":"https:\/\/antcube.shop\/da\/wp-json\/wp\/v2\/media\/5180"}],"wp:attachment":[{"href":"https:\/\/antcube.shop\/da\/wp-json\/wp\/v2\/media?parent=4633"}],"wp:term":[{"taxonomy":"product_brand","embeddable":true,"href":"https:\/\/antcube.shop\/da\/wp-json\/wp\/v2\/product_brand?post=4633"},{"taxonomy":"product_cat","embeddable":true,"href":"https:\/\/antcube.shop\/da\/wp-json\/wp\/v2\/product_cat?post=4633"},{"taxonomy":"product_tag","embeddable":true,"href":"https:\/\/antcube.shop\/da\/wp-json\/wp\/v2\/product_tag?post=4633"}],"curies":[{"name":"wp","href":"https:\/\/api.w.org\/{rel}","templated":true}]}}