{"id":4629,"date":"2022-11-14T14:28:18","date_gmt":"2022-11-14T13:28:18","guid":{"rendered":"https:\/\/antcube.shop\/produkt\/antcube-ameisenfarm-l-30x30-wand\/"},"modified":"2026-03-23T17:45:00","modified_gmt":"2026-03-23T16:45:00","slug":"antcube-ameisenfarm-l-30x30-stang","status":"publish","type":"product","link":"https:\/\/antcube.shop\/da\/vare\/antcube-ameisenfarm-l-30x30-stang\/","title":{"rendered":"ANTCUBE - Myretue - L - 30\u00d730 - v\u00e6g"},"content":{"rendered":"<p><strong>Udenfor:<\/strong> 32,5 x 32,5 cm \/ Indvendigt: 29,2 x 29,2 cm<\/p>\n<p><strong>Materiale:<\/strong><br \/>\nFloatglas, tr\u00e6, PMMA<\/p>\n<p><strong>Farve:<\/strong><br \/>\nkrystalklar, hvid<\/p>\n<p><strong>Indhold:<\/strong><br \/>\n1x Ant farm 20mm pladeafstand med v\u00e6gmontering.<br \/>\n1x d\u00e6ksel<br \/>\n1x tr\u00e6ramme hvidmalet med magnetl\u00e5s<br \/>\n2x afstandsst\u00e6nger til nestindsatser<br \/>\n6x skruer og dyvler (til tr\u00e6\/stenv\u00e6g)<\/p>\n<p><strong>forbindelse:<\/strong><br \/>\n2x 14\/16\/18\/20 x 20 mm stikd\u00e5se<\/p>\n<p>14\/10 slangen inds\u00e6ttes i 14 mm fatningen med en t\u00e6t pasform<br \/>\n20\/16 slange er t\u00e6t tilsluttet det f\u00f8rste 16 mm trin<\/p>\n<p><strong>Beskrivelse:<\/strong><br \/>\nDisse myrefarme er designet til v\u00e6gmontering og kan nemt monteres p\u00e5 tr\u00e6- og stenv\u00e6gge.<br \/>\nStellet er lavet af \u00e6gte naturtr\u00e6 med en hvid maling i et moderne, tidl\u00f8st design.<br \/>\nDenne ramme kan fjernes for at \u00e5bne g\u00e5rden og kan s\u00e6ttes fast p\u00e5 g\u00e5rden igen med en magnetisk holder.<\/p>\n<p><strong>Monteringsvejledning:<\/strong><br \/>\nFor at fastg\u00f8re de 6 dybler \"S6\" i v\u00e6ggen skal du bruge et bor med et 6 mm bor (tr\u00e6 eller sten afh\u00e6ngigt af materialet).<br \/>\nDer skal bores 40 mm dybe huller i v\u00e6ggen for at s\u00e6nke dyblerne med 4x30 mm skruer.<\/p>\n<p><strong>Bem\u00e6rkninger om produktionen<\/strong><br \/>\nGlasset er sk\u00e5ret i henhold til DIN 1249 med en tolerance p\u00e5 +\/- 1 mm. Ved ekstremt sm\u00e5 myrearter er det n\u00f8dvendigt med en ekstra udbryderbeskyttelse.<\/p>\n<p><strong>Bem\u00e6rkninger om bedriften<\/strong><br \/>\nN\u00e5r du monterer eller fjerner slanger, skal du v\u00e6re opm\u00e6rksom p\u00e5 f\u00f8lgende:<br \/>\nHvis slangen er meget vanskelig at montere p\u00e5 forbindelsesb\u00f8sningen, skal b\u00f8sningen gnides let med en dr\u00e5be af vores beskyttelsesolie eller pulver til beskyttelse mod udbrud. Slangen skal derefter skubbes p\u00e5 b\u00f8sningen med drejende eller skruende bev\u00e6gelser uden at belaste b\u00f8sningen med op- og nedadg\u00e5ende bev\u00e6gelser. Det samme g\u00e6lder, n\u00e5r slangerne fjernes fra g\u00e5rdens tilslutningsb\u00f8sning. Der m\u00e5 ikke blot tr\u00e6kkes af!<\/p>","protected":false},"excerpt":{"rendered":"<p><strong>Forbindelse:<\/strong> stik 2 x 14\/16 x 20 mm; <strong>pladeafstand:<\/strong> indvendig 20 mm<br \/>\n<strong>St\u00f8rrelse:<\/strong> <span style=\"color: #0000ff;\"><strong>L<\/strong> <\/span><\/p>","protected":false},"featured_media":5188,"comment_status":"open","ping_status":"closed","template":"","meta":{"_acf_changed":false,"content-type":"","_monsterinsights_skip_tracking":false,"_monsterinsights_sitenote_active":false,"_monsterinsights_sitenote_note":"","_monsterinsights_sitenote_category":0},"product_brand":[],"product_cat":[80,83],"product_tag":[],"class_list":{"0":"post-4629","1":"product","2":"type-product","3":"status-publish","4":"has-post-thumbnail","6":"product_cat-antfarms","7":"product_cat-antfarms-l","9":"first","10":"instock","11":"taxable","12":"shipping-taxable","13":"purchasable","14":"product-type-simple"},"acf":[],"aioseo_notices":[],"jetpack_sharing_enabled":true,"_links":{"self":[{"href":"https:\/\/antcube.shop\/da\/wp-json\/wp\/v2\/product\/4629","targetHints":{"allow":["GET"]}}],"collection":[{"href":"https:\/\/antcube.shop\/da\/wp-json\/wp\/v2\/product"}],"about":[{"href":"https:\/\/antcube.shop\/da\/wp-json\/wp\/v2\/types\/product"}],"replies":[{"embeddable":true,"href":"https:\/\/antcube.shop\/da\/wp-json\/wp\/v2\/comments?post=4629"}],"wp:featuredmedia":[{"embeddable":true,"href":"https:\/\/antcube.shop\/da\/wp-json\/wp\/v2\/media\/5188"}],"wp:attachment":[{"href":"https:\/\/antcube.shop\/da\/wp-json\/wp\/v2\/media?parent=4629"}],"wp:term":[{"taxonomy":"product_brand","embeddable":true,"href":"https:\/\/antcube.shop\/da\/wp-json\/wp\/v2\/product_brand?post=4629"},{"taxonomy":"product_cat","embeddable":true,"href":"https:\/\/antcube.shop\/da\/wp-json\/wp\/v2\/product_cat?post=4629"},{"taxonomy":"product_tag","embeddable":true,"href":"https:\/\/antcube.shop\/da\/wp-json\/wp\/v2\/product_tag?post=4629"}],"curies":[{"name":"wp","href":"https:\/\/api.w.org\/{rel}","templated":true}]}}