{"id":4627,"date":"2022-11-14T14:27:46","date_gmt":"2022-11-14T13:27:46","guid":{"rendered":"https:\/\/antcube.shop\/produkt\/antcube-ameisenfarm-l-30x30-stehend\/"},"modified":"2026-04-04T19:29:23","modified_gmt":"2026-04-04T17:29:23","slug":"antcube-ameisenfarm-l-30x30-stehend","status":"publish","type":"product","link":"https:\/\/antcube.shop\/da\/vare\/antcube-ameisenfarm-l-30x30-stehend\/","title":{"rendered":"ANTCUBE - myrefarm - L - 30\u00d730 - st\u00e5ende"},"content":{"rendered":"<p><strong>M\u00e5l (LxBxH):\u00a0<\/strong><br \/>\n330x60x300 mm<\/p>\n<p><strong>Materiale:<\/strong><br \/>\nFlydeglas, plast<\/p>\n<p><strong>Farve:<\/strong><br \/>\nkrystalklart<\/p>\n<p><strong>Indhold:<\/strong><br \/>\n1x ANTCUBE myrefarm - 20 mm pladeafstand.<br \/>\n1x d\u00e6kning af myretue L 30\u00d73<br \/>\n2x stik 4mm<\/p>\n<p><strong>forbindelse:<\/strong><br \/>\n2x 14\/16\/18\/20 x 20 mm stikd\u00e5se<br \/>\n2x 4mm huller med 4mm plugs<\/p>\n<p>14\/10 slangen inds\u00e6ttes i 14 mm fatningen med en t\u00e6t pasform<br \/>\n20\/16-r\u00f8ret er fastgjort p\u00e5 det f\u00f8rste 16 mm trin<br \/>\n22\/18 slange er t\u00e6t monteret p\u00e5 det andet 20 mm trin<br \/>\n24\/20-slange er l\u00f8st monteret p\u00e5 det andet 20 mm trin<\/p>\n<p><strong>Beskrivelse:<\/strong><br \/>\nDenne fuldt gennemsigtige myrefarm er egnet til myrearter i st\u00f8rrelse M.<\/p>\n<p><strong>Bem\u00e6rkninger om produktionen<\/strong><br \/>\nGlasset er sk\u00e5ret i henhold til DIN 1249 med en tolerance p\u00e5 +\/- 1 mm. Ved ekstremt sm\u00e5 myrearter er det n\u00f8dvendigt med en ekstra udbryderbeskyttelse.<\/p>\n<p><strong>Bem\u00e6rkninger om bedriften<\/strong><br \/>\nN\u00e5r du monterer eller fjerner slanger, skal du v\u00e6re opm\u00e6rksom p\u00e5 f\u00f8lgende:<br \/>\nHvis slangen er meget vanskelig at montere p\u00e5 forbindelsesb\u00f8sningen, skal b\u00f8sningen gnides let med en dr\u00e5be af vores beskyttelsesolie eller pulver til beskyttelse mod udbrud. Slangen skal derefter skubbes p\u00e5 b\u00f8sningen med drejende eller skruende bev\u00e6gelser uden at belaste b\u00f8sningen med op- og nedadg\u00e5ende bev\u00e6gelser. Det samme g\u00e6lder, n\u00e5r slangerne fjernes fra g\u00e5rdens tilslutningsb\u00f8sning. Der m\u00e5 ikke blot tr\u00e6kkes af!<\/p>","protected":false},"excerpt":{"rendered":"<p><strong>Forbindelse:<\/strong> Stikkontakt 2x 14\/16\/18\/20 mm + d\u00e6ksel <strong>Pladeafstand:<\/strong> Indvendig 20 mm \/ udvendig 28 mm<br \/>\n<strong>St\u00f8rrelse:<\/strong> <strong><span style=\"color: #0000ff;\">L<\/span><\/strong><\/p>","protected":false},"featured_media":5192,"comment_status":"open","ping_status":"closed","template":"","meta":{"_acf_changed":false,"content-type":"","_monsterinsights_skip_tracking":false,"_monsterinsights_sitenote_active":false,"_monsterinsights_sitenote_note":"","_monsterinsights_sitenote_category":0},"product_brand":[],"product_cat":[80,83],"product_tag":[],"class_list":{"0":"post-4627","1":"product","2":"type-product","3":"status-publish","4":"has-post-thumbnail","6":"product_cat-antfarms","7":"product_cat-antfarms-l","9":"first","10":"instock","11":"taxable","12":"shipping-taxable","13":"purchasable","14":"product-type-simple"},"acf":[],"aioseo_notices":[],"jetpack_sharing_enabled":true,"_links":{"self":[{"href":"https:\/\/antcube.shop\/da\/wp-json\/wp\/v2\/product\/4627","targetHints":{"allow":["GET"]}}],"collection":[{"href":"https:\/\/antcube.shop\/da\/wp-json\/wp\/v2\/product"}],"about":[{"href":"https:\/\/antcube.shop\/da\/wp-json\/wp\/v2\/types\/product"}],"replies":[{"embeddable":true,"href":"https:\/\/antcube.shop\/da\/wp-json\/wp\/v2\/comments?post=4627"}],"wp:featuredmedia":[{"embeddable":true,"href":"https:\/\/antcube.shop\/da\/wp-json\/wp\/v2\/media\/5192"}],"wp:attachment":[{"href":"https:\/\/antcube.shop\/da\/wp-json\/wp\/v2\/media?parent=4627"}],"wp:term":[{"taxonomy":"product_brand","embeddable":true,"href":"https:\/\/antcube.shop\/da\/wp-json\/wp\/v2\/product_brand?post=4627"},{"taxonomy":"product_cat","embeddable":true,"href":"https:\/\/antcube.shop\/da\/wp-json\/wp\/v2\/product_cat?post=4627"},{"taxonomy":"product_tag","embeddable":true,"href":"https:\/\/antcube.shop\/da\/wp-json\/wp\/v2\/product_tag?post=4627"}],"curies":[{"name":"wp","href":"https:\/\/api.w.org\/{rel}","templated":true}]}}