{"id":4625,"date":"2022-11-14T14:21:09","date_gmt":"2022-11-14T13:21:09","guid":{"rendered":"https:\/\/antcube.shop\/produkt\/acrylglas-xt-rohr-50-46mm-1m\/"},"modified":"2026-04-22T15:39:29","modified_gmt":"2026-04-22T13:39:29","slug":"acrylglas-xt-rohr-50-46mm-1m","status":"publish","type":"product","link":"https:\/\/antcube.shop\/da\/vare\/acrylglas-xt-rohr-50-46mm-1m\/","title":{"rendered":"Myreslange - krystalklar - 20mm - 1m"},"content":{"rendered":"<p><strong>Dimensioner:<\/strong> udvendig diameter 50 mm, l\u00e6ngde: 1m<\/p>\n<p><strong>Materiale:<\/strong> akrylglas<\/p>\n<p><strong>Farve:<\/strong> gennemsigtig, klar<\/p>\n<p><strong>Beskrivelse:<\/strong> Kan tilsluttes til formicariet via adaptere eller forbinde flere formicariums sammen.<\/p>\n<p><strong>Bem\u00e6rk:<\/strong> Af hensyn til emballagen kan 1 meter lange r\u00f8r sk\u00e6res i to dele og eventuelt bestilles med et tilsvarende stykke r\u00f8r. Hvis du under alle omst\u00e6ndigheder \u00f8nsker at f\u00e5 slangerne leveret som 1 meter lange r\u00f8r, skal dette v\u00e6lges som ekstraudstyr.<\/p>","protected":false},"excerpt":{"rendered":"<p>Dimensioner: udvendig diameter 50 mm, l\u00e6ngde: 1m Materiale: akrylglas Farve: gennemsigtig, klar Beskrivelse: Kan tilsluttes til formicariet via adaptere eller forbinde flere formicarier sammen. Bem\u00e6rk: Af hensyn til emballagen kan slangerne p\u00e5 1 meter sk\u00e6res i halve og eventuelt bestilles med et matchende stykke slange. Hvis du \u00f8nsker at have den","protected":false},"featured_media":5122,"comment_status":"open","ping_status":"closed","template":"","meta":{"_acf_changed":false,"content-type":"","_monsterinsights_skip_tracking":false,"_monsterinsights_sitenote_active":false,"_monsterinsights_sitenote_note":"","_monsterinsights_sitenote_category":0},"product_brand":[],"product_cat":[119,120],"product_tag":[],"class_list":{"0":"post-4625","1":"product","2":"type-product","3":"status-publish","4":"has-post-thumbnail","6":"product_cat-formicarium-components","7":"product_cat-hoses","9":"first","10":"instock","11":"taxable","12":"shipping-taxable","13":"purchasable","14":"product-type-simple"},"acf":[],"aioseo_notices":[],"jetpack_sharing_enabled":true,"_links":{"self":[{"href":"https:\/\/antcube.shop\/da\/wp-json\/wp\/v2\/product\/4625","targetHints":{"allow":["GET"]}}],"collection":[{"href":"https:\/\/antcube.shop\/da\/wp-json\/wp\/v2\/product"}],"about":[{"href":"https:\/\/antcube.shop\/da\/wp-json\/wp\/v2\/types\/product"}],"replies":[{"embeddable":true,"href":"https:\/\/antcube.shop\/da\/wp-json\/wp\/v2\/comments?post=4625"}],"wp:featuredmedia":[{"embeddable":true,"href":"https:\/\/antcube.shop\/da\/wp-json\/wp\/v2\/media\/5122"}],"wp:attachment":[{"href":"https:\/\/antcube.shop\/da\/wp-json\/wp\/v2\/media?parent=4625"}],"wp:term":[{"taxonomy":"product_brand","embeddable":true,"href":"https:\/\/antcube.shop\/da\/wp-json\/wp\/v2\/product_brand?post=4625"},{"taxonomy":"product_cat","embeddable":true,"href":"https:\/\/antcube.shop\/da\/wp-json\/wp\/v2\/product_cat?post=4625"},{"taxonomy":"product_tag","embeddable":true,"href":"https:\/\/antcube.shop\/da\/wp-json\/wp\/v2\/product_tag?post=4625"}],"curies":[{"name":"wp","href":"https:\/\/api.w.org\/{rel}","templated":true}]}}