{"id":4613,"date":"2022-11-01T18:09:28","date_gmt":"2022-11-01T17:09:28","guid":{"rendered":"https:\/\/antcube.shop\/produkt\/antcube-starter-set-vivarium-30x30x30-cube\/"},"modified":"2026-04-01T11:20:15","modified_gmt":"2026-04-01T09:20:15","slug":"plantcube-vivarium-20x20x20-biom","status":"publish","type":"product","link":"https:\/\/antcube.shop\/da\/vare\/plantcube-vivarium-20x20x20-biom\/","title":{"rendered":"PLANTCUBE - Vivarium 20x20x20 Biom"},"content":{"rendered":"<p><b>Indhold:<\/b><b><br \/>\n<\/b><span style=\"font-weight: 400;\">1x PLANTCUBE Vivarium 20x20x20 Biom<\/span><span style=\"font-weight: 400;\"><br \/>\n<\/span><span style=\"font-weight: 400;\">2x propper til 10 mm hul<\/span><\/p>\n<p><span style=\"font-weight: 400;\">Glasterning 20x20x20 cm med 2 x 27 mm hul i siden og 2 x 10 mm hul i siden<\/span><span style=\"font-weight: 400;\"><br \/>\n<\/span><span style=\"font-weight: 400;\">Det 27 mm store hul (midtpunkt) er 8,5 cm h\u00f8jt.\u00a0<\/span><\/p>\n<p><b>Dimensioner:<\/b><span style=\"font-weight: 400;\"> 200 x 200 x 200 mm; 4 mm glastykkelse<\/span><\/p>\n<p><b>Materiale:<\/b><span style=\"font-weight: 400;\"> floatglas<\/span><\/p>\n<p><b>\u00c5bninger i siden:<\/b><b><br \/>\n<\/b><span style=\"font-weight: 400;\">2x hul 27mm<\/span><span style=\"font-weight: 400;\"><br \/>\n<\/span><span style=\"font-weight: 400;\">2x hul 10mm<\/span><\/p>\n<p><span style=\"font-weight: 400;\">Med vores PLANTCUBE Vivariums kan du designe dit eget levende kunstv\u00e6rk til din stue. Du kan ogs\u00e5 holde sm\u00e5 dyr i en PLANTCUBE, s\u00e5 der er ingen gr\u00e6nser for din kreativitet.<\/span><\/p>\n<p><span style=\"font-weight: 400;\">Hvis du gerne vil vide mere om PLANTCUBE eller l\u00e6se vores trin-for-trin-guide til at indrette dit vivarium, kan du bes\u00f8ge f\u00f8lgende link: <a href=\"http:\/\/antcube.shop\/PLANTCUBE\">antcube.shop\/PLANTCUBE<\/a><\/span><\/p>\n<p><b>Tilpas din PLANTCUBE til dine egne eller dine planter og dyrs behov:<\/b><\/p>\n<p><span style=\"font-weight: 400;\">De to 10 mm huller p\u00e5 siden, der er placeret i 2 cm h\u00f8jde (midten) fra bunden, er til at dr\u00e6ne overskydende vand. Du kan f.eks. bruge vores gennemsigtige slange 10\/06 mm til at dr\u00e6ne vandet. De to 27 mm-huller kan enten lukkes med propper eller fungere som ekstra ventilation, n\u00e5r de er udstyret med gitterindsatser. Du kan endda forbinde to ops\u00e6tninger her via et akrylr\u00f8r. Hvis du har dyr i dit vivarium, kan de p\u00e5 den m\u00e5de frit bev\u00e6ge sig fra den ene opstilling til den anden.<\/span><\/p>\n<p><b>Hvordan forvandler du din PLANTCUBE til et bioaktivt \u00f8kosystem?<\/b><\/p>\n<p><b>Lav et dr\u00e6nlag:<\/b><\/p>\n<p><span style=\"font-weight: 400;\">For at st\u00f8tte dine planter skal du f\u00f8rst bygge et dr\u00e6nlag inde i dit vivarium. Vi anbefaler, at du bruger 2-3 cm lergranulat (4-8 mm), da det er let. S\u00f8rg for at vaske dem under rindende vand, f\u00f8r du l\u00e6gger dem i, for at fjerne st\u00f8v.\u00a0<\/span><\/p>\n<p><span style=\"font-weight: 400;\">Du kan l\u00e6gge et dr\u00e6nvlies oven p\u00e5 lergranulatet for at adskille dr\u00e6net fra underlaget.<\/span><\/p>\n<p><b>Hvilke planter og hvilken jord skal man bruge?<\/b><\/p>\n<p><span style=\"font-weight: 400;\">Det hele afh\u00e6nger af, hvilken type \"\u00f8kosystem\" du vil skabe. Hvis du vil bygge et \u00f8rken- eller rettere t\u00f8rve-vivarium, skal du bruge planter, der trives i det klima, og bruge den rette jord, som de kan lide at vokse i. For tropiske vivarier er det selvf\u00f8lgelig det samme. Pr\u00f8v at bruge planter fra lignende regioner og\/eller klimaer, s\u00e5 de alle klarer sig godt i samme type jord og klima. En god plantebutik b\u00f8r altid have oplysninger om det klima og den jord, der passer til de planter, de s\u00e6lger.<\/span><\/p>\n<p><b>Vigtigt:<\/b><span style=\"font-weight: 400;\"> Hvis du vil holde planter og dyr sammen, b\u00f8r du aldrig bruge planter, hvor du ikke ved, om de har v\u00e6ret i kontakt med g\u00f8dning eller pesticider. Brug kun planter fra terrariebutikker eller lignende, som er garanteret helt fri for pesticider og g\u00f8dning. Disse kan ellers f\u00f8re til, at dine dyr d\u00f8r.<\/span><\/p>\n<p><b>Indf\u00f8r et \"oprydningshold\" for at g\u00f8re dit vivarium bioaktivt<\/b><\/p>\n<p><b>Hvad er bioaktivt? <\/b><span style=\"font-weight: 400;\">Hvad er bioaktivt? Det er det t\u00e6tteste, du kommer p\u00e5 en selvforsynende ops\u00e6tning. Det handler om at tilf\u00f8re den rette jordblanding og organisk materiale, s\u00e5 der kan dannes en mikroflora og den n\u00f8dvendige mikrofauna til at skabe en n\u00e6ringscyklus i dit vivarium.<\/span><\/p>\n<p><span style=\"font-weight: 400;\">Vores tip: Tils\u00e6t altid sm\u00e5 dyr som springhaler og isopoder. De er ikke kun en god \"uendelig\" f\u00f8dekilde i sig selv, hvis du \u00f8nsker at holde andre dyr i dit vivarium. De lever is\u00e6r af skimmelsvampe, der kan dannes p\u00e5 grund af h\u00f8j luftfugtighed, og beriger jorden med n\u00e6ringsstoffer, som igen g\u00f8r det muligt for planterne at vokse sundt.<\/span><\/p>\n<p><span style=\"font-weight: 400;\">Tils\u00e6t noget tr\u00e6kul i din jord, som hj\u00e6lper mikroberne med at kolonisere den. Mos og korkbark eller hvidt r\u00e5ddent tr\u00e6 ud over bladaffald ser ikke kun naturligt ud i din ops\u00e6tning, de giver ogs\u00e5 n\u00e6ring til dit \"oprydningshold\", giver dem skjulesteder og ynglepladser og er nemme at nedbryde til n\u00e6ringsstoffer for dine planter.<\/span><\/p>\n<p><b>I naturen handler alt om balance<\/b><\/p>\n<p><span style=\"font-weight: 400;\">Det er dog ikke tilr\u00e5deligt at bruge bestemte arter af isopoder uden at tilf\u00f8je noget, der jager dem, da en isopodpopulation uden rovdyr som for eksempel myrer gerne l\u00f8ber l\u00f8bsk, og planterne i dit vivarium s\u00e5 hurtigt bliver en u\u00f8nsket f\u00f8dekilde. I naturen handler alt om balance.<\/span><\/p>\n<p><b>Yderligere information:<\/b><\/p>\n<p><span style=\"font-weight: 400;\">Glasset er sk\u00e5ret i henhold til DIN 1249 med en tolerance p\u00e5 +\/- 1 mm. Ved ekstremt sm\u00e5 myrearter er det n\u00f8dvendigt med en ekstra udbryderbeskyttelse.<\/span><\/p>","protected":false},"excerpt":{"rendered":"<p>Tilslutning: 2x boring 27 mm<br \/>\n2x boring 10 mm<\/p>","protected":false},"featured_media":12297,"comment_status":"open","ping_status":"closed","template":"","meta":{"_acf_changed":false,"content-type":"","_monsterinsights_skip_tracking":false,"_monsterinsights_sitenote_active":false,"_monsterinsights_sitenote_note":"","_monsterinsights_sitenote_category":0},"product_brand":[483],"product_cat":[341],"product_tag":[],"class_list":{"0":"post-4613","1":"product","2":"type-product","3":"status-publish","4":"has-post-thumbnail","6":"product_brand-plantcube","7":"product_cat-vivariums","9":"first","10":"instock","11":"taxable","12":"shipping-taxable","13":"purchasable","14":"product-type-simple"},"acf":[],"aioseo_notices":[],"jetpack_sharing_enabled":true,"_links":{"self":[{"href":"https:\/\/antcube.shop\/da\/wp-json\/wp\/v2\/product\/4613","targetHints":{"allow":["GET"]}}],"collection":[{"href":"https:\/\/antcube.shop\/da\/wp-json\/wp\/v2\/product"}],"about":[{"href":"https:\/\/antcube.shop\/da\/wp-json\/wp\/v2\/types\/product"}],"replies":[{"embeddable":true,"href":"https:\/\/antcube.shop\/da\/wp-json\/wp\/v2\/comments?post=4613"}],"wp:featuredmedia":[{"embeddable":true,"href":"https:\/\/antcube.shop\/da\/wp-json\/wp\/v2\/media\/12297"}],"wp:attachment":[{"href":"https:\/\/antcube.shop\/da\/wp-json\/wp\/v2\/media?parent=4613"}],"wp:term":[{"taxonomy":"product_brand","embeddable":true,"href":"https:\/\/antcube.shop\/da\/wp-json\/wp\/v2\/product_brand?post=4613"},{"taxonomy":"product_cat","embeddable":true,"href":"https:\/\/antcube.shop\/da\/wp-json\/wp\/v2\/product_cat?post=4613"},{"taxonomy":"product_tag","embeddable":true,"href":"https:\/\/antcube.shop\/da\/wp-json\/wp\/v2\/product_tag?post=4613"}],"curies":[{"name":"wp","href":"https:\/\/api.w.org\/{rel}","templated":true}]}}