{"id":4610,"date":"2022-11-01T18:08:42","date_gmt":"2022-11-01T17:08:42","guid":{"rendered":"https:\/\/antcube.shop\/produkt\/formicarienunterlage-30x30cm\/"},"modified":"2026-03-30T10:29:22","modified_gmt":"2026-03-30T08:29:22","slug":"formicarienunterlage-30x30cm","status":"publish","type":"product","link":"https:\/\/antcube.shop\/da\/vare\/formicarienunterlage-30x30cm\/","title":{"rendered":"Formicarium pude - 30x30cm"},"content":{"rendered":"<p><strong>Dimensioner:<\/strong> 300 x 300 x 4 mm<\/p>\n<p><strong>Materiale:<\/strong> PE-skum<\/p>\n<p><strong>Farve:<\/strong> gr\u00e5<\/p>\n<p><strong>Indhold:<\/strong> 1 stk.<\/p>\n<p><strong>Beskrivelse:<\/strong><br \/>\nFormicarium-puden er fremstillet af et bl\u00f8dt skummateriale.<br \/>\nDen beskytter b\u00e5de formicariet og det m\u00f8bel, som formicariet st\u00e5r p\u00e5, mod ridser.<br \/>\nDesuden tjener puden som varmeisolering for at kompensere for de mindste uj\u00e6vnheder og beskytter ogs\u00e5 mod vibrationer.<\/p>","protected":false},"excerpt":{"rendered":"<p>Dimensioner: M\u00e5l: 390 x 60 x 4 mm Materiale:: Materiale: PE-skum Farve: gr\u00e5 Indhold: Farve: 1 stk. Beskrivelse:: 1 stk: Formicarium puden er lavet af et bl\u00f8dt skummateriale. Den beskytter formicariet samt det m\u00f8bel, som formicariet st\u00e5r p\u00e5, mod ridser. Desuden tjener puden som varmeisolering for at kompensere for","protected":false},"featured_media":4803,"comment_status":"open","ping_status":"closed","template":"","meta":{"_acf_changed":false,"content-type":"","_monsterinsights_skip_tracking":false,"_monsterinsights_sitenote_active":false,"_monsterinsights_sitenote_note":"","_monsterinsights_sitenote_category":0},"product_brand":[],"product_cat":[239],"product_tag":[],"class_list":{"0":"post-4610","1":"product","2":"type-product","3":"status-publish","4":"has-post-thumbnail","6":"product_cat-useful-additions","8":"first","9":"instock","10":"taxable","11":"shipping-taxable","12":"purchasable","13":"product-type-simple"},"acf":[],"aioseo_notices":[],"jetpack_sharing_enabled":true,"_links":{"self":[{"href":"https:\/\/antcube.shop\/da\/wp-json\/wp\/v2\/product\/4610","targetHints":{"allow":["GET"]}}],"collection":[{"href":"https:\/\/antcube.shop\/da\/wp-json\/wp\/v2\/product"}],"about":[{"href":"https:\/\/antcube.shop\/da\/wp-json\/wp\/v2\/types\/product"}],"replies":[{"embeddable":true,"href":"https:\/\/antcube.shop\/da\/wp-json\/wp\/v2\/comments?post=4610"}],"wp:featuredmedia":[{"embeddable":true,"href":"https:\/\/antcube.shop\/da\/wp-json\/wp\/v2\/media\/4803"}],"wp:attachment":[{"href":"https:\/\/antcube.shop\/da\/wp-json\/wp\/v2\/media?parent=4610"}],"wp:term":[{"taxonomy":"product_brand","embeddable":true,"href":"https:\/\/antcube.shop\/da\/wp-json\/wp\/v2\/product_brand?post=4610"},{"taxonomy":"product_cat","embeddable":true,"href":"https:\/\/antcube.shop\/da\/wp-json\/wp\/v2\/product_cat?post=4610"},{"taxonomy":"product_tag","embeddable":true,"href":"https:\/\/antcube.shop\/da\/wp-json\/wp\/v2\/product_tag?post=4610"}],"curies":[{"name":"wp","href":"https:\/\/api.w.org\/{rel}","templated":true}]}}