{"id":4605,"date":"2022-11-01T18:07:07","date_gmt":"2022-11-01T17:07:07","guid":{"rendered":"https:\/\/antcube.shop\/produkt\/formicariengranulat-1000ml-schwarz\/"},"modified":"2026-04-13T10:48:57","modified_gmt":"2026-04-13T08:48:57","slug":"formicariengranulat-1000ml-schwarz","status":"publish","type":"product","link":"https:\/\/antcube.shop\/da\/vare\/formicariengranulat-1000ml-schwarz\/","title":{"rendered":"Formicarium granulat 1000ml - sort"},"content":{"rendered":"<p><strong>Indhold:<\/strong> 1000 ml (svarende til ~600 g)<\/p>\n<p><strong>Kornst\u00f8rrelse:<\/strong> 1 - 8 mm<\/p>\n<p><strong>Farve:<\/strong> sort<\/p>\n<p><strong>Grundmateriale:<\/strong> en s\u00e6rlig blanding af vulkanske sten af h\u00f8j kvalitet<\/p>\n<p><strong>Beskrivelse:<\/strong> Materialet holder p\u00e5 fugten og s\u00f8rger for en god luftning af jorden i formicariet, hvilket beskytter mod vandm\u00e6tning og r\u00e5d. Granulatlaget b\u00f8r anvendes ca. 1-2 cm som det laveste jordlag i en bedrift.<\/p>\n<p><strong>Egenskaber:<\/strong><br \/>\n- uorganisk, mineralsk produkt<br \/>\n- biologisk og kemisk neutral<br \/>\n- strukturelt stabil<br \/>\n- lagrer fugt<\/p>","protected":false},"excerpt":{"rendered":"<p>Til skov- eller regnskovssubstrat<\/p>","protected":false},"featured_media":5733,"comment_status":"open","ping_status":"closed","template":"","meta":{"_acf_changed":false,"content-type":"","_monsterinsights_skip_tracking":false,"_monsterinsights_sitenote_active":false,"_monsterinsights_sitenote_note":"","_monsterinsights_sitenote_category":0},"product_brand":[],"product_cat":[101,100,241],"product_tag":[],"class_list":{"0":"post-4605","1":"product","2":"type-product","3":"status-publish","4":"has-post-thumbnail","6":"product_cat-forest","7":"product_cat-rainforest","8":"product_cat-granules","10":"first","11":"instock","12":"taxable","13":"shipping-taxable","14":"purchasable","15":"product-type-simple"},"acf":[],"aioseo_notices":[],"jetpack_sharing_enabled":true,"_links":{"self":[{"href":"https:\/\/antcube.shop\/da\/wp-json\/wp\/v2\/product\/4605","targetHints":{"allow":["GET"]}}],"collection":[{"href":"https:\/\/antcube.shop\/da\/wp-json\/wp\/v2\/product"}],"about":[{"href":"https:\/\/antcube.shop\/da\/wp-json\/wp\/v2\/types\/product"}],"replies":[{"embeddable":true,"href":"https:\/\/antcube.shop\/da\/wp-json\/wp\/v2\/comments?post=4605"}],"wp:featuredmedia":[{"embeddable":true,"href":"https:\/\/antcube.shop\/da\/wp-json\/wp\/v2\/media\/5733"}],"wp:attachment":[{"href":"https:\/\/antcube.shop\/da\/wp-json\/wp\/v2\/media?parent=4605"}],"wp:term":[{"taxonomy":"product_brand","embeddable":true,"href":"https:\/\/antcube.shop\/da\/wp-json\/wp\/v2\/product_brand?post=4605"},{"taxonomy":"product_cat","embeddable":true,"href":"https:\/\/antcube.shop\/da\/wp-json\/wp\/v2\/product_cat?post=4605"},{"taxonomy":"product_tag","embeddable":true,"href":"https:\/\/antcube.shop\/da\/wp-json\/wp\/v2\/product_tag?post=4605"}],"curies":[{"name":"wp","href":"https:\/\/api.w.org\/{rel}","templated":true}]}}