{"id":4373,"date":"2022-06-20T09:12:57","date_gmt":"2022-06-20T07:12:57","guid":{"rendered":"https:\/\/antcube.shop\/produkt\/cricket-jam\/"},"modified":"2026-04-14T21:24:11","modified_gmt":"2026-04-14T19:24:11","slug":"cricket-jam-2","status":"publish","type":"product","link":"https:\/\/antcube.shop\/da\/vare\/cricket-jam-2\/","title":{"rendered":"Cricket Jam"},"content":{"rendered":"<p><strong>Nettov\u00e6gt:<\/strong> 25 g pr. glas<br \/>\nmosede og dampede f\u00e5rekyllinger<\/p>\n<p>enkelt indf\u00f8ring<\/p>\n<p><strong>Beskrivelse:<\/strong><br \/>\nVores blancherede f\u00e5rekyllinger er en nem m\u00e5de at give dine myrer frisk konserveret proteinfoder p\u00e5 uden at skulle fodre med levende insekter. De medf\u00f8lgende f\u00e5rekyllinger (Acheta domesticus) er blevet blancheret forsigtigt for at sikre, at n\u00e6ringsv\u00e6rdi, smag og aroma bevares. Desuden bl\u00f8dg\u00f8res insekternes kitinholdige skal p\u00e5 denne m\u00e5de, s\u00e5 den lettere kan ford\u00f8jes. Forbindelserne i de kollagene proteiner nedbrydes, s\u00e5 myrerne bedre kan udnytte dem. Acheta domesticus p\u00e5 d\u00e5se har samme n\u00e6ringsv\u00e6rdi som levende f\u00e5rekyllinger, men er lettere at ford\u00f8je. I mods\u00e6tning til frosne eller t\u00f8rrede f\u00e5rekyllinger, hvor omkring 60% protein g\u00e5r tabt, kan det indeholdte protein forarbejdes til n\u00e6sten 100%.<\/p>\n<p>Cricket Jam er ikke egnet til jagt p\u00e5 myrearter, der kr\u00e6ver levende f\u00f8de (f.eks. Ponerines (urmyrer) som Harpegnathos eller Odontomachus).<\/p>\n<p><strong>Andre fordele:<\/strong><\/p>\n<p>Garanteret fri for mider<\/p>\n<p>Kan portionsanvendes og fortyndes med vand.<\/p>\n<p>Steriliseret og vakuumiseret<br \/>\nUden tils\u00e6tningsstoffer<br \/>\nSyrlinger fra b\u00e6redygtig, rent biologisk opdr\u00e6t, fodret med organisk affald<\/p>\n<p><strong>Ern\u00e6ringsm\u00e6ssige oplysninger:<\/strong><br \/>\nR\u00e5protein: 20%<br \/>\nR\u00e5fedt: 7%<br \/>\nR\u00e5 fiber: 22%<br \/>\nAsk: 4%<br \/>\nFugt: 46%<\/p>\n<p><strong>Bem\u00e6rk:<\/strong><br \/>\nN\u00e5r de er \u00e5bnet, kan de holde sig i ca. fire dage i k\u00f8leskabet. L\u00e6ngere holdbarhed hvis de fryses ned.<br \/>\n<strong>Opm\u00e6rksomhed:<\/strong> Portion\u00e9r f\u00f8rst, og frys derefter ned.<\/p>","protected":false},"excerpt":{"rendered":"<p>Enkelt indf\u00f8ring<\/p>","protected":false},"featured_media":4378,"comment_status":"open","ping_status":"closed","template":"","meta":{"_acf_changed":false,"content-type":"","_monsterinsights_skip_tracking":false,"_monsterinsights_sitenote_active":false,"_monsterinsights_sitenote_note":"","_monsterinsights_sitenote_category":0},"product_brand":[],"product_cat":[257,115,116],"product_tag":[],"class_list":{"0":"post-4373","1":"product","2":"type-product","3":"status-publish","4":"has-post-thumbnail","6":"product_cat-new-innovatve-products","7":"product_cat-food-and-feeding","8":"product_cat-food","10":"first","11":"instock","12":"taxable","13":"shipping-taxable","14":"purchasable","15":"product-type-simple"},"acf":[],"aioseo_notices":[],"jetpack_sharing_enabled":true,"_links":{"self":[{"href":"https:\/\/antcube.shop\/da\/wp-json\/wp\/v2\/product\/4373","targetHints":{"allow":["GET"]}}],"collection":[{"href":"https:\/\/antcube.shop\/da\/wp-json\/wp\/v2\/product"}],"about":[{"href":"https:\/\/antcube.shop\/da\/wp-json\/wp\/v2\/types\/product"}],"replies":[{"embeddable":true,"href":"https:\/\/antcube.shop\/da\/wp-json\/wp\/v2\/comments?post=4373"}],"wp:featuredmedia":[{"embeddable":true,"href":"https:\/\/antcube.shop\/da\/wp-json\/wp\/v2\/media\/4378"}],"wp:attachment":[{"href":"https:\/\/antcube.shop\/da\/wp-json\/wp\/v2\/media?parent=4373"}],"wp:term":[{"taxonomy":"product_brand","embeddable":true,"href":"https:\/\/antcube.shop\/da\/wp-json\/wp\/v2\/product_brand?post=4373"},{"taxonomy":"product_cat","embeddable":true,"href":"https:\/\/antcube.shop\/da\/wp-json\/wp\/v2\/product_cat?post=4373"},{"taxonomy":"product_tag","embeddable":true,"href":"https:\/\/antcube.shop\/da\/wp-json\/wp\/v2\/product_tag?post=4373"}],"curies":[{"name":"wp","href":"https:\/\/api.w.org\/{rel}","templated":true}]}}