{"id":4343,"date":"2022-06-08T14:36:54","date_gmt":"2022-06-08T12:36:54","guid":{"rendered":"https:\/\/antcube.shop\/produkt\/naturbusch-auf-schieferplatte-gros\/"},"modified":"2025-10-19T15:15:12","modified_gmt":"2025-10-19T13:15:12","slug":"naturbusch-auf-schieferplatte-gros","status":"publish","type":"product","link":"https:\/\/antcube.shop\/da\/vare\/naturbusch-auf-schieferplatte-gros\/","title":{"rendered":"Ornamental busk"},"content":{"rendered":"<p>St\u00f8rrelse \/ h\u00f8jde 17 cm til 19 cm, diameter ~ 10 cm -12 cm, ideel til arenaer p\u00e5 30x30x30 cm og derover.<br \/>\nV\u00e6gten varierer fra 50 til 80 gram<\/p>\n<p>Dekorativ artikel, der best\u00e5r af en naturligt t\u00f8rret tr\u00e6busk og en base af syntetisk harpiks (bundplade).<br \/>\nDenne dekorative busk er h\u00e5ndlavet i Tyskland og er derfor kendetegnet ved b\u00e6redygtighed.<\/p>\n<p><strong>OBS:<\/strong> M\u00e5 ikke placeres i meget fugtige formicaria (over 60% luftfugtighed). Busken kan begynde at mugne. Med meget god ventilation kan busken placeres i mere fugtige formicariums.<\/p>\n<p>Nogle prydbuske kan ikke st\u00e5 oprejst i formicariet af sig selv p\u00e5 grund af h\u00f8jden. I dette tilf\u00e6lde hj\u00e6lper det at d\u00e6kke basen lidt med substrat eller placere produktet t\u00e6t p\u00e5 vinduerne udenfor.<\/p>\n<p><span data-text-color=\"alert\"><strong>VIGTIG NOTE OM ARTIKLEN:<\/strong><\/span><br \/>\nDa dette er et naturprodukt\/unikt produkt, er billederne her ikke helt identiske med den vare, du vil modtage. Der vil v\u00e6re variationer i st\u00f8rrelsen, formen og farven p\u00e5 minitr\u00e6et samt bundpladen af stenbrudsskifer. Vi garanterer kun den maksimale h\u00f8jde af varen.<\/p>\n<p>Ved at bestille denne vare accepterer og giver du dit samtykke til ovenst\u00e5ende mulige variationer af produktet i st\u00f8rrelse, form og farve p\u00e5 k\u00f8bstidspunktet.<\/p>","protected":false},"excerpt":{"rendered":"<p>St\u00f8rrelse: 17-19 cm h\u00f8j<\/p>","protected":false},"featured_media":6380,"comment_status":"open","ping_status":"closed","template":"","meta":{"_acf_changed":false,"content-type":"","_monsterinsights_skip_tracking":false,"_monsterinsights_sitenote_active":false,"_monsterinsights_sitenote_note":"","_monsterinsights_sitenote_category":0},"product_brand":[],"product_cat":[99,101,102],"product_tag":[],"class_list":{"0":"post-4343","1":"product","2":"type-product","3":"status-publish","4":"has-post-thumbnail","6":"product_cat-desert","7":"product_cat-forest","8":"product_cat-meadow","10":"first","11":"outofstock","12":"taxable","13":"shipping-taxable","14":"purchasable","15":"product-type-simple"},"acf":[],"aioseo_notices":[],"jetpack_sharing_enabled":true,"_links":{"self":[{"href":"https:\/\/antcube.shop\/da\/wp-json\/wp\/v2\/product\/4343","targetHints":{"allow":["GET"]}}],"collection":[{"href":"https:\/\/antcube.shop\/da\/wp-json\/wp\/v2\/product"}],"about":[{"href":"https:\/\/antcube.shop\/da\/wp-json\/wp\/v2\/types\/product"}],"replies":[{"embeddable":true,"href":"https:\/\/antcube.shop\/da\/wp-json\/wp\/v2\/comments?post=4343"}],"wp:featuredmedia":[{"embeddable":true,"href":"https:\/\/antcube.shop\/da\/wp-json\/wp\/v2\/media\/6380"}],"wp:attachment":[{"href":"https:\/\/antcube.shop\/da\/wp-json\/wp\/v2\/media?parent=4343"}],"wp:term":[{"taxonomy":"product_brand","embeddable":true,"href":"https:\/\/antcube.shop\/da\/wp-json\/wp\/v2\/product_brand?post=4343"},{"taxonomy":"product_cat","embeddable":true,"href":"https:\/\/antcube.shop\/da\/wp-json\/wp\/v2\/product_cat?post=4343"},{"taxonomy":"product_tag","embeddable":true,"href":"https:\/\/antcube.shop\/da\/wp-json\/wp\/v2\/product_tag?post=4343"}],"curies":[{"name":"wp","href":"https:\/\/api.w.org\/{rel}","templated":true}]}}