{"id":4342,"date":"2022-06-08T14:36:40","date_gmt":"2022-06-08T12:36:40","guid":{"rendered":"https:\/\/antcube.shop\/produkt\/naturbusch-auf-schieferplatte-klein\/"},"modified":"2026-04-06T16:26:17","modified_gmt":"2026-04-06T14:26:17","slug":"naturbusch-auf-schieferplatte-klein","status":"publish","type":"product","link":"https:\/\/antcube.shop\/da\/vare\/naturbusch-auf-schieferplatte-klein\/","title":{"rendered":"Naturbusk p\u00e5 skifer - Lille"},"content":{"rendered":"<p>St\u00f8rrelse \/ h\u00f8jde op til 9 cm, ideel til arenaer 20x20x10 cm.<br \/>\nV\u00e6gten varierer fra 200 til 600 gram<\/p>\n<p>Dekorativ artikel, der best\u00e5r af rent naturlige komponenter, fra en t\u00f8rret tr\u00e6busk og en skiferplade (bundplade). Begge er ubehandlede naturprodukter.<br \/>\nDette minitr\u00e6 er h\u00e5ndlavet i Tyskland og er derfor kendetegnet ved b\u00e6redygtighed.<\/p>\n<p><strong>OBS:<\/strong> M\u00e5 ikke placeres i meget fugtige formicaria (over 60% luftfugtighed). Busken kan begynde at mugne. Med meget god ventilation kan busken placeres i mere fugtige formicariums.<\/p>\n<p><strong>VIGTIG BEM\u00c6RKNING OM VAREN:<\/strong><br \/>\nDa dette er et naturprodukt\/unikt produkt, er billederne her ikke helt identiske med den vare, du vil modtage. Der vil v\u00e6re variationer i st\u00f8rrelsen, formen og farven p\u00e5 minitr\u00e6et samt bundpladen af stenbrudsskifer. Vi garanterer kun den maksimale h\u00f8jde af varen.<\/p>\n<p>Ved at bestille denne vare accepterer og giver du dit samtykke til ovenst\u00e5ende mulige variationer af produktet i st\u00f8rrelse, form og farve p\u00e5 k\u00f8bstidspunktet.<\/p>","protected":false},"excerpt":{"rendered":"<p>St\u00f8rrelse: 18x15x9<\/p>","protected":false},"featured_media":4355,"comment_status":"open","ping_status":"closed","template":"","meta":{"_acf_changed":false,"content-type":"","_monsterinsights_skip_tracking":false,"_monsterinsights_sitenote_active":false,"_monsterinsights_sitenote_note":"","_monsterinsights_sitenote_category":0},"product_brand":[],"product_cat":[99,101,102],"product_tag":[],"class_list":{"0":"post-4342","1":"product","2":"type-product","3":"status-publish","4":"has-post-thumbnail","6":"product_cat-desert","7":"product_cat-forest","8":"product_cat-meadow","10":"first","11":"instock","12":"taxable","13":"shipping-taxable","14":"purchasable","15":"product-type-simple"},"acf":[],"aioseo_notices":[],"jetpack_sharing_enabled":true,"_links":{"self":[{"href":"https:\/\/antcube.shop\/da\/wp-json\/wp\/v2\/product\/4342","targetHints":{"allow":["GET"]}}],"collection":[{"href":"https:\/\/antcube.shop\/da\/wp-json\/wp\/v2\/product"}],"about":[{"href":"https:\/\/antcube.shop\/da\/wp-json\/wp\/v2\/types\/product"}],"replies":[{"embeddable":true,"href":"https:\/\/antcube.shop\/da\/wp-json\/wp\/v2\/comments?post=4342"}],"wp:featuredmedia":[{"embeddable":true,"href":"https:\/\/antcube.shop\/da\/wp-json\/wp\/v2\/media\/4355"}],"wp:attachment":[{"href":"https:\/\/antcube.shop\/da\/wp-json\/wp\/v2\/media?parent=4342"}],"wp:term":[{"taxonomy":"product_brand","embeddable":true,"href":"https:\/\/antcube.shop\/da\/wp-json\/wp\/v2\/product_brand?post=4342"},{"taxonomy":"product_cat","embeddable":true,"href":"https:\/\/antcube.shop\/da\/wp-json\/wp\/v2\/product_cat?post=4342"},{"taxonomy":"product_tag","embeddable":true,"href":"https:\/\/antcube.shop\/da\/wp-json\/wp\/v2\/product_tag?post=4342"}],"curies":[{"name":"wp","href":"https:\/\/api.w.org\/{rel}","templated":true}]}}