{"id":4287,"date":"2022-04-28T15:49:09","date_gmt":"2022-04-28T13:49:09","guid":{"rendered":"https:\/\/antcube.shop\/produkt\/reagenzglaser-150x16-mm-10-st\/"},"modified":"2026-04-25T22:32:19","modified_gmt":"2026-04-25T20:32:19","slug":"reagenzglaser-150x16-mm-10-st-2","status":"publish","type":"product","link":"https:\/\/antcube.shop\/da\/vare\/reagenzglaser-150x16-mm-10-st-2\/","title":{"rendered":"Testglasr\u00f8r 150\u00d716 mm \/ 10 stk."},"content":{"rendered":"<p><b>St\u00f8rrelse:<\/b> 150\u00d716 mm<\/p>\n<p><strong>Kapacitet:<\/strong> 20 ml<\/p>\n<p><b>Beskrivelse:<\/b> Reagensglas af sodakalkglas, tykv\u00e6gget med tykke v\u00e6gge og kant. Kan bruges som redekammer i l\u00e6ngere tid ved at fylde 1\/3 med vand og forsegle det med absorberende bomuld. Ogs\u00e5 velegnet som transportbeholder.<\/p>","protected":false},"excerpt":{"rendered":"<p>St\u00f8rrelse: 150x16 mm\r\n\r\nKapacitet: 20 ml\r\n\r\nBeskrivelse:: Dobbeltglas med en diameter p\u00e5 20 ml: Reagensglas af sodakalkglas, tykv\u00e6gget med tykke v\u00e6gge og kant. Kan bruges som redekammer i l\u00e6ngere tid ved at fylde 1\/3 med vand og forsegle med absorberende bomuld. Ogs\u00e5 velegnet som transportbeholder.<\/p>","protected":false},"featured_media":4290,"comment_status":"open","ping_status":"closed","template":"","meta":{"_acf_changed":false,"content-type":"","_monsterinsights_skip_tracking":false,"_monsterinsights_sitenote_active":false,"_monsterinsights_sitenote_note":"","_monsterinsights_sitenote_category":0},"product_brand":[],"product_cat":[237],"product_tag":[],"class_list":{"0":"post-4287","1":"product","2":"type-product","3":"status-publish","4":"has-post-thumbnail","6":"product_cat-tools","8":"first","9":"instock","10":"taxable","11":"shipping-taxable","12":"purchasable","13":"product-type-simple"},"acf":[],"aioseo_notices":[],"jetpack_sharing_enabled":true,"_links":{"self":[{"href":"https:\/\/antcube.shop\/da\/wp-json\/wp\/v2\/product\/4287","targetHints":{"allow":["GET"]}}],"collection":[{"href":"https:\/\/antcube.shop\/da\/wp-json\/wp\/v2\/product"}],"about":[{"href":"https:\/\/antcube.shop\/da\/wp-json\/wp\/v2\/types\/product"}],"replies":[{"embeddable":true,"href":"https:\/\/antcube.shop\/da\/wp-json\/wp\/v2\/comments?post=4287"}],"wp:featuredmedia":[{"embeddable":true,"href":"https:\/\/antcube.shop\/da\/wp-json\/wp\/v2\/media\/4290"}],"wp:attachment":[{"href":"https:\/\/antcube.shop\/da\/wp-json\/wp\/v2\/media?parent=4287"}],"wp:term":[{"taxonomy":"product_brand","embeddable":true,"href":"https:\/\/antcube.shop\/da\/wp-json\/wp\/v2\/product_brand?post=4287"},{"taxonomy":"product_cat","embeddable":true,"href":"https:\/\/antcube.shop\/da\/wp-json\/wp\/v2\/product_cat?post=4287"},{"taxonomy":"product_tag","embeddable":true,"href":"https:\/\/antcube.shop\/da\/wp-json\/wp\/v2\/product_tag?post=4287"}],"curies":[{"name":"wp","href":"https:\/\/api.w.org\/{rel}","templated":true}]}}